{"id":899,"date":"2023-01-13T16:06:28","date_gmt":"2023-01-13T15:06:28","guid":{"rendered":"https:\/\/hotel-nymphe.de\/?page_id=899"},"modified":"2023-01-13T17:54:29","modified_gmt":"2023-01-13T16:54:29","slug":"rasender-roland","status":"publish","type":"page","link":"https:\/\/hotel-nymphe.de\/en\/rasender-roland\/","title":{"rendered":"Rasender Roland"},"content":{"rendered":"<h2>with nostalgic slowness \u2737 \u2737 \u2737<\/h2>\n<div class=\"subhead\">The rasende Roland<\/div>\n<p>The \"Rasende Roland\" is a narrow-gauge railway that is over 100 years old and is operated by steam. The historic railway still runs between Lauterbach Mole and G\u00f6hren. The route also passes through Binz. A trip with the \"Rasender Roland\", e.g. from Binz to G\u00f6hren, is a real experience. Not only the historic small railway but also the impressive and changing landscape will inspire you. Experience the island from its most beautiful side.\n\nTranslated with www.DeepL.com\/Translator (free version)<\/p>\n<p>Timetable and further information at:<br \/>\n<a href=\"http:\/\/ruegensche-baederbahn.de\/home.html\" target=\"_blank\" rel=\"noopener\">http:\/\/ruegensche-baederbahn.de\/home.html<\/a><\/p>\n<div class=\"distance\"><\/div>\n<h3>SIGHTS ALONG THE WAY:<\/h3>\n<p><strong>Seebad Prora<\/strong><\/p>\n<p>The seaside resort of Prora is known for the \"Colossus of R\u00fcgen\" - an architectural legacy of the \"Third Reich\". A seaside resort was to be built between the towns of Binz and Sassnitz where 20,000 people could holiday at the same time. The heart of the seaside resort was to be the approx. 4.5 km long building complex built between 1936 and 1939. Today, this gigantic building complex is used for various purposes. Among other things, it houses the Prora Documentation Centre and the permanent exhibition \"MACHTUrlaub - Das KdF-Seebad R\u00fcgen und die deutsche Volksgemeinschaft\".<\/p>\n<p>Further information under <a href=\"http:\/\/www.proradok.de\/\" target=\"_blank\" rel=\"noopener\">http:\/\/www.proradok.de\/<\/a><\/p>\n<div class=\"distance\"><\/div>\n<p><strong>Granitz Hunting Lodge<\/strong><\/p>\n<p>A popular destination on the island of R\u00fcgen is the Granitz Hunting Lodge in Binz, built between 1837 and 1846. In the middle of a lush forest landscape, directly on the Tempelberg in the south-east of the island of R\u00fcgen, the 38-metre high striking tower of the castle towers high and can be seen from afar. When visibility is good, you can see the whole of R\u00fcgen from the tower. It is not possible to reach the castle by car. Why not enjoy a romantic train ride on the narrow-gauge railway, or take a sporty bike ride? By bike or on foot, the distance between the hotel and the castle is approx. 4km.<\/p>\n<p>Further information on the Granitz Hunting Lodge in Binz at <a href=\"https:\/\/www.mv-schloesser.de\/de\/location\/schloss-granitz\/\" target=\"_blank\" rel=\"noopener\">https:\/\/www.mv-schloesser.de\/de\/location\/schloss-granitz\/<\/a><\/p>\n<div class=\"distance\"><\/div>","protected":false},"excerpt":{"rendered":"<p>mit nostalgischer Langsamkeit \u2737 \u2737 \u2737 \u2737 Der rasende Roland Der \u201eRasende Roland\u201c ist eine \u00fcber 100j\u00e4hrige Schmalspurbahn die mit Dampf betrieben wird. Die historische Bahn verkehrt auch heute zwischen Lauterbach Mole und G\u00f6hren. Die Strecke f\u00fchrt dabei auch \u00fcber Binz. Eine Fahrt mit dem \u201eRasenden Roland\u201c z.B. von Binz nach G\u00f6hren wird dabei zu [&hellip;]<\/p>","protected":false},"author":1,"featured_media":0,"parent":0,"menu_order":0,"comment_status":"closed","ping_status":"closed","template":"","meta":{"footnotes":""},"class_list":["post-899","page","type-page","status-publish","hentry"],"yoast_head":"<!-- This site is optimized with the Yoast SEO plugin v25.3.1 - https:\/\/yoast.com\/wordpress\/plugins\/seo\/ -->\n<title>Rasender Roland - nymphe strandhotels &amp; apartments<\/title>\n<meta name=\"robots\" content=\"index, follow, max-snippet:-1, max-image-preview:large, max-video-preview:-1\" \/>\n<link rel=\"canonical\" href=\"https:\/\/hotel-nymphe.de\/en\/rasender-roland\/\" \/>\n<meta property=\"og:locale\" content=\"en_GB\" \/>\n<meta property=\"og:type\" content=\"article\" \/>\n<meta property=\"og:title\" content=\"Rasender Roland - nymphe strandhotels &amp; apartments\" \/>\n<meta property=\"og:description\" content=\"mit nostalgischer Langsamkeit \u2737 \u2737 \u2737 \u2737 Der rasende Roland Der \u201eRasende Roland\u201c ist eine \u00fcber 100j\u00e4hrige Schmalspurbahn die mit Dampf betrieben wird. Die historische Bahn verkehrt auch heute zwischen Lauterbach Mole und G\u00f6hren. Die Strecke f\u00fchrt dabei auch \u00fcber Binz. Eine Fahrt mit dem \u201eRasenden Roland\u201c z.B. von Binz nach G\u00f6hren wird dabei zu [&hellip;]\" \/>\n<meta property=\"og:url\" content=\"https:\/\/hotel-nymphe.de\/en\/rasender-roland\/\" \/>\n<meta property=\"og:site_name\" content=\"nymphe strandhotels &amp; apartments\" \/>\n<meta property=\"article:modified_time\" content=\"2023-01-13T16:54:29+00:00\" \/>\n<meta name=\"twitter:card\" content=\"summary_large_image\" \/>\n<meta name=\"twitter:label1\" content=\"Estimated reading time\" \/>\n\t<meta name=\"twitter:data1\" content=\"2 minutes\" \/>\n<script type=\"application\/ld+json\" class=\"yoast-schema-graph\">{\"@context\":\"https:\/\/schema.org\",\"@graph\":[{\"@type\":\"WebPage\",\"@id\":\"https:\/\/hotel-nymphe.de\/rasender-roland\/\",\"url\":\"https:\/\/hotel-nymphe.de\/rasender-roland\/\",\"name\":\"Rasender Roland - nymphe strandhotels &amp; apartments\",\"isPartOf\":{\"@id\":\"https:\/\/hotel-nymphe.de\/#website\"},\"datePublished\":\"2023-01-13T15:06:28+00:00\",\"dateModified\":\"2023-01-13T16:54:29+00:00\",\"breadcrumb\":{\"@id\":\"https:\/\/hotel-nymphe.de\/rasender-roland\/#breadcrumb\"},\"inLanguage\":\"en-GB\",\"potentialAction\":[{\"@type\":\"ReadAction\",\"target\":[\"https:\/\/hotel-nymphe.de\/rasender-roland\/\"]}]},{\"@type\":\"BreadcrumbList\",\"@id\":\"https:\/\/hotel-nymphe.de\/rasender-roland\/#breadcrumb\",\"itemListElement\":[{\"@type\":\"ListItem\",\"position\":1,\"name\":\"Startseite\",\"item\":\"https:\/\/hotel-nymphe.de\/\"},{\"@type\":\"ListItem\",\"position\":2,\"name\":\"Rasender Roland\"}]},{\"@type\":\"WebSite\",\"@id\":\"https:\/\/hotel-nymphe.de\/#website\",\"url\":\"https:\/\/hotel-nymphe.de\/\",\"name\":\"nymphe strandhotels &amp; apartments\",\"description\":\"\",\"publisher\":{\"@id\":\"https:\/\/hotel-nymphe.de\/#organization\"},\"potentialAction\":[{\"@type\":\"SearchAction\",\"target\":{\"@type\":\"EntryPoint\",\"urlTemplate\":\"https:\/\/hotel-nymphe.de\/?s={search_term_string}\"},\"query-input\":{\"@type\":\"PropertyValueSpecification\",\"valueRequired\":true,\"valueName\":\"search_term_string\"}}],\"inLanguage\":\"en-GB\"},{\"@type\":\"Organization\",\"@id\":\"https:\/\/hotel-nymphe.de\/#organization\",\"name\":\"nymphe strandhotels &amp; apartments\",\"url\":\"https:\/\/hotel-nymphe.de\/\",\"logo\":{\"@type\":\"ImageObject\",\"inLanguage\":\"en-GB\",\"@id\":\"https:\/\/hotel-nymphe.de\/#\/schema\/logo\/image\/\",\"url\":\"https:\/\/hotel-nymphe.de\/wp-content\/uploads\/2022\/12\/cropped-logo_nymphe_frei.png\",\"contentUrl\":\"https:\/\/hotel-nymphe.de\/wp-content\/uploads\/2022\/12\/cropped-logo_nymphe_frei.png\",\"width\":240,\"height\":85,\"caption\":\"nymphe strandhotels &amp; apartments\"},\"image\":{\"@id\":\"https:\/\/hotel-nymphe.de\/#\/schema\/logo\/image\/\"}}]}<\/script>\n<!-- \/ Yoast SEO plugin. -->","yoast_head_json":{"title":"Rasender Roland - nymphe strandhotels &amp; apartments","robots":{"index":"index","follow":"follow","max-snippet":"max-snippet:-1","max-image-preview":"max-image-preview:large","max-video-preview":"max-video-preview:-1"},"canonical":"https:\/\/hotel-nymphe.de\/en\/rasender-roland\/","og_locale":"en_GB","og_type":"article","og_title":"Rasender Roland - nymphe strandhotels &amp; apartments","og_description":"mit nostalgischer Langsamkeit \u2737 \u2737 \u2737 \u2737 Der rasende Roland Der \u201eRasende Roland\u201c ist eine \u00fcber 100j\u00e4hrige Schmalspurbahn die mit Dampf betrieben wird. Die historische Bahn verkehrt auch heute zwischen Lauterbach Mole und G\u00f6hren. Die Strecke f\u00fchrt dabei auch \u00fcber Binz. Eine Fahrt mit dem \u201eRasenden Roland\u201c z.B. von Binz nach G\u00f6hren wird dabei zu [&hellip;]","og_url":"https:\/\/hotel-nymphe.de\/en\/rasender-roland\/","og_site_name":"nymphe strandhotels &amp; apartments","article_modified_time":"2023-01-13T16:54:29+00:00","twitter_card":"summary_large_image","twitter_misc":{"Estimated reading time":"2 minutes"},"schema":{"@context":"https:\/\/schema.org","@graph":[{"@type":"WebPage","@id":"https:\/\/hotel-nymphe.de\/rasender-roland\/","url":"https:\/\/hotel-nymphe.de\/rasender-roland\/","name":"Rasender Roland - nymphe strandhotels &amp; apartments","isPartOf":{"@id":"https:\/\/hotel-nymphe.de\/#website"},"datePublished":"2023-01-13T15:06:28+00:00","dateModified":"2023-01-13T16:54:29+00:00","breadcrumb":{"@id":"https:\/\/hotel-nymphe.de\/rasender-roland\/#breadcrumb"},"inLanguage":"en-GB","potentialAction":[{"@type":"ReadAction","target":["https:\/\/hotel-nymphe.de\/rasender-roland\/"]}]},{"@type":"BreadcrumbList","@id":"https:\/\/hotel-nymphe.de\/rasender-roland\/#breadcrumb","itemListElement":[{"@type":"ListItem","position":1,"name":"Startseite","item":"https:\/\/hotel-nymphe.de\/"},{"@type":"ListItem","position":2,"name":"Rasender Roland"}]},{"@type":"WebSite","@id":"https:\/\/hotel-nymphe.de\/#website","url":"https:\/\/hotel-nymphe.de\/","name":"nymphe strandhotels &amp; apartments","description":"","publisher":{"@id":"https:\/\/hotel-nymphe.de\/#organization"},"potentialAction":[{"@type":"SearchAction","target":{"@type":"EntryPoint","urlTemplate":"https:\/\/hotel-nymphe.de\/?s={search_term_string}"},"query-input":{"@type":"PropertyValueSpecification","valueRequired":true,"valueName":"search_term_string"}}],"inLanguage":"en-GB"},{"@type":"Organization","@id":"https:\/\/hotel-nymphe.de\/#organization","name":"nymphe strandhotels &amp; apartments","url":"https:\/\/hotel-nymphe.de\/","logo":{"@type":"ImageObject","inLanguage":"en-GB","@id":"https:\/\/hotel-nymphe.de\/#\/schema\/logo\/image\/","url":"https:\/\/hotel-nymphe.de\/wp-content\/uploads\/2022\/12\/cropped-logo_nymphe_frei.png","contentUrl":"https:\/\/hotel-nymphe.de\/wp-content\/uploads\/2022\/12\/cropped-logo_nymphe_frei.png","width":240,"height":85,"caption":"nymphe strandhotels &amp; apartments"},"image":{"@id":"https:\/\/hotel-nymphe.de\/#\/schema\/logo\/image\/"}}]}},"_links":{"self":[{"href":"https:\/\/hotel-nymphe.de\/en\/wp-json\/wp\/v2\/pages\/899","targetHints":{"allow":["GET"]}}],"collection":[{"href":"https:\/\/hotel-nymphe.de\/en\/wp-json\/wp\/v2\/pages"}],"about":[{"href":"https:\/\/hotel-nymphe.de\/en\/wp-json\/wp\/v2\/types\/page"}],"author":[{"embeddable":true,"href":"https:\/\/hotel-nymphe.de\/en\/wp-json\/wp\/v2\/users\/1"}],"replies":[{"embeddable":true,"href":"https:\/\/hotel-nymphe.de\/en\/wp-json\/wp\/v2\/comments?post=899"}],"version-history":[{"count":13,"href":"https:\/\/hotel-nymphe.de\/en\/wp-json\/wp\/v2\/pages\/899\/revisions"}],"predecessor-version":[{"id":914,"href":"https:\/\/hotel-nymphe.de\/en\/wp-json\/wp\/v2\/pages\/899\/revisions\/914"}],"wp:attachment":[{"href":"https:\/\/hotel-nymphe.de\/en\/wp-json\/wp\/v2\/media?parent=899"}],"curies":[{"name":"wp","href":"https:\/\/api.w.org\/{rel}","templated":true}]}}