{"id":800,"date":"2023-01-11T11:13:21","date_gmt":"2023-01-11T10:13:21","guid":{"rendered":"https:\/\/hotel-nymphe.de\/?page_id=800"},"modified":"2023-01-12T16:54:46","modified_gmt":"2023-01-12T15:54:46","slug":"binz-auf-ruegen","status":"publish","type":"page","link":"https:\/\/hotel-nymphe.de\/en\/binz-auf-ruegen\/","title":{"rendered":"Binz auf R\u00fcgen"},"content":{"rendered":"<h2>From seaside resort architecture to piers \u2737 \u2737 \u2737 \u2737<\/h2>\n<div class=\"subhead\">Binz - Baltic seaside resort with charm<\/div>\n<div class=\"special_content\">\nBinz is a true Baltic Sea bathing paradise in a sheltered location with a mild stimulating climate and weak surf. With almost 1,800 -1,900 hours of sunshine per year, Binz is one of the sunniest regions in Germany.<\/p>\n<p>Binz attracts thousands of holidaymakers from all over Europe with its wide, fine-sand beach and stone-free seabed, especially in the summer months. The cheerful flair of the magnificent spa architecture in the style of the imperial era (spa architecture), with beach promenade, white villas, spa square, pier and many pretty shops creates a great setting for a relaxing holiday - whatever the season.<\/p>\n<p>By bike or e-bike, you can discover the immediate surroundings in a very relaxed way, between the unspoilt landscape and the sophisticated spa architecture. One of the best-known and most prominent landmarks of Binz is certainly the \"new\" pier, which was ceremoniously inaugurated in 1994. It stretches 370 m out into the Baltic Sea and today serves as a pier for excursion boats, among other things.<\/p>\n<p>A very special highlight is certainly the ride on the Roland train, the steam locomotive-driven narrow-gauge railway across the island of R\u00fcgen. You cruise across the island at a comfortable 30 km\/h and can intensively enjoy the enchanting and varied landscape as well as the famous seaside resorts.<\/p>\n<p>As you can see, a holiday in Binz on R\u00fcgen has a lot to offer.<\/p>\n<\/div>\n<div class=\"highlight\">\n<h2>Many reasons speak for Binz<\/h2>\n<div class=\"subhead\">Experience Binz<\/div>\n<div class=\"inclusive_wrapper\"><div class=\"su-row\"><div class=\"su-column su-column-size-2-5\"><div class=\"su-column-inner su-u-clearfix su-u-trim\">\n<img loading=\"lazy\" decoding=\"async\" src=\"https:\/\/hotel-nymphe.de\/wp-content\/uploads\/2023\/01\/1_Binz-erleben.jpg\" alt=\"\" width=\"500\" height=\"319\" class=\"alignleft size-full wp-image-856\" srcset=\"https:\/\/hotel-nymphe.de\/wp-content\/uploads\/2023\/01\/1_Binz-erleben.jpg 500w, https:\/\/hotel-nymphe.de\/wp-content\/uploads\/2023\/01\/1_Binz-erleben-300x191.jpg 300w, https:\/\/hotel-nymphe.de\/wp-content\/uploads\/2023\/01\/1_Binz-erleben-18x12.jpg 18w\" sizes=\"auto, (max-width: 500px) 100vw, 500px\" \/><br \/>\n<\/div><\/div>\n<div class=\"su-column su-column-size-3-5 inclusive\"><div class=\"su-column-inner su-u-clearfix su-u-trim\">\n<ul>\n<li>a day on the fine white sandy beach is a must<\/li>\n<li>Up to 82 m high on the tree-top walk at the R\u00fcgen Natural Heritage Centre.<\/li>\n<li>almost infinitely far - Prora the Colossus of R\u00fcgen<\/li>\n<li>on into the past to Granitz Castle<\/li>\n<\/ul>\n<\/div><\/div><\/div>\n<\/p><\/div>\n<div class=\"clear\"><\/div>\n<p>Book a suitable room today and look forward to your next holiday in beautiful Binz on R\u00fcgen.<\/p>\n<p>&nbsp;<\/p>\n<div class=\"tobutton\"><a href=\"https:\/\/hotel-nymphe.de\/en\/zimmer-preise\/\">To our rooms<\/a><\/div>\n<p>&nbsp;<\/p>\n<p>&nbsp;<\/p>\n<\/div>","protected":false},"excerpt":{"rendered":"<p>Von B\u00e4derarchitektur bis Seebr\u00fccke \u2737 \u2737 \u2737 \u2737 Binz \u2013 Ostseebad mit Charme Binz ist ein wahres Ostsee-Badeparadies in gesch\u00fctzter Lage mit mildem Reizklima und schwacher Brandung, mit knapp 1.800 -1.900 Sonnenscheinstunden pro Jahr geh\u00f6rt Binz zu einer der sonnenreichsten Regionen Deutschlands. Binz zieht mit dem breiten feinsandigem Strand und steinfreiem Meeresgrund gerade in den [&hellip;]<\/p>","protected":false},"author":1,"featured_media":0,"parent":0,"menu_order":0,"comment_status":"closed","ping_status":"closed","template":"","meta":{"footnotes":""},"class_list":["post-800","page","type-page","status-publish","hentry"],"yoast_head":"<!-- This site is optimized with the Yoast SEO plugin v25.3.1 - https:\/\/yoast.com\/wordpress\/plugins\/seo\/ -->\n<title>Binz auf R\u00fcgen - nymphe strandhotels &amp; apartments<\/title>\n<meta name=\"robots\" content=\"index, follow, max-snippet:-1, max-image-preview:large, max-video-preview:-1\" \/>\n<link rel=\"canonical\" href=\"https:\/\/hotel-nymphe.de\/en\/binz-auf-ruegen\/\" \/>\n<meta property=\"og:locale\" content=\"en_GB\" \/>\n<meta property=\"og:type\" content=\"article\" \/>\n<meta property=\"og:title\" content=\"Binz auf R\u00fcgen - nymphe strandhotels &amp; apartments\" \/>\n<meta property=\"og:description\" content=\"Von B\u00e4derarchitektur bis Seebr\u00fccke \u2737 \u2737 \u2737 \u2737 Binz \u2013 Ostseebad mit Charme Binz ist ein wahres Ostsee-Badeparadies in gesch\u00fctzter Lage mit mildem Reizklima und schwacher Brandung, mit knapp 1.800 -1.900 Sonnenscheinstunden pro Jahr geh\u00f6rt Binz zu einer der sonnenreichsten Regionen Deutschlands. Binz zieht mit dem breiten feinsandigem Strand und steinfreiem Meeresgrund gerade in den [&hellip;]\" \/>\n<meta property=\"og:url\" content=\"https:\/\/hotel-nymphe.de\/en\/binz-auf-ruegen\/\" \/>\n<meta property=\"og:site_name\" content=\"nymphe strandhotels &amp; apartments\" \/>\n<meta property=\"article:modified_time\" content=\"2023-01-12T15:54:46+00:00\" \/>\n<meta property=\"og:image\" content=\"https:\/\/hotel-nymphe.de\/wp-content\/uploads\/2023\/01\/1_Binz-erleben.jpg\" \/>\n<meta name=\"twitter:card\" content=\"summary_large_image\" \/>\n<meta name=\"twitter:label1\" content=\"Estimated reading time\" \/>\n\t<meta name=\"twitter:data1\" content=\"2 minutes\" \/>\n<script type=\"application\/ld+json\" class=\"yoast-schema-graph\">{\"@context\":\"https:\/\/schema.org\",\"@graph\":[{\"@type\":\"WebPage\",\"@id\":\"https:\/\/hotel-nymphe.de\/binz-auf-ruegen\/\",\"url\":\"https:\/\/hotel-nymphe.de\/binz-auf-ruegen\/\",\"name\":\"Binz auf R\u00fcgen - nymphe strandhotels &amp; apartments\",\"isPartOf\":{\"@id\":\"https:\/\/hotel-nymphe.de\/#website\"},\"primaryImageOfPage\":{\"@id\":\"https:\/\/hotel-nymphe.de\/binz-auf-ruegen\/#primaryimage\"},\"image\":{\"@id\":\"https:\/\/hotel-nymphe.de\/binz-auf-ruegen\/#primaryimage\"},\"thumbnailUrl\":\"https:\/\/hotel-nymphe.de\/wp-content\/uploads\/2023\/01\/1_Binz-erleben.jpg\",\"datePublished\":\"2023-01-11T10:13:21+00:00\",\"dateModified\":\"2023-01-12T15:54:46+00:00\",\"breadcrumb\":{\"@id\":\"https:\/\/hotel-nymphe.de\/binz-auf-ruegen\/#breadcrumb\"},\"inLanguage\":\"en-GB\",\"potentialAction\":[{\"@type\":\"ReadAction\",\"target\":[\"https:\/\/hotel-nymphe.de\/binz-auf-ruegen\/\"]}]},{\"@type\":\"ImageObject\",\"inLanguage\":\"en-GB\",\"@id\":\"https:\/\/hotel-nymphe.de\/binz-auf-ruegen\/#primaryimage\",\"url\":\"https:\/\/hotel-nymphe.de\/wp-content\/uploads\/2023\/01\/1_Binz-erleben.jpg\",\"contentUrl\":\"https:\/\/hotel-nymphe.de\/wp-content\/uploads\/2023\/01\/1_Binz-erleben.jpg\"},{\"@type\":\"BreadcrumbList\",\"@id\":\"https:\/\/hotel-nymphe.de\/binz-auf-ruegen\/#breadcrumb\",\"itemListElement\":[{\"@type\":\"ListItem\",\"position\":1,\"name\":\"Startseite\",\"item\":\"https:\/\/hotel-nymphe.de\/\"},{\"@type\":\"ListItem\",\"position\":2,\"name\":\"Binz auf R\u00fcgen\"}]},{\"@type\":\"WebSite\",\"@id\":\"https:\/\/hotel-nymphe.de\/#website\",\"url\":\"https:\/\/hotel-nymphe.de\/\",\"name\":\"nymphe strandhotels &amp; apartments\",\"description\":\"\",\"publisher\":{\"@id\":\"https:\/\/hotel-nymphe.de\/#organization\"},\"potentialAction\":[{\"@type\":\"SearchAction\",\"target\":{\"@type\":\"EntryPoint\",\"urlTemplate\":\"https:\/\/hotel-nymphe.de\/?s={search_term_string}\"},\"query-input\":{\"@type\":\"PropertyValueSpecification\",\"valueRequired\":true,\"valueName\":\"search_term_string\"}}],\"inLanguage\":\"en-GB\"},{\"@type\":\"Organization\",\"@id\":\"https:\/\/hotel-nymphe.de\/#organization\",\"name\":\"nymphe strandhotels &amp; apartments\",\"url\":\"https:\/\/hotel-nymphe.de\/\",\"logo\":{\"@type\":\"ImageObject\",\"inLanguage\":\"en-GB\",\"@id\":\"https:\/\/hotel-nymphe.de\/#\/schema\/logo\/image\/\",\"url\":\"https:\/\/hotel-nymphe.de\/wp-content\/uploads\/2022\/12\/cropped-logo_nymphe_frei.png\",\"contentUrl\":\"https:\/\/hotel-nymphe.de\/wp-content\/uploads\/2022\/12\/cropped-logo_nymphe_frei.png\",\"width\":240,\"height\":85,\"caption\":\"nymphe strandhotels &amp; apartments\"},\"image\":{\"@id\":\"https:\/\/hotel-nymphe.de\/#\/schema\/logo\/image\/\"}}]}<\/script>\n<!-- \/ Yoast SEO plugin. -->","yoast_head_json":{"title":"Binz auf R\u00fcgen - nymphe strandhotels &amp; apartments","robots":{"index":"index","follow":"follow","max-snippet":"max-snippet:-1","max-image-preview":"max-image-preview:large","max-video-preview":"max-video-preview:-1"},"canonical":"https:\/\/hotel-nymphe.de\/en\/binz-auf-ruegen\/","og_locale":"en_GB","og_type":"article","og_title":"Binz auf R\u00fcgen - nymphe strandhotels &amp; apartments","og_description":"Von B\u00e4derarchitektur bis Seebr\u00fccke \u2737 \u2737 \u2737 \u2737 Binz \u2013 Ostseebad mit Charme Binz ist ein wahres Ostsee-Badeparadies in gesch\u00fctzter Lage mit mildem Reizklima und schwacher Brandung, mit knapp 1.800 -1.900 Sonnenscheinstunden pro Jahr geh\u00f6rt Binz zu einer der sonnenreichsten Regionen Deutschlands. Binz zieht mit dem breiten feinsandigem Strand und steinfreiem Meeresgrund gerade in den [&hellip;]","og_url":"https:\/\/hotel-nymphe.de\/en\/binz-auf-ruegen\/","og_site_name":"nymphe strandhotels &amp; apartments","article_modified_time":"2023-01-12T15:54:46+00:00","og_image":[{"url":"https:\/\/hotel-nymphe.de\/wp-content\/uploads\/2023\/01\/1_Binz-erleben.jpg","type":"","width":"","height":""}],"twitter_card":"summary_large_image","twitter_misc":{"Estimated reading time":"2 minutes"},"schema":{"@context":"https:\/\/schema.org","@graph":[{"@type":"WebPage","@id":"https:\/\/hotel-nymphe.de\/binz-auf-ruegen\/","url":"https:\/\/hotel-nymphe.de\/binz-auf-ruegen\/","name":"Binz auf R\u00fcgen - nymphe strandhotels &amp; apartments","isPartOf":{"@id":"https:\/\/hotel-nymphe.de\/#website"},"primaryImageOfPage":{"@id":"https:\/\/hotel-nymphe.de\/binz-auf-ruegen\/#primaryimage"},"image":{"@id":"https:\/\/hotel-nymphe.de\/binz-auf-ruegen\/#primaryimage"},"thumbnailUrl":"https:\/\/hotel-nymphe.de\/wp-content\/uploads\/2023\/01\/1_Binz-erleben.jpg","datePublished":"2023-01-11T10:13:21+00:00","dateModified":"2023-01-12T15:54:46+00:00","breadcrumb":{"@id":"https:\/\/hotel-nymphe.de\/binz-auf-ruegen\/#breadcrumb"},"inLanguage":"en-GB","potentialAction":[{"@type":"ReadAction","target":["https:\/\/hotel-nymphe.de\/binz-auf-ruegen\/"]}]},{"@type":"ImageObject","inLanguage":"en-GB","@id":"https:\/\/hotel-nymphe.de\/binz-auf-ruegen\/#primaryimage","url":"https:\/\/hotel-nymphe.de\/wp-content\/uploads\/2023\/01\/1_Binz-erleben.jpg","contentUrl":"https:\/\/hotel-nymphe.de\/wp-content\/uploads\/2023\/01\/1_Binz-erleben.jpg"},{"@type":"BreadcrumbList","@id":"https:\/\/hotel-nymphe.de\/binz-auf-ruegen\/#breadcrumb","itemListElement":[{"@type":"ListItem","position":1,"name":"Startseite","item":"https:\/\/hotel-nymphe.de\/"},{"@type":"ListItem","position":2,"name":"Binz auf R\u00fcgen"}]},{"@type":"WebSite","@id":"https:\/\/hotel-nymphe.de\/#website","url":"https:\/\/hotel-nymphe.de\/","name":"nymphe strandhotels &amp; apartments","description":"","publisher":{"@id":"https:\/\/hotel-nymphe.de\/#organization"},"potentialAction":[{"@type":"SearchAction","target":{"@type":"EntryPoint","urlTemplate":"https:\/\/hotel-nymphe.de\/?s={search_term_string}"},"query-input":{"@type":"PropertyValueSpecification","valueRequired":true,"valueName":"search_term_string"}}],"inLanguage":"en-GB"},{"@type":"Organization","@id":"https:\/\/hotel-nymphe.de\/#organization","name":"nymphe strandhotels &amp; apartments","url":"https:\/\/hotel-nymphe.de\/","logo":{"@type":"ImageObject","inLanguage":"en-GB","@id":"https:\/\/hotel-nymphe.de\/#\/schema\/logo\/image\/","url":"https:\/\/hotel-nymphe.de\/wp-content\/uploads\/2022\/12\/cropped-logo_nymphe_frei.png","contentUrl":"https:\/\/hotel-nymphe.de\/wp-content\/uploads\/2022\/12\/cropped-logo_nymphe_frei.png","width":240,"height":85,"caption":"nymphe strandhotels &amp; apartments"},"image":{"@id":"https:\/\/hotel-nymphe.de\/#\/schema\/logo\/image\/"}}]}},"_links":{"self":[{"href":"https:\/\/hotel-nymphe.de\/en\/wp-json\/wp\/v2\/pages\/800","targetHints":{"allow":["GET"]}}],"collection":[{"href":"https:\/\/hotel-nymphe.de\/en\/wp-json\/wp\/v2\/pages"}],"about":[{"href":"https:\/\/hotel-nymphe.de\/en\/wp-json\/wp\/v2\/types\/page"}],"author":[{"embeddable":true,"href":"https:\/\/hotel-nymphe.de\/en\/wp-json\/wp\/v2\/users\/1"}],"replies":[{"embeddable":true,"href":"https:\/\/hotel-nymphe.de\/en\/wp-json\/wp\/v2\/comments?post=800"}],"version-history":[{"count":21,"href":"https:\/\/hotel-nymphe.de\/en\/wp-json\/wp\/v2\/pages\/800\/revisions"}],"predecessor-version":[{"id":863,"href":"https:\/\/hotel-nymphe.de\/en\/wp-json\/wp\/v2\/pages\/800\/revisions\/863"}],"wp:attachment":[{"href":"https:\/\/hotel-nymphe.de\/en\/wp-json\/wp\/v2\/media?parent=800"}],"curies":[{"name":"wp","href":"https:\/\/api.w.org\/{rel}","templated":true}]}}