{"id":33,"date":"2022-12-01T14:03:36","date_gmt":"2022-12-01T13:03:36","guid":{"rendered":"https:\/\/hotel-nymphe.de\/?page_id=33"},"modified":"2024-01-30T17:30:13","modified_gmt":"2024-01-30T16:30:13","slug":"startseite","status":"publish","type":"page","link":"https:\/\/hotel-nymphe.de\/en\/startseite\/","title":{"rendered":"Home"},"content":{"rendered":"<div class=\"medium\">\n<div class=\"su-posts su-posts-default-loop home_top\">\n\n\t\n\t\t\n\t\t\t<div id=\"su-post-38\" class=\"su-post ht_single\">\n\t\t\t\t\n\t\t\t\t\t\t\t\t<div class=\"loop-post-thumb\">\n\t\t\t\t\t<a class=\"su-post-thumbnail\"><img loading=\"lazy\" decoding=\"async\" width=\"1104\" height=\"873\" src=\"https:\/\/hotel-nymphe.de\/wp-content\/uploads\/2022\/12\/Kollage_home_2.jpg\" class=\"attachment-full size-full wp-post-image\" alt=\"Nymphe Strandhotel in Binz auf R\u00fcgen - Zimmeransicht und ein Hinweis auf einen Aufenthalt mit Hund\" srcset=\"https:\/\/hotel-nymphe.de\/wp-content\/uploads\/2022\/12\/Kollage_home_2.jpg 1104w, https:\/\/hotel-nymphe.de\/wp-content\/uploads\/2022\/12\/Kollage_home_2-300x237.jpg 300w, https:\/\/hotel-nymphe.de\/wp-content\/uploads\/2022\/12\/Kollage_home_2-1024x810.jpg 1024w, https:\/\/hotel-nymphe.de\/wp-content\/uploads\/2022\/12\/Kollage_home_2-768x607.jpg 768w, https:\/\/hotel-nymphe.de\/wp-content\/uploads\/2022\/12\/Kollage_home_2-15x12.jpg 15w, https:\/\/hotel-nymphe.de\/wp-content\/uploads\/2022\/12\/Kollage_home_2-500x395.jpg 500w, https:\/\/hotel-nymphe.de\/wp-content\/uploads\/2022\/12\/Kollage_home_2-800x633.jpg 800w\" sizes=\"auto, (max-width: 1104px) 100vw, 1104px\" \/><\/a>\n\t\t\t\t<\/div>\n\t\t\t\t\t\t\t\t\n\t\t\t\t<!--<h2 class=\"su-post-title\"><a href=\"https:\/\/hotel-nymphe.de\/en\/38\/\">home_top<\/a><\/h2>-->\n\n\t\t\t\t<div class=\"su-post-excerpt-test\">\n\t\t\t\t\t<h2>Fantastic views \u2736 \u2736 \u2736 \u2736<\/h2>\n<div class=\"subhead\">A warm welcome<\/div>\n<div class=\"winter-rabatt\"><a href=\"https:\/\/hotel-nymphe.de\/en\/rabatt-aktion\/\">RABATT-AKTION<\/a><\/div>\n<p>The nymphe strandhotel &amp; flats is a relaxing place at any time of the year and ideal as a starting point for your excursions.<\/p>\n<p>In our bright and modern designed house we welcome you to spend the most beautiful days of the year. Whether in our restaurant with its wind-protected terrace and magnificent view of the Baltic Sea or in the wellness area with Finnish sauna, steam sauna and bio sauna.<\/p>\n<p>Let our team pamper you.<\/p>\n<p>We look forward to seeing you and invite you to stay.<\/p>\n<div class=\"bookbutton-start\"><a title=\"10% Winter Discount is only bookable by phone!\" href=\"https:\/\/hotel-nymphe.de\/en\/wbe\/?hotel=2341#searchresults\">Buchen Sie jetzt<\/a><\/div>\n\t\t\t\t<\/div>\n\n\t\t\t\t<!--\t\t\t\t\t<a href=\"https:\/\/hotel-nymphe.de\/en\/38\/#respond\" class=\"su-post-comments-link\">0 comments<\/a>\n\t\t\t\t-->\n\n\t\t\t<\/div>\n\n\t\t\n\t\n<\/div>\n<\/div>\n\n<h2 class=\"center\">You have the choice<\/h2>\n<div class=\"subhead_center\">A HOTEL FOR ALL SENSES<\/div>\n<div class=\"homeboxen\">\n<div class=\"inner\">\n<div class=\"boxleft\">\n<div class=\"eds-animate edsanimate-sis-hidden\" data-eds-entry-animation=\"fadeIn\" data-eds-entry-delay=\"0\" data-eds-entry-duration=\"0.5\" data-eds-entry-timing=\"linear\" data-eds-exit-animation=\"\" data-eds-exit-delay=\"\" data-eds-exit-duration=\"\" data-eds-exit-timing=\"\" data-eds-repeat-count=\"1\" data-eds-keep=\"yes\" data-eds-animate-on=\"scroll\" data-eds-scroll-offset=\"75\"><img loading=\"lazy\" decoding=\"async\" class=\"alignnone size-full wp-image-63\" src=\"https:\/\/hotel-nymphe.de\/wp-content\/uploads\/2022\/12\/0009.jpg\" alt=\"\" width=\"1200\" height=\"801\" srcset=\"https:\/\/hotel-nymphe.de\/wp-content\/uploads\/2022\/12\/0009.jpg 1200w, https:\/\/hotel-nymphe.de\/wp-content\/uploads\/2022\/12\/0009-300x200.jpg 300w, https:\/\/hotel-nymphe.de\/wp-content\/uploads\/2022\/12\/0009-1024x684.jpg 1024w, https:\/\/hotel-nymphe.de\/wp-content\/uploads\/2022\/12\/0009-768x513.jpg 768w\" sizes=\"auto, (max-width: 1200px) 100vw, 1200px\" \/><\/div>\n<div class=\"imagetext\"><a href=\"https:\/\/hotel-nymphe.de\/en\/zimmer-preise\/\">wohnen &amp; erholen \u00bb <\/a><\/div>\n<\/div>\n<div class=\"boxmiddle\">\n<div class=\"eds-animate edsanimate-sis-hidden\" data-eds-entry-animation=\"fadeIn\" data-eds-entry-delay=\"0.5\" data-eds-entry-duration=\"0.5\" data-eds-entry-timing=\"linear\" data-eds-exit-animation=\"\" data-eds-exit-delay=\"\" data-eds-exit-duration=\"\" data-eds-exit-timing=\"\" data-eds-repeat-count=\"1\" data-eds-keep=\"yes\" data-eds-animate-on=\"scroll\" data-eds-scroll-offset=\"75\"><img loading=\"lazy\" decoding=\"async\" class=\"alignnone size-full wp-image-69\" src=\"https:\/\/hotel-nymphe.de\/wp-content\/uploads\/2022\/12\/R016.jpg\" alt=\"\" width=\"1200\" height=\"800\" srcset=\"https:\/\/hotel-nymphe.de\/wp-content\/uploads\/2022\/12\/R016.jpg 1200w, https:\/\/hotel-nymphe.de\/wp-content\/uploads\/2022\/12\/R016-300x200.jpg 300w, https:\/\/hotel-nymphe.de\/wp-content\/uploads\/2022\/12\/R016-1024x683.jpg 1024w, https:\/\/hotel-nymphe.de\/wp-content\/uploads\/2022\/12\/R016-768x512.jpg 768w\" sizes=\"auto, (max-width: 1200px) 100vw, 1200px\" \/><\/div>\n<div class=\"imagetext\"><a href=\"https:\/\/hotel-nymphe.de\/en\/restaurant-strandluecke\/\">speisen &amp; genie\u00dfen \u00bb <\/a><\/div>\n<\/div>\n<div class=\"boxright\">\n<div class=\"eds-animate edsanimate-sis-hidden\" data-eds-entry-animation=\"fadeIn\" data-eds-entry-delay=\"1\" data-eds-entry-duration=\"0.5\" data-eds-entry-timing=\"linear\" data-eds-exit-animation=\"\" data-eds-exit-delay=\"\" data-eds-exit-duration=\"\" data-eds-exit-timing=\"\" data-eds-repeat-count=\"1\" data-eds-keep=\"yes\" data-eds-animate-on=\"scroll\" data-eds-scroll-offset=\"75\"><img loading=\"lazy\" decoding=\"async\" class=\"alignnone size-full wp-image-70\" src=\"https:\/\/hotel-nymphe.de\/wp-content\/uploads\/2022\/12\/S007.jpg\" alt=\"\" width=\"1200\" height=\"800\" srcset=\"https:\/\/hotel-nymphe.de\/wp-content\/uploads\/2022\/12\/S007.jpg 1200w, https:\/\/hotel-nymphe.de\/wp-content\/uploads\/2022\/12\/S007-300x200.jpg 300w, https:\/\/hotel-nymphe.de\/wp-content\/uploads\/2022\/12\/S007-1024x683.jpg 1024w, https:\/\/hotel-nymphe.de\/wp-content\/uploads\/2022\/12\/S007-768x512.jpg 768w\" sizes=\"auto, (max-width: 1200px) 100vw, 1200px\" \/><\/div>\n<div class=\"imagetext\"><a href=\"https:\/\/hotel-nymphe.de\/en\/wellness-oase\/\">entspannen &amp; wohlf\u00fchlen \u00bb <\/a><\/div>\n<\/div>\n<\/div>\n<\/div>\n<\/div>\n<div class=\"eds-animate edsanimate-sis-hidden\" data-eds-entry-animation=\"fadeIn\" data-eds-entry-delay=\"0\" data-eds-entry-duration=\"0.5\" data-eds-entry-timing=\"linear\" data-eds-exit-animation=\"\" data-eds-exit-delay=\"\" data-eds-exit-duration=\"\" data-eds-exit-timing=\"\" data-eds-repeat-count=\"1\" data-eds-keep=\"yes\" data-eds-animate-on=\"scroll\" data-eds-scroll-offset=\"75\">\n<div class=\"rabatt\">\n<p>Rabatt-Aktion<\/p>\n<div class=\"bookbutton\"><a>Book now<\/a><\/div>\n<\/div>\n<\/div>\n<div class=\"boximagetext_wrapper\">\n<div class=\"boximageleft\"><div class=\"eds-animate edsanimate-sis-hidden\" data-eds-entry-animation=\"fadeInLeft\" data-eds-entry-delay=\"0\" data-eds-entry-duration=\"0.5\" data-eds-entry-timing=\"ease-in\" data-eds-exit-animation=\"\" data-eds-exit-delay=\"\" data-eds-exit-duration=\"\" data-eds-exit-timing=\"\" data-eds-repeat-count=\"1\" data-eds-keep=\"yes\" data-eds-animate-on=\"scroll\" data-eds-scroll-offset=\"75\"><img loading=\"lazy\" decoding=\"async\" class=\"alignnone size-full wp-image-132\" src=\"https:\/\/hotel-nymphe.de\/wp-content\/uploads\/2022\/12\/seebad_binz_schmal.jpg\" alt=\"\" width=\"1200\" height=\"500\" srcset=\"https:\/\/hotel-nymphe.de\/wp-content\/uploads\/2022\/12\/seebad_binz_schmal.jpg 1200w, https:\/\/hotel-nymphe.de\/wp-content\/uploads\/2022\/12\/seebad_binz_schmal-300x125.jpg 300w, https:\/\/hotel-nymphe.de\/wp-content\/uploads\/2022\/12\/seebad_binz_schmal-1024x427.jpg 1024w, https:\/\/hotel-nymphe.de\/wp-content\/uploads\/2022\/12\/seebad_binz_schmal-768x320.jpg 768w, https:\/\/hotel-nymphe.de\/wp-content\/uploads\/2022\/12\/seebad_binz_schmal-500x208.jpg 500w, https:\/\/hotel-nymphe.de\/wp-content\/uploads\/2022\/12\/seebad_binz_schmal-800x333.jpg 800w\" sizes=\"auto, (max-width: 1200px) 100vw, 1200px\" \/><\/div><\/div>\n<div class=\"boxtextright\">\n<h2 class=\"boxtext\">Experience Binz<\/h2>\n<div class=\"subhead_boxtext\">A PERFECT DAY IN THE BALTIC SEASIDE RESORT OF BINZ ON R\u00dcGEN<\/div>\n<p>Binz is the largest seaside resort on the island of R\u00fcgen and, with 2.5 million overnight stays per year, certainly one of the most popular destinations for Germans.<\/p>\n<div class=\"weiterbutton\"><a>Read more<\/a><\/div>\n<\/div>\n<\/div>\n<div class=\"boximagetext_wrapper\">\n<div class=\"boxtextleft\">\n<h2 class=\"boxtext\">Always under steam<\/h2>\n<div class=\"subhead_boxtext\">With the \"Racing Roland\" over R\u00fcgen<\/div>\n<p>Binz is the largest seaside resort on the island of R\u00fcgen and, with 2.5 million overnight stays per year, certainly one of the most popular destinations for Germans.<\/p>\n<div class=\"weiterbutton\"><a>Read more<\/a><\/div>\n<\/div>\n<div class=\"boximageright\"><div class=\"eds-animate edsanimate-sis-hidden\" data-eds-entry-animation=\"fadeInRight\" data-eds-entry-delay=\"0\" data-eds-entry-duration=\"0.5\" data-eds-entry-timing=\"ease-in\" data-eds-exit-animation=\"\" data-eds-exit-delay=\"\" data-eds-exit-duration=\"\" data-eds-exit-timing=\"\" data-eds-repeat-count=\"1\" data-eds-keep=\"yes\" data-eds-animate-on=\"scroll\" data-eds-scroll-offset=\"75\"><img loading=\"lazy\" decoding=\"async\" class=\"alignnone size-full wp-image-130\" src=\"https:\/\/hotel-nymphe.de\/wp-content\/uploads\/2022\/12\/Rasender_Roland_schmal.jpg\" alt=\"\" width=\"1200\" height=\"500\" srcset=\"https:\/\/hotel-nymphe.de\/wp-content\/uploads\/2022\/12\/Rasender_Roland_schmal.jpg 1200w, https:\/\/hotel-nymphe.de\/wp-content\/uploads\/2022\/12\/Rasender_Roland_schmal-300x125.jpg 300w, https:\/\/hotel-nymphe.de\/wp-content\/uploads\/2022\/12\/Rasender_Roland_schmal-1024x427.jpg 1024w, https:\/\/hotel-nymphe.de\/wp-content\/uploads\/2022\/12\/Rasender_Roland_schmal-768x320.jpg 768w, https:\/\/hotel-nymphe.de\/wp-content\/uploads\/2022\/12\/Rasender_Roland_schmal-500x208.jpg 500w, https:\/\/hotel-nymphe.de\/wp-content\/uploads\/2022\/12\/Rasender_Roland_schmal-800x333.jpg 800w\" sizes=\"auto, (max-width: 1200px) 100vw, 1200px\" \/><\/div><\/div>\n<\/div>\n<div class=\"boximagetext_wrapper\">\n<div class=\"boximageleft\"><div class=\"eds-animate edsanimate-sis-hidden\" data-eds-entry-animation=\"fadeInLeft\" data-eds-entry-delay=\"0.3\" data-eds-entry-duration=\"0.5\" data-eds-entry-timing=\"ease-in\" data-eds-exit-animation=\"\" data-eds-exit-delay=\"\" data-eds-exit-duration=\"\" data-eds-exit-timing=\"\" data-eds-repeat-count=\"1\" data-eds-keep=\"yes\" data-eds-animate-on=\"scroll\" data-eds-scroll-offset=\"75\"><img loading=\"lazy\" decoding=\"async\" class=\"alignnone size-full wp-image-134\" src=\"https:\/\/hotel-nymphe.de\/wp-content\/uploads\/2022\/12\/urlaub_mit_hund.jpg\" alt=\"\" width=\"948\" height=\"396\" srcset=\"https:\/\/hotel-nymphe.de\/wp-content\/uploads\/2022\/12\/urlaub_mit_hund.jpg 948w, https:\/\/hotel-nymphe.de\/wp-content\/uploads\/2022\/12\/urlaub_mit_hund-300x125.jpg 300w, https:\/\/hotel-nymphe.de\/wp-content\/uploads\/2022\/12\/urlaub_mit_hund-768x321.jpg 768w, https:\/\/hotel-nymphe.de\/wp-content\/uploads\/2022\/12\/urlaub_mit_hund-500x209.jpg 500w, https:\/\/hotel-nymphe.de\/wp-content\/uploads\/2022\/12\/urlaub_mit_hund-800x334.jpg 800w\" sizes=\"auto, (max-width: 948px) 100vw, 948px\" \/><\/div><\/div>\n<div class=\"boxtextright\">\n<h2 class=\"boxtext\">On 2 and 4 legs<\/h2>\n<div class=\"subhead_boxtext\">Holiday with the dog in Binz<\/div>\n<p>Enjoy the most beautiful days of the year together with your dog. Binz is a true dog paradise with great beaches and more.<\/p>\n<div class=\"weiterbutton\"><a href=\"https:\/\/hotel-nymphe.de\/en\/hotel-2\/hunde-herzlich-willkommen\/\">Read more<\/a><\/div>\n<\/div>\n<\/div>\n<h2 class=\"center\">And now let the evening come to an end<\/h2>\n<div class=\"subhead_center\">Let us pamper you in our restaurant.<\/div>\n<div class=\"nk-awb\"  style=\" padding-top: 200px; padding-bottom: 200px; margin-top: 20px; margin-bottom: 20px;\">\n<p>\u2736 AUF EINEN SCH\u00d6NEN ABEND \u2736<\/p>\n<div class=\"nk-awb-wrap\" data-awb-type=\"image\" data-awb-image-background-size=\"cover\" data-awb-image-background-position=\"50% 50%\" data-awb-parallax=\"scroll\" data-awb-parallax-speed=\"0.5\" data-awb-parallax-mobile=\"true\"><div class=\"nk-awb-overlay\" style=\"background-color: rgba(0,0,0,0.35);\"><\/div><div  class=\"nk-awb-inner\"><img loading=\"lazy\" decoding=\"async\" width=\"1920\" height=\"1281\" src=\"https:\/\/hotel-nymphe.de\/wp-content\/uploads\/2022\/12\/Abendstimmung.jpg\" class=\"jarallax-img\" alt=\"\" style=\"object-position: 50% 50%;\" srcset=\"https:\/\/hotel-nymphe.de\/wp-content\/uploads\/2022\/12\/Abendstimmung.jpg 1920w, https:\/\/hotel-nymphe.de\/wp-content\/uploads\/2022\/12\/Abendstimmung-300x200.jpg 300w, https:\/\/hotel-nymphe.de\/wp-content\/uploads\/2022\/12\/Abendstimmung-1024x683.jpg 1024w, https:\/\/hotel-nymphe.de\/wp-content\/uploads\/2022\/12\/Abendstimmung-768x512.jpg 768w, https:\/\/hotel-nymphe.de\/wp-content\/uploads\/2022\/12\/Abendstimmung-1536x1025.jpg 1536w, https:\/\/hotel-nymphe.de\/wp-content\/uploads\/2022\/12\/Abendstimmung-500x334.jpg 500w, https:\/\/hotel-nymphe.de\/wp-content\/uploads\/2022\/12\/Abendstimmung-800x534.jpg 800w, https:\/\/hotel-nymphe.de\/wp-content\/uploads\/2022\/12\/Abendstimmung-1280x854.jpg 1280w, https:\/\/hotel-nymphe.de\/wp-content\/uploads\/2022\/12\/Abendstimmung-1200x801.jpg 1200w\" sizes=\"auto, (max-width: 1920px) 100vw, 1920px\" \/><\/div><\/div><\/div>","protected":false},"excerpt":{"rendered":"<p>Sie haben die Wahl EIN HOTEL F\u00dcR ALLE SINNE wohnen &amp; erholen \u00bb speisen &amp; genie\u00dfen \u00bb entspannen &amp; wohlf\u00fchlen \u00bb Rabatt-Aktion Jetzt buchen Binz erleben Ein perfekter Tag im Ostseebad Binz auf R\u00fcgen Binz ist das gr\u00f6\u00dfte Seebad der Insel R\u00fcgen und mit 2,5 Millionen \u00dcbernachtungen pro Jahr sicherlich auch eins der beliebtesten Reiseziele [&hellip;]<\/p>","protected":false},"author":1,"featured_media":0,"parent":0,"menu_order":0,"comment_status":"closed","ping_status":"closed","template":"templates\/template-start.php","meta":{"footnotes":""},"class_list":["post-33","page","type-page","status-publish","hentry"],"yoast_head":"<!-- This site is optimized with the Yoast SEO plugin v25.3.1 - https:\/\/yoast.com\/wordpress\/plugins\/seo\/ -->\n<title>Startseite - nymphe strandhotels &amp; apartments<\/title>\n<meta name=\"robots\" content=\"index, follow, max-snippet:-1, max-image-preview:large, max-video-preview:-1\" \/>\n<link rel=\"canonical\" href=\"https:\/\/hotel-nymphe.de\/en\/startseite\/\" \/>\n<meta property=\"og:locale\" content=\"en_GB\" \/>\n<meta property=\"og:type\" content=\"article\" \/>\n<meta property=\"og:title\" content=\"Startseite - nymphe strandhotels &amp; apartments\" \/>\n<meta property=\"og:description\" content=\"Sie haben die Wahl EIN HOTEL F\u00dcR ALLE SINNE wohnen &amp; erholen \u00bb speisen &amp; genie\u00dfen \u00bb entspannen &amp; wohlf\u00fchlen \u00bb Rabatt-Aktion Jetzt buchen Binz erleben Ein perfekter Tag im Ostseebad Binz auf R\u00fcgen Binz ist das gr\u00f6\u00dfte Seebad der Insel R\u00fcgen und mit 2,5 Millionen \u00dcbernachtungen pro Jahr sicherlich auch eins der beliebtesten Reiseziele [&hellip;]\" \/>\n<meta property=\"og:url\" content=\"https:\/\/hotel-nymphe.de\/en\/startseite\/\" \/>\n<meta property=\"og:site_name\" content=\"nymphe strandhotels &amp; apartments\" \/>\n<meta property=\"article:modified_time\" content=\"2024-01-30T16:30:13+00:00\" \/>\n<meta property=\"og:image\" content=\"https:\/\/hotel-nymphe.de\/wp-content\/uploads\/2022\/12\/0009.jpg\" \/>\n<meta name=\"twitter:card\" content=\"summary_large_image\" \/>\n<meta name=\"twitter:label1\" content=\"Estimated reading time\" \/>\n\t<meta name=\"twitter:data1\" content=\"4 minutes\" \/>\n<script type=\"application\/ld+json\" class=\"yoast-schema-graph\">{\"@context\":\"https:\/\/schema.org\",\"@graph\":[{\"@type\":\"WebPage\",\"@id\":\"https:\/\/hotel-nymphe.de\/startseite\/\",\"url\":\"https:\/\/hotel-nymphe.de\/startseite\/\",\"name\":\"Startseite - nymphe strandhotels &amp; apartments\",\"isPartOf\":{\"@id\":\"https:\/\/hotel-nymphe.de\/#website\"},\"primaryImageOfPage\":{\"@id\":\"https:\/\/hotel-nymphe.de\/startseite\/#primaryimage\"},\"image\":{\"@id\":\"https:\/\/hotel-nymphe.de\/startseite\/#primaryimage\"},\"thumbnailUrl\":\"https:\/\/hotel-nymphe.de\/wp-content\/uploads\/2022\/12\/0009.jpg\",\"datePublished\":\"2022-12-01T13:03:36+00:00\",\"dateModified\":\"2024-01-30T16:30:13+00:00\",\"breadcrumb\":{\"@id\":\"https:\/\/hotel-nymphe.de\/startseite\/#breadcrumb\"},\"inLanguage\":\"en-GB\",\"potentialAction\":[{\"@type\":\"ReadAction\",\"target\":[\"https:\/\/hotel-nymphe.de\/startseite\/\"]}]},{\"@type\":\"ImageObject\",\"inLanguage\":\"en-GB\",\"@id\":\"https:\/\/hotel-nymphe.de\/startseite\/#primaryimage\",\"url\":\"https:\/\/hotel-nymphe.de\/wp-content\/uploads\/2022\/12\/0009.jpg\",\"contentUrl\":\"https:\/\/hotel-nymphe.de\/wp-content\/uploads\/2022\/12\/0009.jpg\"},{\"@type\":\"BreadcrumbList\",\"@id\":\"https:\/\/hotel-nymphe.de\/startseite\/#breadcrumb\",\"itemListElement\":[{\"@type\":\"ListItem\",\"position\":1,\"name\":\"Startseite\",\"item\":\"https:\/\/hotel-nymphe.de\/\"},{\"@type\":\"ListItem\",\"position\":2,\"name\":\"Startseite\"}]},{\"@type\":\"WebSite\",\"@id\":\"https:\/\/hotel-nymphe.de\/#website\",\"url\":\"https:\/\/hotel-nymphe.de\/\",\"name\":\"nymphe strandhotels &amp; apartments\",\"description\":\"\",\"publisher\":{\"@id\":\"https:\/\/hotel-nymphe.de\/#organization\"},\"potentialAction\":[{\"@type\":\"SearchAction\",\"target\":{\"@type\":\"EntryPoint\",\"urlTemplate\":\"https:\/\/hotel-nymphe.de\/?s={search_term_string}\"},\"query-input\":{\"@type\":\"PropertyValueSpecification\",\"valueRequired\":true,\"valueName\":\"search_term_string\"}}],\"inLanguage\":\"en-GB\"},{\"@type\":\"Organization\",\"@id\":\"https:\/\/hotel-nymphe.de\/#organization\",\"name\":\"nymphe strandhotels &amp; apartments\",\"url\":\"https:\/\/hotel-nymphe.de\/\",\"logo\":{\"@type\":\"ImageObject\",\"inLanguage\":\"en-GB\",\"@id\":\"https:\/\/hotel-nymphe.de\/#\/schema\/logo\/image\/\",\"url\":\"https:\/\/hotel-nymphe.de\/wp-content\/uploads\/2022\/12\/cropped-logo_nymphe_frei.png\",\"contentUrl\":\"https:\/\/hotel-nymphe.de\/wp-content\/uploads\/2022\/12\/cropped-logo_nymphe_frei.png\",\"width\":240,\"height\":85,\"caption\":\"nymphe strandhotels &amp; apartments\"},\"image\":{\"@id\":\"https:\/\/hotel-nymphe.de\/#\/schema\/logo\/image\/\"}}]}<\/script>\n<!-- \/ Yoast SEO plugin. -->","yoast_head_json":{"title":"Startseite - nymphe strandhotels &amp; apartments","robots":{"index":"index","follow":"follow","max-snippet":"max-snippet:-1","max-image-preview":"max-image-preview:large","max-video-preview":"max-video-preview:-1"},"canonical":"https:\/\/hotel-nymphe.de\/en\/startseite\/","og_locale":"en_GB","og_type":"article","og_title":"Startseite - nymphe strandhotels &amp; apartments","og_description":"Sie haben die Wahl EIN HOTEL F\u00dcR ALLE SINNE wohnen &amp; erholen \u00bb speisen &amp; genie\u00dfen \u00bb entspannen &amp; wohlf\u00fchlen \u00bb Rabatt-Aktion Jetzt buchen Binz erleben Ein perfekter Tag im Ostseebad Binz auf R\u00fcgen Binz ist das gr\u00f6\u00dfte Seebad der Insel R\u00fcgen und mit 2,5 Millionen \u00dcbernachtungen pro Jahr sicherlich auch eins der beliebtesten Reiseziele [&hellip;]","og_url":"https:\/\/hotel-nymphe.de\/en\/startseite\/","og_site_name":"nymphe strandhotels &amp; apartments","article_modified_time":"2024-01-30T16:30:13+00:00","og_image":[{"url":"https:\/\/hotel-nymphe.de\/wp-content\/uploads\/2022\/12\/0009.jpg","type":"","width":"","height":""}],"twitter_card":"summary_large_image","twitter_misc":{"Estimated reading time":"4 minutes"},"schema":{"@context":"https:\/\/schema.org","@graph":[{"@type":"WebPage","@id":"https:\/\/hotel-nymphe.de\/startseite\/","url":"https:\/\/hotel-nymphe.de\/startseite\/","name":"Startseite - nymphe strandhotels &amp; apartments","isPartOf":{"@id":"https:\/\/hotel-nymphe.de\/#website"},"primaryImageOfPage":{"@id":"https:\/\/hotel-nymphe.de\/startseite\/#primaryimage"},"image":{"@id":"https:\/\/hotel-nymphe.de\/startseite\/#primaryimage"},"thumbnailUrl":"https:\/\/hotel-nymphe.de\/wp-content\/uploads\/2022\/12\/0009.jpg","datePublished":"2022-12-01T13:03:36+00:00","dateModified":"2024-01-30T16:30:13+00:00","breadcrumb":{"@id":"https:\/\/hotel-nymphe.de\/startseite\/#breadcrumb"},"inLanguage":"en-GB","potentialAction":[{"@type":"ReadAction","target":["https:\/\/hotel-nymphe.de\/startseite\/"]}]},{"@type":"ImageObject","inLanguage":"en-GB","@id":"https:\/\/hotel-nymphe.de\/startseite\/#primaryimage","url":"https:\/\/hotel-nymphe.de\/wp-content\/uploads\/2022\/12\/0009.jpg","contentUrl":"https:\/\/hotel-nymphe.de\/wp-content\/uploads\/2022\/12\/0009.jpg"},{"@type":"BreadcrumbList","@id":"https:\/\/hotel-nymphe.de\/startseite\/#breadcrumb","itemListElement":[{"@type":"ListItem","position":1,"name":"Startseite","item":"https:\/\/hotel-nymphe.de\/"},{"@type":"ListItem","position":2,"name":"Startseite"}]},{"@type":"WebSite","@id":"https:\/\/hotel-nymphe.de\/#website","url":"https:\/\/hotel-nymphe.de\/","name":"nymphe strandhotels &amp; apartments","description":"","publisher":{"@id":"https:\/\/hotel-nymphe.de\/#organization"},"potentialAction":[{"@type":"SearchAction","target":{"@type":"EntryPoint","urlTemplate":"https:\/\/hotel-nymphe.de\/?s={search_term_string}"},"query-input":{"@type":"PropertyValueSpecification","valueRequired":true,"valueName":"search_term_string"}}],"inLanguage":"en-GB"},{"@type":"Organization","@id":"https:\/\/hotel-nymphe.de\/#organization","name":"nymphe strandhotels &amp; apartments","url":"https:\/\/hotel-nymphe.de\/","logo":{"@type":"ImageObject","inLanguage":"en-GB","@id":"https:\/\/hotel-nymphe.de\/#\/schema\/logo\/image\/","url":"https:\/\/hotel-nymphe.de\/wp-content\/uploads\/2022\/12\/cropped-logo_nymphe_frei.png","contentUrl":"https:\/\/hotel-nymphe.de\/wp-content\/uploads\/2022\/12\/cropped-logo_nymphe_frei.png","width":240,"height":85,"caption":"nymphe strandhotels &amp; apartments"},"image":{"@id":"https:\/\/hotel-nymphe.de\/#\/schema\/logo\/image\/"}}]}},"_links":{"self":[{"href":"https:\/\/hotel-nymphe.de\/en\/wp-json\/wp\/v2\/pages\/33","targetHints":{"allow":["GET"]}}],"collection":[{"href":"https:\/\/hotel-nymphe.de\/en\/wp-json\/wp\/v2\/pages"}],"about":[{"href":"https:\/\/hotel-nymphe.de\/en\/wp-json\/wp\/v2\/types\/page"}],"author":[{"embeddable":true,"href":"https:\/\/hotel-nymphe.de\/en\/wp-json\/wp\/v2\/users\/1"}],"replies":[{"embeddable":true,"href":"https:\/\/hotel-nymphe.de\/en\/wp-json\/wp\/v2\/comments?post=33"}],"version-history":[{"count":111,"href":"https:\/\/hotel-nymphe.de\/en\/wp-json\/wp\/v2\/pages\/33\/revisions"}],"predecessor-version":[{"id":1084,"href":"https:\/\/hotel-nymphe.de\/en\/wp-json\/wp\/v2\/pages\/33\/revisions\/1084"}],"wp:attachment":[{"href":"https:\/\/hotel-nymphe.de\/en\/wp-json\/wp\/v2\/media?parent=33"}],"curies":[{"name":"wp","href":"https:\/\/api.w.org\/{rel}","templated":true}]}}