{"id":187,"date":"2022-12-16T09:36:38","date_gmt":"2022-12-16T08:36:38","guid":{"rendered":"https:\/\/hotel-nymphe.de\/?page_id=187"},"modified":"2025-11-21T13:05:55","modified_gmt":"2025-11-21T12:05:55","slug":"preisuebersicht","status":"publish","type":"page","link":"https:\/\/hotel-nymphe.de\/en\/preisuebersicht\/","title":{"rendered":"Price overview"},"content":{"rendered":"<h2>Plan your holiday \u2737 \u2737 \u2737 \u2737<\/h2>\n<h2 class=\"subhead\"><a href=\"https:\/\/hotel-nymphe.de\/en\/wbe\/?hotel=2341#startpage\">Hier klicken: Preisliste 2025<\/a><\/h2>\n<div class=\"su-table preistabelle su-table-responsive su-table-alternate\"><\/div>\n<p>\u2714 Die genannten Preise verstehen sich pro Zimmer &amp; Nacht f\u00fcr die gebuchte Personenanzahl inkl. oder exkl. Fr\u00fchst\u00fcck (je nach Auswahl), Wellnessnutzung, kostenfreies Wlan &amp; Hotelservice<\/p>\n<p>&nbsp;<\/p>\n<p>\u2714 Alle Zimmerkategorien sind jeweils auch *zur Einzelnutzung bzw. in 3er- (ab Kategorie Komfortzimmer mit Balkon) oder 4er Belegung (ab Kategorie Juniorapartment mit Balkon) buchbar<\/p>\n<p>(Preise auf Anfrage oder \u00fcber die Homepage buchbar)<\/p>\n<p>&nbsp;<\/p>\n<p>\u2714 Die ab -Preise beziehen sich auf die Unterscheidung bez\u00fcglich der Lage oder Ausstattung in der jeweiligen Zimmerkategorien (z.b. mit oder ohne Balkon, See-oder Landseite, Gr\u00f6\u00dfe etc.)<br \/>\nBelegung von mehr als 2 Personen in allen Apartments &amp; Suiten m\u00f6glich, je 25 % vom Zimmerpreis bei 3. &amp; 4. Erwachsenen Person. Die Kinderpreise finden Sie unten.<\/p>\n<p>&nbsp;<\/p>\n<p>\u2714 An allen Feier-, sowie Br\u00fcckentagen gilt in s\u00e4mtlichen Zimmerkategorien ein Mindestaufenthalt von 3 \u00dcbernachtungen.<\/p>\n<h2>We have also thought of our little ones \u2737 \u2737 \u2737 \u2737<\/h2>\n<div class=\"subhead\">Overnight prices for children and young people<\/div>\n<p>\u2714 Jedes Kind bis einschlie\u00dflich 3 Jahre ist kostenfrei (nach Wunsch Bereitstellung eines Babybettchens 10,- \u20ac pro Nacht)<\/p>\n<p>\u2714 Jedes Kind ab 4 Jahre bis einschl. 5 Jahre zahlt pauschal EUR 25 \u20ac\u00a0 pro Nacht (nach Wunsch Bereitstellung eines Zustellbettes ab Kategorie Komfortzimmer)<\/p>\n<p>\u2714 Jedes Kind ab 6 Jahre bis einschl. 11 Jahre zahlt 20% des \u00dcbernachtungspreises in einem Zustellbett (Komfortzimmer) oder auf der Schlafcouch (Apartments &amp; Suiten)<\/p>\n<p>\u2714 Jeder Gast ab 12 Jahre zahlt 25% des \u00dcbernachtungspreises in einem Zustellbett (Komfortzimmer) oder auf der Schlafcouch (Apartments &amp; Suiten)<\/p>\n<p>\u2714 Extra bed possible on the sofa bed in the living area for up to 2 additional people in the flat or suite<\/p>\n<p>\u2714 Provision of an extra bed in the comfort room<\/p>\n<h2>And the best friend comes along \u2737 \u2737 \u2737 \u2737<\/h2>\n<div class=\"subhead\">Four-legged friends - welcome!<\/div>\n<div class=\"su-row\"><div class=\"su-column su-column-size-1-3\"><div class=\"su-column-inner su-u-clearfix su-u-trim\">\n<img loading=\"lazy\" decoding=\"async\" class=\"alignleft wp-image-748\" src=\"https:\/\/hotel-nymphe.de\/wp-content\/uploads\/2023\/01\/phoebe_hotelbild.jpg\" alt=\"\" width=\"450\" height=\"287\" srcset=\"https:\/\/hotel-nymphe.de\/wp-content\/uploads\/2023\/01\/phoebe_hotelbild.jpg 500w, https:\/\/hotel-nymphe.de\/wp-content\/uploads\/2023\/01\/phoebe_hotelbild-300x191.jpg 300w, https:\/\/hotel-nymphe.de\/wp-content\/uploads\/2023\/01\/phoebe_hotelbild-18x12.jpg 18w\" sizes=\"auto, (max-width: 450px) 100vw, 450px\" \/><br \/>\n<\/div><\/div>\n<div class=\"su-column su-column-size-2-3\"><div class=\"su-column-inner su-u-clearfix su-u-trim\">\n<div class=\"rightcolumn\">\n<p><strong>Not only our\u00a0guests with two legs\u00a0are WELCOME, but also your dear companions on four paws ...<\/strong>At the \"nymphe strandhotel &amp; flats\" everyone feels PUDEL-well!<\/p>\n<p>Your furry friend(s) will receive their own welcome package in the room (from 2 nights) and after a long nap in the dog basket provided (with blanket, towel &amp; bowl), they are also welcome to accompany you to breakfast or in the evening to our restaurant &amp; bar \"Strandl\u00fccke\".<\/p>\n<p><strong>Preis pro Nacht\/ Hund: 22,00 \u20ac<\/strong><\/p>\n<\/div>\n<\/div><\/div><\/div>\n<h2>So that the car doesn't get a raw deal either \u2737 \u2737 \u2737<\/h2>\n<div class=\"subhead\">Our underground car park<\/div>\n<div class=\"su-row\"><div class=\"su-column su-column-size-1-3\"><div class=\"su-column-inner su-u-clearfix su-u-trim\">\n<img loading=\"lazy\" decoding=\"async\" class=\"alignleft wp-image-318\" src=\"https:\/\/hotel-nymphe.de\/wp-content\/uploads\/2022\/12\/Bild-TG.jpg\" alt=\"\" width=\"450\" height=\"253\" srcset=\"https:\/\/hotel-nymphe.de\/wp-content\/uploads\/2022\/12\/Bild-TG.jpg 1200w, https:\/\/hotel-nymphe.de\/wp-content\/uploads\/2022\/12\/Bild-TG-300x169.jpg 300w, https:\/\/hotel-nymphe.de\/wp-content\/uploads\/2022\/12\/Bild-TG-1024x576.jpg 1024w, https:\/\/hotel-nymphe.de\/wp-content\/uploads\/2022\/12\/Bild-TG-768x432.jpg 768w, https:\/\/hotel-nymphe.de\/wp-content\/uploads\/2022\/12\/Bild-TG-18x10.jpg 18w, https:\/\/hotel-nymphe.de\/wp-content\/uploads\/2022\/12\/Bild-TG-500x281.jpg 500w, https:\/\/hotel-nymphe.de\/wp-content\/uploads\/2022\/12\/Bild-TG-800x450.jpg 800w\" sizes=\"auto, (max-width: 450px) 100vw, 450px\" \/><br \/>\n<\/div><\/div>\n<div class=\"su-column su-column-size-2-3\"><div class=\"su-column-inner su-u-clearfix su-u-trim\">\n<div class=\"rightcolumn\">\n<p>In order to be able to make a binding reservation for a parking space in our underground car park, we require the vehicle height and length in advance (number 18 + 20 in the vehicle documents).<\/p>\n<p><strong>13,00 \u20ac pro Stellplatz\/ Nacht<\/strong><\/p>\n<p><strong>\u203a<\/strong> due to limited capacity we recommend pre-booking!<\/p>\n<p><strong>\u203a\u203a<\/strong> max. height of 1.85m, max. length 5.00m (paternoster system)<\/p>\n<\/div>\n<\/div><\/div><\/div>\n<h2>Thank you for your loyalty \u2737 \u2737 \u2737 \u2737<\/h2>\n<div class=\"subhead\">Our regulars<\/div>\n<div class=\"su-row\"><div class=\"su-column su-column-size-1-3\"><div class=\"su-column-inner su-u-clearfix su-u-trim\">\n<img loading=\"lazy\" decoding=\"async\" class=\"alignleft wp-image-762\" src=\"https:\/\/hotel-nymphe.de\/wp-content\/uploads\/2023\/01\/rezeption_2.jpg\" alt=\"\" width=\"450\" height=\"287\" srcset=\"https:\/\/hotel-nymphe.de\/wp-content\/uploads\/2023\/01\/rezeption_2.jpg 500w, https:\/\/hotel-nymphe.de\/wp-content\/uploads\/2023\/01\/rezeption_2-300x191.jpg 300w, https:\/\/hotel-nymphe.de\/wp-content\/uploads\/2023\/01\/rezeption_2-18x12.jpg 18w\" sizes=\"auto, (max-width: 450px) 100vw, 450px\" \/><br \/>\n<\/div><\/div>\n<div class=\"su-column su-column-size-2-3\"><div class=\"su-column-inner su-u-clearfix su-u-trim\">\n<div class=\"rightcolumn\">\n<p>Loyal guests are the heart of every business and it is precisely for this reason that we would like to thank you today. You have already been a guest in our house at least twice?<\/p>\n<p>Then you will now be rewarded for your loyalty:<\/p>\n<p><strong>You will receive a 5 % discount for your next stay on all overnight stays in our house (except arrangements and special offers)!<\/strong><\/p>\n<p>The regular guest discount does not apply to group reservations or when booking several rooms, only to that of the reserving regular guest.<\/p>\n<\/div>\n<\/div><\/div><\/div>","protected":false},"excerpt":{"rendered":"<p>Planen Sie Ihren Urlaub \u2737 \u2737 \u2737 \u2737 Hier klicken: Preisliste 2025 \u2714 Die genannten Preise verstehen sich pro Zimmer &amp; Nacht f\u00fcr die gebuchte Personenanzahl inkl. oder exkl. Fr\u00fchst\u00fcck (je nach Auswahl), Wellnessnutzung, kostenfreies Wlan &amp; Hotelservice &nbsp; \u2714 Alle Zimmerkategorien sind jeweils auch *zur Einzelnutzung bzw. in 3er- (ab Kategorie Komfortzimmer mit Balkon) [&hellip;]<\/p>","protected":false},"author":1,"featured_media":0,"parent":0,"menu_order":0,"comment_status":"closed","ping_status":"closed","template":"","meta":{"footnotes":""},"class_list":["post-187","page","type-page","status-publish","hentry"],"yoast_head":"<!-- This site is optimized with the Yoast SEO plugin v25.3.1 - https:\/\/yoast.com\/wordpress\/plugins\/seo\/ -->\n<title>Preis\u00fcbersicht - nymphe strandhotels &amp; apartments<\/title>\n<meta name=\"robots\" content=\"index, follow, max-snippet:-1, max-image-preview:large, max-video-preview:-1\" \/>\n<link rel=\"canonical\" href=\"https:\/\/hotel-nymphe.de\/en\/preisuebersicht\/\" \/>\n<meta property=\"og:locale\" content=\"en_GB\" \/>\n<meta property=\"og:type\" content=\"article\" \/>\n<meta property=\"og:title\" content=\"Preis\u00fcbersicht - nymphe strandhotels &amp; apartments\" \/>\n<meta property=\"og:description\" content=\"Planen Sie Ihren Urlaub \u2737 \u2737 \u2737 \u2737 Hier klicken: Preisliste 2025 \u2714 Die genannten Preise verstehen sich pro Zimmer &amp; Nacht f\u00fcr die gebuchte Personenanzahl inkl. oder exkl. Fr\u00fchst\u00fcck (je nach Auswahl), Wellnessnutzung, kostenfreies Wlan &amp; Hotelservice &nbsp; \u2714 Alle Zimmerkategorien sind jeweils auch *zur Einzelnutzung bzw. in 3er- (ab Kategorie Komfortzimmer mit Balkon) [&hellip;]\" \/>\n<meta property=\"og:url\" content=\"https:\/\/hotel-nymphe.de\/en\/preisuebersicht\/\" \/>\n<meta property=\"og:site_name\" content=\"nymphe strandhotels &amp; apartments\" \/>\n<meta property=\"article:modified_time\" content=\"2025-11-21T12:05:55+00:00\" \/>\n<meta property=\"og:image\" content=\"https:\/\/hotel-nymphe.de\/wp-content\/uploads\/2023\/01\/phoebe_hotelbild.jpg\" \/>\n<meta name=\"twitter:card\" content=\"summary_large_image\" \/>\n<meta name=\"twitter:label1\" content=\"Estimated reading time\" \/>\n\t<meta name=\"twitter:data1\" content=\"4 minutes\" \/>\n<script type=\"application\/ld+json\" class=\"yoast-schema-graph\">{\"@context\":\"https:\/\/schema.org\",\"@graph\":[{\"@type\":\"WebPage\",\"@id\":\"https:\/\/hotel-nymphe.de\/preisuebersicht\/\",\"url\":\"https:\/\/hotel-nymphe.de\/preisuebersicht\/\",\"name\":\"Preis\u00fcbersicht - nymphe strandhotels &amp; apartments\",\"isPartOf\":{\"@id\":\"https:\/\/hotel-nymphe.de\/#website\"},\"primaryImageOfPage\":{\"@id\":\"https:\/\/hotel-nymphe.de\/preisuebersicht\/#primaryimage\"},\"image\":{\"@id\":\"https:\/\/hotel-nymphe.de\/preisuebersicht\/#primaryimage\"},\"thumbnailUrl\":\"https:\/\/hotel-nymphe.de\/wp-content\/uploads\/2023\/01\/phoebe_hotelbild.jpg\",\"datePublished\":\"2022-12-16T08:36:38+00:00\",\"dateModified\":\"2025-11-21T12:05:55+00:00\",\"breadcrumb\":{\"@id\":\"https:\/\/hotel-nymphe.de\/preisuebersicht\/#breadcrumb\"},\"inLanguage\":\"en-GB\",\"potentialAction\":[{\"@type\":\"ReadAction\",\"target\":[\"https:\/\/hotel-nymphe.de\/preisuebersicht\/\"]}]},{\"@type\":\"ImageObject\",\"inLanguage\":\"en-GB\",\"@id\":\"https:\/\/hotel-nymphe.de\/preisuebersicht\/#primaryimage\",\"url\":\"https:\/\/hotel-nymphe.de\/wp-content\/uploads\/2023\/01\/phoebe_hotelbild.jpg\",\"contentUrl\":\"https:\/\/hotel-nymphe.de\/wp-content\/uploads\/2023\/01\/phoebe_hotelbild.jpg\"},{\"@type\":\"BreadcrumbList\",\"@id\":\"https:\/\/hotel-nymphe.de\/preisuebersicht\/#breadcrumb\",\"itemListElement\":[{\"@type\":\"ListItem\",\"position\":1,\"name\":\"Startseite\",\"item\":\"https:\/\/hotel-nymphe.de\/\"},{\"@type\":\"ListItem\",\"position\":2,\"name\":\"Preis\u00fcbersicht\"}]},{\"@type\":\"WebSite\",\"@id\":\"https:\/\/hotel-nymphe.de\/#website\",\"url\":\"https:\/\/hotel-nymphe.de\/\",\"name\":\"nymphe strandhotels &amp; apartments\",\"description\":\"\",\"publisher\":{\"@id\":\"https:\/\/hotel-nymphe.de\/#organization\"},\"potentialAction\":[{\"@type\":\"SearchAction\",\"target\":{\"@type\":\"EntryPoint\",\"urlTemplate\":\"https:\/\/hotel-nymphe.de\/?s={search_term_string}\"},\"query-input\":{\"@type\":\"PropertyValueSpecification\",\"valueRequired\":true,\"valueName\":\"search_term_string\"}}],\"inLanguage\":\"en-GB\"},{\"@type\":\"Organization\",\"@id\":\"https:\/\/hotel-nymphe.de\/#organization\",\"name\":\"nymphe strandhotels &amp; apartments\",\"url\":\"https:\/\/hotel-nymphe.de\/\",\"logo\":{\"@type\":\"ImageObject\",\"inLanguage\":\"en-GB\",\"@id\":\"https:\/\/hotel-nymphe.de\/#\/schema\/logo\/image\/\",\"url\":\"https:\/\/hotel-nymphe.de\/wp-content\/uploads\/2022\/12\/cropped-logo_nymphe_frei.png\",\"contentUrl\":\"https:\/\/hotel-nymphe.de\/wp-content\/uploads\/2022\/12\/cropped-logo_nymphe_frei.png\",\"width\":240,\"height\":85,\"caption\":\"nymphe strandhotels &amp; apartments\"},\"image\":{\"@id\":\"https:\/\/hotel-nymphe.de\/#\/schema\/logo\/image\/\"}}]}<\/script>\n<!-- \/ Yoast SEO plugin. -->","yoast_head_json":{"title":"Preis\u00fcbersicht - nymphe strandhotels &amp; apartments","robots":{"index":"index","follow":"follow","max-snippet":"max-snippet:-1","max-image-preview":"max-image-preview:large","max-video-preview":"max-video-preview:-1"},"canonical":"https:\/\/hotel-nymphe.de\/en\/preisuebersicht\/","og_locale":"en_GB","og_type":"article","og_title":"Preis\u00fcbersicht - nymphe strandhotels &amp; apartments","og_description":"Planen Sie Ihren Urlaub \u2737 \u2737 \u2737 \u2737 Hier klicken: Preisliste 2025 \u2714 Die genannten Preise verstehen sich pro Zimmer &amp; Nacht f\u00fcr die gebuchte Personenanzahl inkl. oder exkl. Fr\u00fchst\u00fcck (je nach Auswahl), Wellnessnutzung, kostenfreies Wlan &amp; Hotelservice &nbsp; \u2714 Alle Zimmerkategorien sind jeweils auch *zur Einzelnutzung bzw. in 3er- (ab Kategorie Komfortzimmer mit Balkon) [&hellip;]","og_url":"https:\/\/hotel-nymphe.de\/en\/preisuebersicht\/","og_site_name":"nymphe strandhotels &amp; apartments","article_modified_time":"2025-11-21T12:05:55+00:00","og_image":[{"url":"https:\/\/hotel-nymphe.de\/wp-content\/uploads\/2023\/01\/phoebe_hotelbild.jpg","type":"","width":"","height":""}],"twitter_card":"summary_large_image","twitter_misc":{"Estimated reading time":"4 minutes"},"schema":{"@context":"https:\/\/schema.org","@graph":[{"@type":"WebPage","@id":"https:\/\/hotel-nymphe.de\/preisuebersicht\/","url":"https:\/\/hotel-nymphe.de\/preisuebersicht\/","name":"Preis\u00fcbersicht - nymphe strandhotels &amp; apartments","isPartOf":{"@id":"https:\/\/hotel-nymphe.de\/#website"},"primaryImageOfPage":{"@id":"https:\/\/hotel-nymphe.de\/preisuebersicht\/#primaryimage"},"image":{"@id":"https:\/\/hotel-nymphe.de\/preisuebersicht\/#primaryimage"},"thumbnailUrl":"https:\/\/hotel-nymphe.de\/wp-content\/uploads\/2023\/01\/phoebe_hotelbild.jpg","datePublished":"2022-12-16T08:36:38+00:00","dateModified":"2025-11-21T12:05:55+00:00","breadcrumb":{"@id":"https:\/\/hotel-nymphe.de\/preisuebersicht\/#breadcrumb"},"inLanguage":"en-GB","potentialAction":[{"@type":"ReadAction","target":["https:\/\/hotel-nymphe.de\/preisuebersicht\/"]}]},{"@type":"ImageObject","inLanguage":"en-GB","@id":"https:\/\/hotel-nymphe.de\/preisuebersicht\/#primaryimage","url":"https:\/\/hotel-nymphe.de\/wp-content\/uploads\/2023\/01\/phoebe_hotelbild.jpg","contentUrl":"https:\/\/hotel-nymphe.de\/wp-content\/uploads\/2023\/01\/phoebe_hotelbild.jpg"},{"@type":"BreadcrumbList","@id":"https:\/\/hotel-nymphe.de\/preisuebersicht\/#breadcrumb","itemListElement":[{"@type":"ListItem","position":1,"name":"Startseite","item":"https:\/\/hotel-nymphe.de\/"},{"@type":"ListItem","position":2,"name":"Preis\u00fcbersicht"}]},{"@type":"WebSite","@id":"https:\/\/hotel-nymphe.de\/#website","url":"https:\/\/hotel-nymphe.de\/","name":"nymphe strandhotels &amp; apartments","description":"","publisher":{"@id":"https:\/\/hotel-nymphe.de\/#organization"},"potentialAction":[{"@type":"SearchAction","target":{"@type":"EntryPoint","urlTemplate":"https:\/\/hotel-nymphe.de\/?s={search_term_string}"},"query-input":{"@type":"PropertyValueSpecification","valueRequired":true,"valueName":"search_term_string"}}],"inLanguage":"en-GB"},{"@type":"Organization","@id":"https:\/\/hotel-nymphe.de\/#organization","name":"nymphe strandhotels &amp; apartments","url":"https:\/\/hotel-nymphe.de\/","logo":{"@type":"ImageObject","inLanguage":"en-GB","@id":"https:\/\/hotel-nymphe.de\/#\/schema\/logo\/image\/","url":"https:\/\/hotel-nymphe.de\/wp-content\/uploads\/2022\/12\/cropped-logo_nymphe_frei.png","contentUrl":"https:\/\/hotel-nymphe.de\/wp-content\/uploads\/2022\/12\/cropped-logo_nymphe_frei.png","width":240,"height":85,"caption":"nymphe strandhotels &amp; apartments"},"image":{"@id":"https:\/\/hotel-nymphe.de\/#\/schema\/logo\/image\/"}}]}},"_links":{"self":[{"href":"https:\/\/hotel-nymphe.de\/en\/wp-json\/wp\/v2\/pages\/187","targetHints":{"allow":["GET"]}}],"collection":[{"href":"https:\/\/hotel-nymphe.de\/en\/wp-json\/wp\/v2\/pages"}],"about":[{"href":"https:\/\/hotel-nymphe.de\/en\/wp-json\/wp\/v2\/types\/page"}],"author":[{"embeddable":true,"href":"https:\/\/hotel-nymphe.de\/en\/wp-json\/wp\/v2\/users\/1"}],"replies":[{"embeddable":true,"href":"https:\/\/hotel-nymphe.de\/en\/wp-json\/wp\/v2\/comments?post=187"}],"version-history":[{"count":96,"href":"https:\/\/hotel-nymphe.de\/en\/wp-json\/wp\/v2\/pages\/187\/revisions"}],"predecessor-version":[{"id":1758,"href":"https:\/\/hotel-nymphe.de\/en\/wp-json\/wp\/v2\/pages\/187\/revisions\/1758"}],"wp:attachment":[{"href":"https:\/\/hotel-nymphe.de\/en\/wp-json\/wp\/v2\/media?parent=187"}],"curies":[{"name":"wp","href":"https:\/\/api.w.org\/{rel}","templated":true}]}}