{"id":175,"date":"2022-12-16T09:34:45","date_gmt":"2022-12-16T08:34:45","guid":{"rendered":"https:\/\/hotel-nymphe.de\/?page_id=175"},"modified":"2024-10-11T15:23:39","modified_gmt":"2024-10-11T13:23:39","slug":"zimmer-preise","status":"publish","type":"page","link":"https:\/\/hotel-nymphe.de\/en\/zimmer-preise\/","title":{"rendered":"Room \/ Price"},"content":{"rendered":"<h2>Our rooms and flats \u2737 \u2737 \u2737<\/h2>\n<div class=\"subhead\">Feel like you are at home.<\/div>\n<div class=\"su-row\"><div class=\"su-column su-column-size-1-2\"><div class=\"su-column-inner su-u-clearfix su-u-trim\">\n<a href=\"https:\/\/hotel-nymphe.de\/en\/zimmer-preise\/hotelzimmer\/\"><img loading=\"lazy\" decoding=\"async\" class=\"alignnone size-full wp-image-331\" src=\"https:\/\/hotel-nymphe.de\/wp-content\/uploads\/2022\/12\/hotelzimmer_listing.jpg\" alt=\"\" width=\"1200\" height=\"801\" srcset=\"https:\/\/hotel-nymphe.de\/wp-content\/uploads\/2022\/12\/hotelzimmer_listing.jpg 1200w, https:\/\/hotel-nymphe.de\/wp-content\/uploads\/2022\/12\/hotelzimmer_listing-300x200.jpg 300w, https:\/\/hotel-nymphe.de\/wp-content\/uploads\/2022\/12\/hotelzimmer_listing-1024x684.jpg 1024w, https:\/\/hotel-nymphe.de\/wp-content\/uploads\/2022\/12\/hotelzimmer_listing-768x513.jpg 768w, https:\/\/hotel-nymphe.de\/wp-content\/uploads\/2022\/12\/hotelzimmer_listing-18x12.jpg 18w, https:\/\/hotel-nymphe.de\/wp-content\/uploads\/2022\/12\/hotelzimmer_listing-500x334.jpg 500w, https:\/\/hotel-nymphe.de\/wp-content\/uploads\/2022\/12\/hotelzimmer_listing-800x534.jpg 800w\" sizes=\"auto, (max-width: 1200px) 100vw, 1200px\" \/><\/a><\/p>\n<div class=\"imagetext\"><a href=\"https:\/\/hotel-nymphe.de\/en\/zimmer-preise\/hotelzimmer\/\">Hotel rooms<\/a><\/div>\n<\/div><\/div>\n<div class=\"su-column su-column-size-1-2\"><div class=\"su-column-inner su-u-clearfix su-u-trim\">\n<a href=\"https:\/\/hotel-nymphe.de\/en\/zimmer-preise\/komfortzimmer\/\"><img loading=\"lazy\" decoding=\"async\" class=\"alignnone size-full wp-image-332\" src=\"https:\/\/hotel-nymphe.de\/wp-content\/uploads\/2022\/12\/komfortzimmer_listing.jpg\" alt=\"\" width=\"1200\" height=\"801\" srcset=\"https:\/\/hotel-nymphe.de\/wp-content\/uploads\/2022\/12\/komfortzimmer_listing.jpg 1200w, https:\/\/hotel-nymphe.de\/wp-content\/uploads\/2022\/12\/komfortzimmer_listing-300x200.jpg 300w, https:\/\/hotel-nymphe.de\/wp-content\/uploads\/2022\/12\/komfortzimmer_listing-1024x684.jpg 1024w, https:\/\/hotel-nymphe.de\/wp-content\/uploads\/2022\/12\/komfortzimmer_listing-768x513.jpg 768w, https:\/\/hotel-nymphe.de\/wp-content\/uploads\/2022\/12\/komfortzimmer_listing-18x12.jpg 18w, https:\/\/hotel-nymphe.de\/wp-content\/uploads\/2022\/12\/komfortzimmer_listing-500x334.jpg 500w, https:\/\/hotel-nymphe.de\/wp-content\/uploads\/2022\/12\/komfortzimmer_listing-800x534.jpg 800w\" sizes=\"auto, (max-width: 1200px) 100vw, 1200px\" \/><\/a><\/p>\n<div class=\"imagetext\"><a href=\"https:\/\/hotel-nymphe.de\/en\/zimmer-preise\/komfortzimmer\/\">Comfort rooms<\/a><\/div>\n<\/div><\/div><\/div>\n<div class=\"su-row\"><div class=\"su-column su-column-size-1-2\"><div class=\"su-column-inner su-u-clearfix su-u-trim\">\n<a href=\"https:\/\/hotel-nymphe.de\/en\/zimmer-preise\/apartments\/\"><img loading=\"lazy\" decoding=\"async\" class=\"alignnone size-full wp-image-330\" src=\"https:\/\/hotel-nymphe.de\/wp-content\/uploads\/2022\/12\/apartments_listing.jpg\" alt=\"\" width=\"1200\" height=\"801\" srcset=\"https:\/\/hotel-nymphe.de\/wp-content\/uploads\/2022\/12\/apartments_listing.jpg 1200w, https:\/\/hotel-nymphe.de\/wp-content\/uploads\/2022\/12\/apartments_listing-300x200.jpg 300w, https:\/\/hotel-nymphe.de\/wp-content\/uploads\/2022\/12\/apartments_listing-1024x684.jpg 1024w, https:\/\/hotel-nymphe.de\/wp-content\/uploads\/2022\/12\/apartments_listing-768x513.jpg 768w, https:\/\/hotel-nymphe.de\/wp-content\/uploads\/2022\/12\/apartments_listing-18x12.jpg 18w, https:\/\/hotel-nymphe.de\/wp-content\/uploads\/2022\/12\/apartments_listing-500x334.jpg 500w, https:\/\/hotel-nymphe.de\/wp-content\/uploads\/2022\/12\/apartments_listing-800x534.jpg 800w\" sizes=\"auto, (max-width: 1200px) 100vw, 1200px\" \/><\/a><\/p>\n<div class=\"imagetext\"><a href=\"https:\/\/hotel-nymphe.de\/en\/zimmer-preise\/apartments\/\">Apartments<\/a><\/div>\n<\/div><\/div>\n<div class=\"su-column su-column-size-1-2\"><div class=\"su-column-inner su-u-clearfix su-u-trim\">\n<a href=\"https:\/\/hotel-nymphe.de\/en\/zimmer-preise\/suiten\/\"><img loading=\"lazy\" decoding=\"async\" class=\"alignnone size-full wp-image-333\" src=\"https:\/\/hotel-nymphe.de\/wp-content\/uploads\/2022\/12\/suiten_listing.jpg\" alt=\"\" width=\"1200\" height=\"800\" srcset=\"https:\/\/hotel-nymphe.de\/wp-content\/uploads\/2022\/12\/suiten_listing.jpg 1200w, https:\/\/hotel-nymphe.de\/wp-content\/uploads\/2022\/12\/suiten_listing-300x200.jpg 300w, https:\/\/hotel-nymphe.de\/wp-content\/uploads\/2022\/12\/suiten_listing-1024x683.jpg 1024w, https:\/\/hotel-nymphe.de\/wp-content\/uploads\/2022\/12\/suiten_listing-768x512.jpg 768w, https:\/\/hotel-nymphe.de\/wp-content\/uploads\/2022\/12\/suiten_listing-18x12.jpg 18w, https:\/\/hotel-nymphe.de\/wp-content\/uploads\/2022\/12\/suiten_listing-500x333.jpg 500w, https:\/\/hotel-nymphe.de\/wp-content\/uploads\/2022\/12\/suiten_listing-800x533.jpg 800w\" sizes=\"auto, (max-width: 1200px) 100vw, 1200px\" \/><\/a><\/p>\n<div class=\"imagetext\"><a href=\"https:\/\/hotel-nymphe.de\/en\/zimmer-preise\/suiten\/\">Suites<\/a><\/div>\n<\/div><\/div><\/div>\n<div class=\"distance\"><\/div>\n<p>Das nymphe strandhotel &amp; apartments verf\u00fcgt \u00fcber 52 Zimmereinheiten mit 148 Betten: 6 gro\u00dfz\u00fcgige Suiten und 16 Apartments, unterteilt in Wohn- und Schlafbereich, 12 Komfortzimmer, ebenfalls mit Wohn- und Schlafbereich sowie 18 Hotelzimmer, die mit den Apartments bzw. Komfortzimmer verbunden werden k\u00f6nnen.<\/p>\n<p>All accommodation units are equipped with modern bathrooms and some have their own balconies or terraces. The flats, suites and comfort rooms also have fully equipped kitchenettes with microwaves. Two room units are barrier-free. Bed sizes vary in length from 2m to 2.10m and are 90 cm wide.<\/p>\n<p>In the basement of the hotel building there are garage parking spaces for 33 guest cars, storage for bicycles is available outside (only bicycle racks\/ NO lockable storage).<\/p>\n<div class=\"gutscheinbutton\"><a href=\"https:\/\/hotel-nymphe.de\/en\/gutscheinanfrage\/\">Gutscheinanfrage<\/a><\/div>\n<h3>Our offer for you<\/h3>\n<div class=\"su-row\"><div class=\"su-column su-column-size-1-2\"><div class=\"su-column-inner su-u-clearfix su-u-trim\">\n<ul>\n<li>52 bright and spacious rooms; 18 hotel rooms, 12 comfort rooms, 16 flats and 6 suites with a modern colour and furnishing concept.<\/li>\n<li>various room combinations around 72 sqm for families with children, for partners and friends<\/li>\n<li>Refrigerators or minibars and room safe in all categories<\/li>\n<li>Heated towel rails, hairdryer and vanity mirror in all bathrooms<\/li>\n<li>Each floor is accessible by lift<\/li>\n<li>Non-smoking room<\/li>\n<\/ul>\n<\/div><\/div>\n<div class=\"su-column su-column-size-1-2\"><div class=\"su-column-inner su-u-clearfix su-u-trim\">\n<ul>\n<li>Allergy-sufferer room<\/li>\n<li>barrier-free rooms<\/li>\n<li>Underground parking under the hotel (max. car height 1.85m, max. car length 5.00m)<\/li>\n<li>Restaurant Strandl\u00fccke with large lakeside terrace, creative gourmet cuisine, as well as a children's menu for our younger guests exquisite wines and fruity cocktails<\/li>\n<li>Wellnessbereich mit 3 verschiedenen Saunen, Ruheraum, W\u00e4rmebank mit Fu\u00dfbad &amp; kleinem Au\u00dfenbereich<\/li>\n<\/ul>\n<\/div><\/div><\/div>\n<h2>This is part of your stay with us.<\/h2>\n<div class=\"subhead\">Inclusive services for our hotel guests<\/div>\n<div class=\"inclusive_wrapper\">\n<div class=\"su-row\"><div class=\"su-column su-column-size-2-5\"><div class=\"su-column-inner su-u-clearfix su-u-trim\">\n<\/div><\/div>\n<div class=\"su-column su-column-size-3-5 inclusive\"><div class=\"su-column-inner su-u-clearfix su-u-trim\">\n<ul>\n<li>Use of our wellness oasis with Finnish sauna (95\u00b0C), bio sauna (65\u00b0C), aroma caldarium (45\u00b0C) as well as an outdoor and indoor relaxation room<\/li>\n<li>auf Wunsch Badem\u00e4ntel und (Strand-)Handt\u00fccher (geringe Geb\u00fchr) (alles gegen eine Barkaution von 20\u20ac an der Rezeption erh\u00e4ltlich)<\/li>\n<li>Telephone, WLAN, TV with integrated radio, DVD-Bluray-Player (available at reception for a deposit) in all rooms.<\/li>\n<li>Outdoor parking spaces for bicycles<\/li>\n<\/ul>\n<\/div><\/div><\/div>\n<\/div>\n<p>&nbsp;<\/p>\n<p>&nbsp;<\/p>","protected":false},"excerpt":{"rendered":"<p>Unsere Zimmer und Apartments \u2737 \u2737 \u2737 \u2737 F\u00fchlen Sie sich wie Zuhause. Das nymphe strandhotel &amp; apartments verf\u00fcgt \u00fcber 52 Zimmereinheiten mit 148 Betten: 6 gro\u00dfz\u00fcgige Suiten und 16 Apartments, unterteilt in Wohn- und Schlafbereich, 12 Komfortzimmer, ebenfalls mit Wohn- und Schlafbereich sowie 18 Hotelzimmer, die mit den Apartments bzw. Komfortzimmer verbunden werden k\u00f6nnen. [&hellip;]<\/p>","protected":false},"author":1,"featured_media":0,"parent":0,"menu_order":0,"comment_status":"closed","ping_status":"closed","template":"","meta":{"footnotes":""},"class_list":["post-175","page","type-page","status-publish","hentry"],"yoast_head":"<!-- This site is optimized with the Yoast SEO plugin v25.3.1 - https:\/\/yoast.com\/wordpress\/plugins\/seo\/ -->\n<title>Zimmer \/ Preise - nymphe strandhotels &amp; apartments<\/title>\n<meta name=\"robots\" content=\"index, follow, max-snippet:-1, max-image-preview:large, max-video-preview:-1\" \/>\n<link rel=\"canonical\" href=\"https:\/\/hotel-nymphe.de\/en\/zimmer-preise\/\" \/>\n<meta property=\"og:locale\" content=\"en_GB\" \/>\n<meta property=\"og:type\" content=\"article\" \/>\n<meta property=\"og:title\" content=\"Zimmer \/ Preise - nymphe strandhotels &amp; apartments\" \/>\n<meta property=\"og:description\" content=\"Unsere Zimmer und Apartments \u2737 \u2737 \u2737 \u2737 F\u00fchlen Sie sich wie Zuhause. Das nymphe strandhotel &amp; apartments verf\u00fcgt \u00fcber 52 Zimmereinheiten mit 148 Betten: 6 gro\u00dfz\u00fcgige Suiten und 16 Apartments, unterteilt in Wohn- und Schlafbereich, 12 Komfortzimmer, ebenfalls mit Wohn- und Schlafbereich sowie 18 Hotelzimmer, die mit den Apartments bzw. Komfortzimmer verbunden werden k\u00f6nnen. [&hellip;]\" \/>\n<meta property=\"og:url\" content=\"https:\/\/hotel-nymphe.de\/en\/zimmer-preise\/\" \/>\n<meta property=\"og:site_name\" content=\"nymphe strandhotels &amp; apartments\" \/>\n<meta property=\"article:modified_time\" content=\"2024-10-11T13:23:39+00:00\" \/>\n<meta property=\"og:image\" content=\"https:\/\/hotel-nymphe.de\/wp-content\/uploads\/2022\/12\/hotelzimmer_listing.jpg\" \/>\n<meta name=\"twitter:card\" content=\"summary_large_image\" \/>\n<meta name=\"twitter:label1\" content=\"Estimated reading time\" \/>\n\t<meta name=\"twitter:data1\" content=\"3 minutes\" \/>\n<script type=\"application\/ld+json\" class=\"yoast-schema-graph\">{\"@context\":\"https:\/\/schema.org\",\"@graph\":[{\"@type\":\"WebPage\",\"@id\":\"https:\/\/hotel-nymphe.de\/zimmer-preise\/\",\"url\":\"https:\/\/hotel-nymphe.de\/zimmer-preise\/\",\"name\":\"Zimmer \/ Preise - nymphe strandhotels &amp; apartments\",\"isPartOf\":{\"@id\":\"https:\/\/hotel-nymphe.de\/#website\"},\"primaryImageOfPage\":{\"@id\":\"https:\/\/hotel-nymphe.de\/zimmer-preise\/#primaryimage\"},\"image\":{\"@id\":\"https:\/\/hotel-nymphe.de\/zimmer-preise\/#primaryimage\"},\"thumbnailUrl\":\"https:\/\/hotel-nymphe.de\/wp-content\/uploads\/2022\/12\/hotelzimmer_listing.jpg\",\"datePublished\":\"2022-12-16T08:34:45+00:00\",\"dateModified\":\"2024-10-11T13:23:39+00:00\",\"breadcrumb\":{\"@id\":\"https:\/\/hotel-nymphe.de\/zimmer-preise\/#breadcrumb\"},\"inLanguage\":\"en-GB\",\"potentialAction\":[{\"@type\":\"ReadAction\",\"target\":[\"https:\/\/hotel-nymphe.de\/zimmer-preise\/\"]}]},{\"@type\":\"ImageObject\",\"inLanguage\":\"en-GB\",\"@id\":\"https:\/\/hotel-nymphe.de\/zimmer-preise\/#primaryimage\",\"url\":\"https:\/\/hotel-nymphe.de\/wp-content\/uploads\/2022\/12\/hotelzimmer_listing.jpg\",\"contentUrl\":\"https:\/\/hotel-nymphe.de\/wp-content\/uploads\/2022\/12\/hotelzimmer_listing.jpg\"},{\"@type\":\"BreadcrumbList\",\"@id\":\"https:\/\/hotel-nymphe.de\/zimmer-preise\/#breadcrumb\",\"itemListElement\":[{\"@type\":\"ListItem\",\"position\":1,\"name\":\"Startseite\",\"item\":\"https:\/\/hotel-nymphe.de\/\"},{\"@type\":\"ListItem\",\"position\":2,\"name\":\"Zimmer \/ Preise\"}]},{\"@type\":\"WebSite\",\"@id\":\"https:\/\/hotel-nymphe.de\/#website\",\"url\":\"https:\/\/hotel-nymphe.de\/\",\"name\":\"nymphe strandhotels &amp; apartments\",\"description\":\"\",\"publisher\":{\"@id\":\"https:\/\/hotel-nymphe.de\/#organization\"},\"potentialAction\":[{\"@type\":\"SearchAction\",\"target\":{\"@type\":\"EntryPoint\",\"urlTemplate\":\"https:\/\/hotel-nymphe.de\/?s={search_term_string}\"},\"query-input\":{\"@type\":\"PropertyValueSpecification\",\"valueRequired\":true,\"valueName\":\"search_term_string\"}}],\"inLanguage\":\"en-GB\"},{\"@type\":\"Organization\",\"@id\":\"https:\/\/hotel-nymphe.de\/#organization\",\"name\":\"nymphe strandhotels &amp; apartments\",\"url\":\"https:\/\/hotel-nymphe.de\/\",\"logo\":{\"@type\":\"ImageObject\",\"inLanguage\":\"en-GB\",\"@id\":\"https:\/\/hotel-nymphe.de\/#\/schema\/logo\/image\/\",\"url\":\"https:\/\/hotel-nymphe.de\/wp-content\/uploads\/2022\/12\/cropped-logo_nymphe_frei.png\",\"contentUrl\":\"https:\/\/hotel-nymphe.de\/wp-content\/uploads\/2022\/12\/cropped-logo_nymphe_frei.png\",\"width\":240,\"height\":85,\"caption\":\"nymphe strandhotels &amp; apartments\"},\"image\":{\"@id\":\"https:\/\/hotel-nymphe.de\/#\/schema\/logo\/image\/\"}}]}<\/script>\n<!-- \/ Yoast SEO plugin. -->","yoast_head_json":{"title":"Zimmer \/ Preise - nymphe strandhotels &amp; apartments","robots":{"index":"index","follow":"follow","max-snippet":"max-snippet:-1","max-image-preview":"max-image-preview:large","max-video-preview":"max-video-preview:-1"},"canonical":"https:\/\/hotel-nymphe.de\/en\/zimmer-preise\/","og_locale":"en_GB","og_type":"article","og_title":"Zimmer \/ Preise - nymphe strandhotels &amp; apartments","og_description":"Unsere Zimmer und Apartments \u2737 \u2737 \u2737 \u2737 F\u00fchlen Sie sich wie Zuhause. Das nymphe strandhotel &amp; apartments verf\u00fcgt \u00fcber 52 Zimmereinheiten mit 148 Betten: 6 gro\u00dfz\u00fcgige Suiten und 16 Apartments, unterteilt in Wohn- und Schlafbereich, 12 Komfortzimmer, ebenfalls mit Wohn- und Schlafbereich sowie 18 Hotelzimmer, die mit den Apartments bzw. Komfortzimmer verbunden werden k\u00f6nnen. [&hellip;]","og_url":"https:\/\/hotel-nymphe.de\/en\/zimmer-preise\/","og_site_name":"nymphe strandhotels &amp; apartments","article_modified_time":"2024-10-11T13:23:39+00:00","og_image":[{"url":"https:\/\/hotel-nymphe.de\/wp-content\/uploads\/2022\/12\/hotelzimmer_listing.jpg","type":"","width":"","height":""}],"twitter_card":"summary_large_image","twitter_misc":{"Estimated reading time":"3 minutes"},"schema":{"@context":"https:\/\/schema.org","@graph":[{"@type":"WebPage","@id":"https:\/\/hotel-nymphe.de\/zimmer-preise\/","url":"https:\/\/hotel-nymphe.de\/zimmer-preise\/","name":"Zimmer \/ Preise - nymphe strandhotels &amp; apartments","isPartOf":{"@id":"https:\/\/hotel-nymphe.de\/#website"},"primaryImageOfPage":{"@id":"https:\/\/hotel-nymphe.de\/zimmer-preise\/#primaryimage"},"image":{"@id":"https:\/\/hotel-nymphe.de\/zimmer-preise\/#primaryimage"},"thumbnailUrl":"https:\/\/hotel-nymphe.de\/wp-content\/uploads\/2022\/12\/hotelzimmer_listing.jpg","datePublished":"2022-12-16T08:34:45+00:00","dateModified":"2024-10-11T13:23:39+00:00","breadcrumb":{"@id":"https:\/\/hotel-nymphe.de\/zimmer-preise\/#breadcrumb"},"inLanguage":"en-GB","potentialAction":[{"@type":"ReadAction","target":["https:\/\/hotel-nymphe.de\/zimmer-preise\/"]}]},{"@type":"ImageObject","inLanguage":"en-GB","@id":"https:\/\/hotel-nymphe.de\/zimmer-preise\/#primaryimage","url":"https:\/\/hotel-nymphe.de\/wp-content\/uploads\/2022\/12\/hotelzimmer_listing.jpg","contentUrl":"https:\/\/hotel-nymphe.de\/wp-content\/uploads\/2022\/12\/hotelzimmer_listing.jpg"},{"@type":"BreadcrumbList","@id":"https:\/\/hotel-nymphe.de\/zimmer-preise\/#breadcrumb","itemListElement":[{"@type":"ListItem","position":1,"name":"Startseite","item":"https:\/\/hotel-nymphe.de\/"},{"@type":"ListItem","position":2,"name":"Zimmer \/ Preise"}]},{"@type":"WebSite","@id":"https:\/\/hotel-nymphe.de\/#website","url":"https:\/\/hotel-nymphe.de\/","name":"nymphe strandhotels &amp; apartments","description":"","publisher":{"@id":"https:\/\/hotel-nymphe.de\/#organization"},"potentialAction":[{"@type":"SearchAction","target":{"@type":"EntryPoint","urlTemplate":"https:\/\/hotel-nymphe.de\/?s={search_term_string}"},"query-input":{"@type":"PropertyValueSpecification","valueRequired":true,"valueName":"search_term_string"}}],"inLanguage":"en-GB"},{"@type":"Organization","@id":"https:\/\/hotel-nymphe.de\/#organization","name":"nymphe strandhotels &amp; apartments","url":"https:\/\/hotel-nymphe.de\/","logo":{"@type":"ImageObject","inLanguage":"en-GB","@id":"https:\/\/hotel-nymphe.de\/#\/schema\/logo\/image\/","url":"https:\/\/hotel-nymphe.de\/wp-content\/uploads\/2022\/12\/cropped-logo_nymphe_frei.png","contentUrl":"https:\/\/hotel-nymphe.de\/wp-content\/uploads\/2022\/12\/cropped-logo_nymphe_frei.png","width":240,"height":85,"caption":"nymphe strandhotels &amp; apartments"},"image":{"@id":"https:\/\/hotel-nymphe.de\/#\/schema\/logo\/image\/"}}]}},"_links":{"self":[{"href":"https:\/\/hotel-nymphe.de\/en\/wp-json\/wp\/v2\/pages\/175","targetHints":{"allow":["GET"]}}],"collection":[{"href":"https:\/\/hotel-nymphe.de\/en\/wp-json\/wp\/v2\/pages"}],"about":[{"href":"https:\/\/hotel-nymphe.de\/en\/wp-json\/wp\/v2\/types\/page"}],"author":[{"embeddable":true,"href":"https:\/\/hotel-nymphe.de\/en\/wp-json\/wp\/v2\/users\/1"}],"replies":[{"embeddable":true,"href":"https:\/\/hotel-nymphe.de\/en\/wp-json\/wp\/v2\/comments?post=175"}],"version-history":[{"count":51,"href":"https:\/\/hotel-nymphe.de\/en\/wp-json\/wp\/v2\/pages\/175\/revisions"}],"predecessor-version":[{"id":1447,"href":"https:\/\/hotel-nymphe.de\/en\/wp-json\/wp\/v2\/pages\/175\/revisions\/1447"}],"wp:attachment":[{"href":"https:\/\/hotel-nymphe.de\/en\/wp-json\/wp\/v2\/media?parent=175"}],"curies":[{"name":"wp","href":"https:\/\/api.w.org\/{rel}","templated":true}]}}