{"id":171,"date":"2022-12-16T09:34:19","date_gmt":"2022-12-16T08:34:19","guid":{"rendered":"https:\/\/hotel-nymphe.de\/?page_id=171"},"modified":"2025-11-21T08:12:52","modified_gmt":"2025-11-21T07:12:52","slug":"hunde-herzlich-willkommen","status":"publish","type":"page","link":"https:\/\/hotel-nymphe.de\/en\/hunde-herzlich-willkommen\/","title":{"rendered":"Hunde &#8211; Herzlich Willkommen"},"content":{"rendered":"<h2>Urlaub mit Hund in Binz auf R\u00fcgen<\/h2>\n<div class=\"subhead\">Four-legged friends ... WELCOME!<\/div>\n<p>Not only our\u00a0guests with two legs\u00a0are WELCOME, but also your dear companions on four paws ...<\/p>\n<p>Im &#8220;nymphe strandhotel &amp; apartments&#8221; f\u00fchlt sich jeder\u00a0PUDEL-wohl!<\/p>\n<p>Your dog is welcome in the room with a welcome pack (up to 2 nights) and after an extensive nap in the dog basket (with blanket, towel &amp; bowl), he can also serve you to the breakfast and dinner in our restaurant &amp; bar Strandl\u00fccke.<\/p>\n<p><strong>Preis pro Nacht \/ Hund: 22,00 \u20ac<\/strong><\/p>\n<h6 style=\"text-align: center;\"><strong>&gt; pro Zimmer sind max. 2 Hunde erlaubt &lt;<\/strong><\/h6>\n<h6 style=\"text-align: center;\">&gt; Hunde sind ledigliCh auf 2 UNSERER 4 Etage GESTATTET &lt;<\/h6>\n<h6 style=\"text-align: center;\">&gt; BITTE GEBEN SIE DIREKT BEI BUCHUNG AN, ob sie von einem hund begleitet werden &lt;<\/h6>\n<h3>In Binz there is something going on<\/h3>\n<div>\n<p>Jede Menge Erholung, Spiel und Spa\u00df zu jeder Jahreszeit und bei jedem Wetter &#8211; denn Hunde und Ihre Besitzer kennen kein schlechtes Wetter. Bei Wind und Wetter am feinen Sandstrand toben und sich den Wind um die Nase wehen lassen oder bei sch\u00f6nstem Sommerwetter einfach einmal nichts tun. Was f\u00fcr sch\u00f6ne Gedanken! Das muss aber kein Traum sein. Bei uns in Binz ist das die Realit\u00e4t. Von November bis M\u00e4rz sind sogar alle Strandbereiche auch f\u00fcr Hunde frei zug\u00e4nglich.Damit steht Ihnen nichts mehr im Wege f\u00fcr einen erlebnisreichen Hundeurlaub in Binz direkt an der sch\u00f6nen Ostsee.<\/p>\n<p>Ob sie Erholung suchen oder einfach Programm haben m\u00f6chten, in Binz auf R\u00fcgen ist beides m\u00f6glich. Zahlreiche Sehensw\u00fcrdigkeiten und Ausflugsziele laden ebenso ein wie weitl\u00e4ufige wundersch\u00f6ne Natur. Vielleicht einfach einen langen erlebnisreichen Spaziergang und anschlie\u00dfend ein hei\u00dfen Drink auf der Terrasse unseres Hotels oder herrlich entspannen in unseren Saunen.<\/p>\n<p>No matter what you have in mind, we look forward to meeting you.<\/p>\n<p><strong>-BITTE BEACHTEN SIE, DASS ES F\u00dcR DEN RPNV (BUSVERKEHR) EINE MAULKORBPFLICHT GIBT-<\/strong><\/p>\n<h2>Strandurlaub mit Hund<\/h2>\n<div class=\"subhead\">Was Sie wissen sollten<\/div>\n<div class=\"boximagetext_wrapper_follow\">\n<div class=\"boximageleft\"><div class=\"eds-animate edsanimate-sis-hidden\" data-eds-entry-animation=\"fadeInLeft\" data-eds-entry-delay=\"0.3\" data-eds-entry-duration=\"0.5\" data-eds-entry-timing=\"ease-in\" data-eds-exit-animation=\"\" data-eds-exit-delay=\"\" data-eds-exit-duration=\"\" data-eds-exit-timing=\"\" data-eds-repeat-count=\"1\" data-eds-keep=\"yes\" data-eds-animate-on=\"scroll\" data-eds-scroll-offset=\"75\"><img loading=\"lazy\" decoding=\"async\" class=\"alignnone size-full wp-image-134\" src=\"https:\/\/hotel-nymphe.de\/wp-content\/uploads\/2023\/07\/Hundestrand.jpg\" alt=\"\" width=\"948\" height=\"396\" \/><\/div><\/div>\n<div class=\"boxtextright\">\n<h2 class=\"boxtext\">Hundestr\u00e4nde in Binz<\/h2>\n<div class=\"subhead_boxtext\">Strandurlaub mit Hund<\/div>\n<p>Freuen Sie sich auf Ihren Strandurlaub mit Hund in Binz auf R\u00fcgen. Zur besseren Orientierung haben wir Ihnen einige H\u00fcndestr\u00e4nde zusammengestellt.<\/p>\n<div class=\"weiterbutton\"><a href=\"https:\/\/hotel-nymphe.de\/en\/hundestrand-binz\/\">Read more<\/a><\/div>\n<\/div>\n<\/div>\n<div class=\"boximagetext_wrapper\">\n<div class=\"boxtextleft\">\n<h2 class=\"boxtext\">Binz mit Hund<\/h2>\n<div class=\"subhead_boxtext\">Hier geht immer etwas<\/div>\n<p>Hunde sind in Binz herzlich Willkommen. Es gibt viele Dinge die Sie mit Ihrem Vierbeiner \u00fcber den Strandbesuch hinaus unternehmen k\u00f6nnen. Wir haben f\u00fcr Sie ein paar Anregungen zusammengefasst.<\/p>\n<div class=\"weiterbutton\"><a href=\"https:\/\/hotel-nymphe.de\/en\/binz-mit-dem-hund\/\">Read more<\/a><\/div>\n<\/div>\n<div class=\"boximageright\"><div class=\"eds-animate edsanimate-sis-hidden\" data-eds-entry-animation=\"fadeInRight\" data-eds-entry-delay=\"0\" data-eds-entry-duration=\"0.5\" data-eds-entry-timing=\"ease-in\" data-eds-exit-animation=\"\" data-eds-exit-delay=\"\" data-eds-exit-duration=\"\" data-eds-exit-timing=\"\" data-eds-repeat-count=\"1\" data-eds-keep=\"yes\" data-eds-animate-on=\"scroll\" data-eds-scroll-offset=\"75\"><img loading=\"lazy\" decoding=\"async\" class=\"alignnone size-full wp-image-130\" src=\"https:\/\/hotel-nymphe.de\/wp-content\/uploads\/2023\/07\/Aktivitaeten_Hund.jpg\" alt=\"\" width=\"1200\" height=\"500\" \/><\/div><\/div>\n<\/div>\n<\/div>\n<div class=\"distance\"><\/div>","protected":false},"excerpt":{"rendered":"<p>Urlaub mit Hund in Binz auf R\u00fcgen Vierbeiner&#8230; herzlich willkommen! Nicht nur unsere zweibeinigen G\u00e4ste hei\u00dfen wir HERZLICH WILLKOMMEN, sondern auch Ihre lieben Gef\u00e4hrten auf vier Pfoten&#8230; Im &#8220;nymphe strandhotel &amp; apartments&#8221; f\u00fchlt sich jeder\u00a0PUDEL-wohl! Auf Ihre Fellnase(-n) wartet auf dem Zimmer ein eigenes Willkommens-Paket (ab 2 \u00dcbernachtungen) und nach einem ausgiebigen Schl\u00e4fchen im bereitgestellten [&hellip;]<\/p>","protected":false},"author":1,"featured_media":0,"parent":0,"menu_order":0,"comment_status":"closed","ping_status":"closed","template":"","meta":{"footnotes":""},"class_list":["post-171","page","type-page","status-publish","hentry"],"yoast_head":"<!-- This site is optimized with the Yoast SEO plugin v25.3.1 - https:\/\/yoast.com\/wordpress\/plugins\/seo\/ -->\n<title>Hunde - Herzlich Willkommen - nymphe strandhotels &amp; apartments<\/title>\n<meta name=\"robots\" content=\"index, follow, max-snippet:-1, max-image-preview:large, max-video-preview:-1\" \/>\n<link rel=\"canonical\" href=\"https:\/\/hotel-nymphe.de\/en\/hunde-herzlich-willkommen\/\" \/>\n<meta property=\"og:locale\" content=\"en_GB\" \/>\n<meta property=\"og:type\" content=\"article\" \/>\n<meta property=\"og:title\" content=\"Hunde - Herzlich Willkommen - nymphe strandhotels &amp; apartments\" \/>\n<meta property=\"og:description\" content=\"Urlaub mit Hund in Binz auf R\u00fcgen Vierbeiner&#8230; herzlich willkommen! Nicht nur unsere zweibeinigen G\u00e4ste hei\u00dfen wir HERZLICH WILLKOMMEN, sondern auch Ihre lieben Gef\u00e4hrten auf vier Pfoten&#8230; Im &#8220;nymphe strandhotel &amp; apartments&#8221; f\u00fchlt sich jeder\u00a0PUDEL-wohl! Auf Ihre Fellnase(-n) wartet auf dem Zimmer ein eigenes Willkommens-Paket (ab 2 \u00dcbernachtungen) und nach einem ausgiebigen Schl\u00e4fchen im bereitgestellten [&hellip;]\" \/>\n<meta property=\"og:url\" content=\"https:\/\/hotel-nymphe.de\/en\/hunde-herzlich-willkommen\/\" \/>\n<meta property=\"og:site_name\" content=\"nymphe strandhotels &amp; apartments\" \/>\n<meta property=\"article:modified_time\" content=\"2025-11-21T07:12:52+00:00\" \/>\n<meta property=\"og:image\" content=\"https:\/\/hotel-nymphe.de\/wp-content\/uploads\/2023\/07\/Hundestrand.jpg\" \/>\n<meta name=\"twitter:card\" content=\"summary_large_image\" \/>\n<meta name=\"twitter:label1\" content=\"Estimated reading time\" \/>\n\t<meta name=\"twitter:data1\" content=\"3 minutes\" \/>\n<script type=\"application\/ld+json\" class=\"yoast-schema-graph\">{\"@context\":\"https:\/\/schema.org\",\"@graph\":[{\"@type\":\"WebPage\",\"@id\":\"https:\/\/hotel-nymphe.de\/hunde-herzlich-willkommen\/\",\"url\":\"https:\/\/hotel-nymphe.de\/hunde-herzlich-willkommen\/\",\"name\":\"Hunde - Herzlich Willkommen - nymphe strandhotels &amp; apartments\",\"isPartOf\":{\"@id\":\"https:\/\/hotel-nymphe.de\/#website\"},\"primaryImageOfPage\":{\"@id\":\"https:\/\/hotel-nymphe.de\/hunde-herzlich-willkommen\/#primaryimage\"},\"image\":{\"@id\":\"https:\/\/hotel-nymphe.de\/hunde-herzlich-willkommen\/#primaryimage\"},\"thumbnailUrl\":\"https:\/\/hotel-nymphe.de\/wp-content\/uploads\/2023\/07\/Hundestrand.jpg\",\"datePublished\":\"2022-12-16T08:34:19+00:00\",\"dateModified\":\"2025-11-21T07:12:52+00:00\",\"breadcrumb\":{\"@id\":\"https:\/\/hotel-nymphe.de\/hunde-herzlich-willkommen\/#breadcrumb\"},\"inLanguage\":\"en-GB\",\"potentialAction\":[{\"@type\":\"ReadAction\",\"target\":[\"https:\/\/hotel-nymphe.de\/hunde-herzlich-willkommen\/\"]}]},{\"@type\":\"ImageObject\",\"inLanguage\":\"en-GB\",\"@id\":\"https:\/\/hotel-nymphe.de\/hunde-herzlich-willkommen\/#primaryimage\",\"url\":\"https:\/\/hotel-nymphe.de\/wp-content\/uploads\/2023\/07\/Hundestrand.jpg\",\"contentUrl\":\"https:\/\/hotel-nymphe.de\/wp-content\/uploads\/2023\/07\/Hundestrand.jpg\"},{\"@type\":\"BreadcrumbList\",\"@id\":\"https:\/\/hotel-nymphe.de\/hunde-herzlich-willkommen\/#breadcrumb\",\"itemListElement\":[{\"@type\":\"ListItem\",\"position\":1,\"name\":\"Startseite\",\"item\":\"https:\/\/hotel-nymphe.de\/\"},{\"@type\":\"ListItem\",\"position\":2,\"name\":\"Hunde &#8211; Herzlich Willkommen\"}]},{\"@type\":\"WebSite\",\"@id\":\"https:\/\/hotel-nymphe.de\/#website\",\"url\":\"https:\/\/hotel-nymphe.de\/\",\"name\":\"nymphe strandhotels &amp; apartments\",\"description\":\"\",\"publisher\":{\"@id\":\"https:\/\/hotel-nymphe.de\/#organization\"},\"potentialAction\":[{\"@type\":\"SearchAction\",\"target\":{\"@type\":\"EntryPoint\",\"urlTemplate\":\"https:\/\/hotel-nymphe.de\/?s={search_term_string}\"},\"query-input\":{\"@type\":\"PropertyValueSpecification\",\"valueRequired\":true,\"valueName\":\"search_term_string\"}}],\"inLanguage\":\"en-GB\"},{\"@type\":\"Organization\",\"@id\":\"https:\/\/hotel-nymphe.de\/#organization\",\"name\":\"nymphe strandhotels &amp; apartments\",\"url\":\"https:\/\/hotel-nymphe.de\/\",\"logo\":{\"@type\":\"ImageObject\",\"inLanguage\":\"en-GB\",\"@id\":\"https:\/\/hotel-nymphe.de\/#\/schema\/logo\/image\/\",\"url\":\"https:\/\/hotel-nymphe.de\/wp-content\/uploads\/2022\/12\/cropped-logo_nymphe_frei.png\",\"contentUrl\":\"https:\/\/hotel-nymphe.de\/wp-content\/uploads\/2022\/12\/cropped-logo_nymphe_frei.png\",\"width\":240,\"height\":85,\"caption\":\"nymphe strandhotels &amp; apartments\"},\"image\":{\"@id\":\"https:\/\/hotel-nymphe.de\/#\/schema\/logo\/image\/\"}}]}<\/script>\n<!-- \/ Yoast SEO plugin. -->","yoast_head_json":{"title":"Hunde - Herzlich Willkommen - nymphe strandhotels &amp; apartments","robots":{"index":"index","follow":"follow","max-snippet":"max-snippet:-1","max-image-preview":"max-image-preview:large","max-video-preview":"max-video-preview:-1"},"canonical":"https:\/\/hotel-nymphe.de\/en\/hunde-herzlich-willkommen\/","og_locale":"en_GB","og_type":"article","og_title":"Hunde - Herzlich Willkommen - nymphe strandhotels &amp; apartments","og_description":"Urlaub mit Hund in Binz auf R\u00fcgen Vierbeiner&#8230; herzlich willkommen! Nicht nur unsere zweibeinigen G\u00e4ste hei\u00dfen wir HERZLICH WILLKOMMEN, sondern auch Ihre lieben Gef\u00e4hrten auf vier Pfoten&#8230; Im &#8220;nymphe strandhotel &amp; apartments&#8221; f\u00fchlt sich jeder\u00a0PUDEL-wohl! Auf Ihre Fellnase(-n) wartet auf dem Zimmer ein eigenes Willkommens-Paket (ab 2 \u00dcbernachtungen) und nach einem ausgiebigen Schl\u00e4fchen im bereitgestellten [&hellip;]","og_url":"https:\/\/hotel-nymphe.de\/en\/hunde-herzlich-willkommen\/","og_site_name":"nymphe strandhotels &amp; apartments","article_modified_time":"2025-11-21T07:12:52+00:00","og_image":[{"url":"https:\/\/hotel-nymphe.de\/wp-content\/uploads\/2023\/07\/Hundestrand.jpg","type":"","width":"","height":""}],"twitter_card":"summary_large_image","twitter_misc":{"Estimated reading time":"3 minutes"},"schema":{"@context":"https:\/\/schema.org","@graph":[{"@type":"WebPage","@id":"https:\/\/hotel-nymphe.de\/hunde-herzlich-willkommen\/","url":"https:\/\/hotel-nymphe.de\/hunde-herzlich-willkommen\/","name":"Hunde - Herzlich Willkommen - nymphe strandhotels &amp; apartments","isPartOf":{"@id":"https:\/\/hotel-nymphe.de\/#website"},"primaryImageOfPage":{"@id":"https:\/\/hotel-nymphe.de\/hunde-herzlich-willkommen\/#primaryimage"},"image":{"@id":"https:\/\/hotel-nymphe.de\/hunde-herzlich-willkommen\/#primaryimage"},"thumbnailUrl":"https:\/\/hotel-nymphe.de\/wp-content\/uploads\/2023\/07\/Hundestrand.jpg","datePublished":"2022-12-16T08:34:19+00:00","dateModified":"2025-11-21T07:12:52+00:00","breadcrumb":{"@id":"https:\/\/hotel-nymphe.de\/hunde-herzlich-willkommen\/#breadcrumb"},"inLanguage":"en-GB","potentialAction":[{"@type":"ReadAction","target":["https:\/\/hotel-nymphe.de\/hunde-herzlich-willkommen\/"]}]},{"@type":"ImageObject","inLanguage":"en-GB","@id":"https:\/\/hotel-nymphe.de\/hunde-herzlich-willkommen\/#primaryimage","url":"https:\/\/hotel-nymphe.de\/wp-content\/uploads\/2023\/07\/Hundestrand.jpg","contentUrl":"https:\/\/hotel-nymphe.de\/wp-content\/uploads\/2023\/07\/Hundestrand.jpg"},{"@type":"BreadcrumbList","@id":"https:\/\/hotel-nymphe.de\/hunde-herzlich-willkommen\/#breadcrumb","itemListElement":[{"@type":"ListItem","position":1,"name":"Startseite","item":"https:\/\/hotel-nymphe.de\/"},{"@type":"ListItem","position":2,"name":"Hunde &#8211; Herzlich Willkommen"}]},{"@type":"WebSite","@id":"https:\/\/hotel-nymphe.de\/#website","url":"https:\/\/hotel-nymphe.de\/","name":"nymphe strandhotels &amp; apartments","description":"","publisher":{"@id":"https:\/\/hotel-nymphe.de\/#organization"},"potentialAction":[{"@type":"SearchAction","target":{"@type":"EntryPoint","urlTemplate":"https:\/\/hotel-nymphe.de\/?s={search_term_string}"},"query-input":{"@type":"PropertyValueSpecification","valueRequired":true,"valueName":"search_term_string"}}],"inLanguage":"en-GB"},{"@type":"Organization","@id":"https:\/\/hotel-nymphe.de\/#organization","name":"nymphe strandhotels &amp; apartments","url":"https:\/\/hotel-nymphe.de\/","logo":{"@type":"ImageObject","inLanguage":"en-GB","@id":"https:\/\/hotel-nymphe.de\/#\/schema\/logo\/image\/","url":"https:\/\/hotel-nymphe.de\/wp-content\/uploads\/2022\/12\/cropped-logo_nymphe_frei.png","contentUrl":"https:\/\/hotel-nymphe.de\/wp-content\/uploads\/2022\/12\/cropped-logo_nymphe_frei.png","width":240,"height":85,"caption":"nymphe strandhotels &amp; apartments"},"image":{"@id":"https:\/\/hotel-nymphe.de\/#\/schema\/logo\/image\/"}}]}},"_links":{"self":[{"href":"https:\/\/hotel-nymphe.de\/en\/wp-json\/wp\/v2\/pages\/171","targetHints":{"allow":["GET"]}}],"collection":[{"href":"https:\/\/hotel-nymphe.de\/en\/wp-json\/wp\/v2\/pages"}],"about":[{"href":"https:\/\/hotel-nymphe.de\/en\/wp-json\/wp\/v2\/types\/page"}],"author":[{"embeddable":true,"href":"https:\/\/hotel-nymphe.de\/en\/wp-json\/wp\/v2\/users\/1"}],"replies":[{"embeddable":true,"href":"https:\/\/hotel-nymphe.de\/en\/wp-json\/wp\/v2\/comments?post=171"}],"version-history":[{"count":30,"href":"https:\/\/hotel-nymphe.de\/en\/wp-json\/wp\/v2\/pages\/171\/revisions"}],"predecessor-version":[{"id":1757,"href":"https:\/\/hotel-nymphe.de\/en\/wp-json\/wp\/v2\/pages\/171\/revisions\/1757"}],"wp:attachment":[{"href":"https:\/\/hotel-nymphe.de\/en\/wp-json\/wp\/v2\/media?parent=171"}],"curies":[{"name":"wp","href":"https:\/\/api.w.org\/{rel}","templated":true}]}}