{"id":1675,"date":"2025-08-29T11:46:02","date_gmt":"2025-08-29T09:46:02","guid":{"rendered":"https:\/\/hotel-nymphe.de\/?page_id=1675"},"modified":"2025-08-29T12:41:02","modified_gmt":"2025-08-29T10:41:02","slug":"fahrradurlaub-binz-ruegen","status":"publish","type":"page","link":"https:\/\/hotel-nymphe.de\/en\/fahrradurlaub-binz-ruegen\/","title":{"rendered":"Fahrradurlaub Binz R\u00fcgen"},"content":{"rendered":"<div class=\"n2_ss_slider_publish__option_code\" dir=\"ltr\" data-mode=\"id\"><\/div>\n<h2>Fahrradurlaub auf R\u00fcgen<\/h2>\n<div class=\"subhead\">Entdecken Sie die Insel vom Hotel Nymphe in Binz aus<\/div>\n<p>Ein Fahrradurlaub auf R\u00fcgen ist die perfekte M\u00f6glichkeit, die gr\u00f6\u00dfte Insel Deutschlands aktiv und naturnah zu erleben. Malerische K\u00fcstenwege, dichte Buchenw\u00e4lder und traumhafte Str\u00e4nde laden dazu ein, die Insel auf zwei R\u00e4dern zu erkunden. Unser Hotel Nymphe in Binz, direkt an der Strandpromenade gelegen, bietet Ihnen daf\u00fcr den idealen Ausgangspunkt. Hier genie\u00dfen Sie nicht nur h\u00f6chsten Komfort und Ostseeblick, sondern starten auch direkt zu unvergesslichen Radtouren entlang der K\u00fcste oder ins idyllische Hinterland.<\/p>\n<p>&nbsp;<\/p>\n<p>Von Binz aus k\u00f6nnen Sie zahlreiche Highlights R\u00fcgens mit dem Fahrrad erreichen. Ob eine Tour zu den ber\u00fchmten Kreidefelsen im Nationalpark Jasmund, eine entspannte Fahrt entlang der Strandpromenade bis nach Sellin oder eine Entdeckungstour durch die malerische Granitz \u2013 die abwechslungsreichen Radwege machen Ihren Urlaub zu einem Erlebnis. Besonders beliebt ist der Ostseek\u00fcsten-Radweg, der direkt an Binz vorbeif\u00fchrt und herrliche Ausblicke auf die Ostsee garantiert.<\/p>\n<p>&nbsp;<\/p>\n<p>Damit Sie Ihren Fahrradurlaub auf R\u00fcgen besonders komfortabel gestalten k\u00f6nnen, bieten wir Ihnen im Hotel Nymphe einen eigenen E-Bike-Verleih. Mit modernen E-Bikes lassen sich auch l\u00e4ngere Strecken m\u00fchelos zur\u00fccklegen, sodass Sie die Vielfalt der Insel ganz entspannt entdecken k\u00f6nnen. Ob sportliche Touren oder gem\u00fctliche Ausfl\u00fcge \u2013 mit unseren E-Bikes haben Sie die richtige Unterst\u00fctzung f\u00fcr jede Route.<\/p>\n<p>&nbsp;<\/p>\n<p>Nach einem erlebnisreichen Tag kehren Sie in unser Hotel zur\u00fcck und lassen den Abend bei einem Glas Wein auf unserer Terrasse mit Meerblick ausklingen. Unsere komfortablen Zimmer, das stilvolle Ambiente und die direkte Lage an der Strandpromenade von Binz machen das Hotel Nymphe zur perfekten Unterkunft f\u00fcr Ihren Fahrradurlaub auf R\u00fcgen.<\/p>\n<p>&nbsp;<\/p>\n<p>Planen Sie jetzt Ihre Auszeit und entdecken Sie R\u00fcgen aktiv \u2013 mit dem Fahrrad, einem E-Bike aus unserem Verleih und dem Hotel Nymphe als Ihr Zuhause direkt am Meer.<\/p>\n<p>&nbsp;<\/p>\n<div class=\"bikeboxes\">\n<div class=\"su-row\"><div class=\"su-column su-column-size-1-2 first\"><div class=\"su-column-inner su-u-clearfix su-u-trim\"><img loading=\"lazy\" decoding=\"async\" src=\"https:\/\/hotel-nymphe.de\/wp-content\/uploads\/2025\/08\/Entdeckerzeit_quer.jpg\" alt=\"\" width=\"974\" height=\"646\" class=\"alignleft size-full wp-image-1690\" srcset=\"https:\/\/hotel-nymphe.de\/wp-content\/uploads\/2025\/08\/Entdeckerzeit_quer.jpg 974w, https:\/\/hotel-nymphe.de\/wp-content\/uploads\/2025\/08\/Entdeckerzeit_quer-300x199.jpg 300w, https:\/\/hotel-nymphe.de\/wp-content\/uploads\/2025\/08\/Entdeckerzeit_quer-768x509.jpg 768w, https:\/\/hotel-nymphe.de\/wp-content\/uploads\/2025\/08\/Entdeckerzeit_quer-18x12.jpg 18w, https:\/\/hotel-nymphe.de\/wp-content\/uploads\/2025\/08\/Entdeckerzeit_quer-500x332.jpg 500w, https:\/\/hotel-nymphe.de\/wp-content\/uploads\/2025\/08\/Entdeckerzeit_quer-800x531.jpg 800w\" sizes=\"auto, (max-width: 974px) 100vw, 974px\" \/><\/div><\/div>\n<div class=\"su-column su-column-size-1-2 last\"><div class=\"su-column-inner su-u-clearfix su-u-trim\">\n<div class=\"subhead_boxtext\">E Bike Verleih<\/div>\n<p>Unsere E-Bike-Verleihpreise sind fair und bieten Ihnen ein Rundum-sorglos-Paket. Sie richten sich nach der Dauer und dem Modell, das Sie w\u00e4hlen:<\/p>\n<ul>\n<li><strong>Tagesmiete:<\/strong> Schon ab 25 \u20ac pro Tag k\u00f6nnen Sie ein E-Bike bei uns ausleihen.<\/li>\n<li><strong>Verg\u00fcnstigter Festpreis:<\/strong> Wenn Sie Ihr Wunsch-E-Bike l\u00e4nger testen m\u00f6chten, bieten wir auch Wochenmieten an.  F\u00fcr die Dauer bis zu einer Woche. Ab dem dritten Tag 20 \u20ac pro Tag!<\/li>\n<\/ul>\n<\/div><\/div><\/div>\n<\/p><\/div>","protected":false},"excerpt":{"rendered":"<p>Fahrradurlaub auf R\u00fcgen Entdecken Sie die Insel vom Hotel Nymphe in Binz aus Ein Fahrradurlaub auf R\u00fcgen ist die perfekte M\u00f6glichkeit, die gr\u00f6\u00dfte Insel Deutschlands aktiv und naturnah zu erleben. Malerische K\u00fcstenwege, dichte Buchenw\u00e4lder und traumhafte Str\u00e4nde laden dazu ein, die Insel auf zwei R\u00e4dern zu erkunden. Unser Hotel Nymphe in Binz, direkt an der [&hellip;]<\/p>","protected":false},"author":1,"featured_media":0,"parent":0,"menu_order":0,"comment_status":"closed","ping_status":"closed","template":"","meta":{"footnotes":""},"class_list":["post-1675","page","type-page","status-publish","hentry"],"yoast_head":"<!-- This site is optimized with the Yoast SEO plugin v25.3.1 - https:\/\/yoast.com\/wordpress\/plugins\/seo\/ -->\n<title>Fahrradurlaub Binz R\u00fcgen - nymphe strandhotels &amp; apartments<\/title>\n<meta name=\"robots\" content=\"index, follow, max-snippet:-1, max-image-preview:large, max-video-preview:-1\" \/>\n<link rel=\"canonical\" href=\"https:\/\/hotel-nymphe.de\/en\/fahrradurlaub-binz-ruegen\/\" \/>\n<meta property=\"og:locale\" content=\"en_GB\" \/>\n<meta property=\"og:type\" content=\"article\" \/>\n<meta property=\"og:title\" content=\"Fahrradurlaub Binz R\u00fcgen - nymphe strandhotels &amp; apartments\" \/>\n<meta property=\"og:description\" content=\"Fahrradurlaub auf R\u00fcgen Entdecken Sie die Insel vom Hotel Nymphe in Binz aus Ein Fahrradurlaub auf R\u00fcgen ist die perfekte M\u00f6glichkeit, die gr\u00f6\u00dfte Insel Deutschlands aktiv und naturnah zu erleben. Malerische K\u00fcstenwege, dichte Buchenw\u00e4lder und traumhafte Str\u00e4nde laden dazu ein, die Insel auf zwei R\u00e4dern zu erkunden. Unser Hotel Nymphe in Binz, direkt an der [&hellip;]\" \/>\n<meta property=\"og:url\" content=\"https:\/\/hotel-nymphe.de\/en\/fahrradurlaub-binz-ruegen\/\" \/>\n<meta property=\"og:site_name\" content=\"nymphe strandhotels &amp; apartments\" \/>\n<meta property=\"article:modified_time\" content=\"2025-08-29T10:41:02+00:00\" \/>\n<meta property=\"og:image\" content=\"https:\/\/hotel-nymphe.de\/wp-content\/uploads\/2025\/08\/Entdeckerzeit_quer.jpg\" \/>\n<meta name=\"twitter:card\" content=\"summary_large_image\" \/>\n<meta name=\"twitter:label1\" content=\"Estimated reading time\" \/>\n\t<meta name=\"twitter:data1\" content=\"3 minutes\" \/>\n<script type=\"application\/ld+json\" class=\"yoast-schema-graph\">{\"@context\":\"https:\/\/schema.org\",\"@graph\":[{\"@type\":\"WebPage\",\"@id\":\"https:\/\/hotel-nymphe.de\/fahrradurlaub-binz-ruegen\/\",\"url\":\"https:\/\/hotel-nymphe.de\/fahrradurlaub-binz-ruegen\/\",\"name\":\"Fahrradurlaub Binz R\u00fcgen - nymphe strandhotels &amp; apartments\",\"isPartOf\":{\"@id\":\"https:\/\/hotel-nymphe.de\/#website\"},\"primaryImageOfPage\":{\"@id\":\"https:\/\/hotel-nymphe.de\/fahrradurlaub-binz-ruegen\/#primaryimage\"},\"image\":{\"@id\":\"https:\/\/hotel-nymphe.de\/fahrradurlaub-binz-ruegen\/#primaryimage\"},\"thumbnailUrl\":\"https:\/\/hotel-nymphe.de\/wp-content\/uploads\/2025\/08\/Entdeckerzeit_quer.jpg\",\"datePublished\":\"2025-08-29T09:46:02+00:00\",\"dateModified\":\"2025-08-29T10:41:02+00:00\",\"breadcrumb\":{\"@id\":\"https:\/\/hotel-nymphe.de\/fahrradurlaub-binz-ruegen\/#breadcrumb\"},\"inLanguage\":\"en-GB\",\"potentialAction\":[{\"@type\":\"ReadAction\",\"target\":[\"https:\/\/hotel-nymphe.de\/fahrradurlaub-binz-ruegen\/\"]}]},{\"@type\":\"ImageObject\",\"inLanguage\":\"en-GB\",\"@id\":\"https:\/\/hotel-nymphe.de\/fahrradurlaub-binz-ruegen\/#primaryimage\",\"url\":\"https:\/\/hotel-nymphe.de\/wp-content\/uploads\/2025\/08\/Entdeckerzeit_quer.jpg\",\"contentUrl\":\"https:\/\/hotel-nymphe.de\/wp-content\/uploads\/2025\/08\/Entdeckerzeit_quer.jpg\"},{\"@type\":\"BreadcrumbList\",\"@id\":\"https:\/\/hotel-nymphe.de\/fahrradurlaub-binz-ruegen\/#breadcrumb\",\"itemListElement\":[{\"@type\":\"ListItem\",\"position\":1,\"name\":\"Startseite\",\"item\":\"https:\/\/hotel-nymphe.de\/\"},{\"@type\":\"ListItem\",\"position\":2,\"name\":\"Fahrradurlaub Binz R\u00fcgen\"}]},{\"@type\":\"WebSite\",\"@id\":\"https:\/\/hotel-nymphe.de\/#website\",\"url\":\"https:\/\/hotel-nymphe.de\/\",\"name\":\"nymphe strandhotels &amp; apartments\",\"description\":\"\",\"publisher\":{\"@id\":\"https:\/\/hotel-nymphe.de\/#organization\"},\"potentialAction\":[{\"@type\":\"SearchAction\",\"target\":{\"@type\":\"EntryPoint\",\"urlTemplate\":\"https:\/\/hotel-nymphe.de\/?s={search_term_string}\"},\"query-input\":{\"@type\":\"PropertyValueSpecification\",\"valueRequired\":true,\"valueName\":\"search_term_string\"}}],\"inLanguage\":\"en-GB\"},{\"@type\":\"Organization\",\"@id\":\"https:\/\/hotel-nymphe.de\/#organization\",\"name\":\"nymphe strandhotels &amp; apartments\",\"url\":\"https:\/\/hotel-nymphe.de\/\",\"logo\":{\"@type\":\"ImageObject\",\"inLanguage\":\"en-GB\",\"@id\":\"https:\/\/hotel-nymphe.de\/#\/schema\/logo\/image\/\",\"url\":\"https:\/\/hotel-nymphe.de\/wp-content\/uploads\/2022\/12\/cropped-logo_nymphe_frei.png\",\"contentUrl\":\"https:\/\/hotel-nymphe.de\/wp-content\/uploads\/2022\/12\/cropped-logo_nymphe_frei.png\",\"width\":240,\"height\":85,\"caption\":\"nymphe strandhotels &amp; apartments\"},\"image\":{\"@id\":\"https:\/\/hotel-nymphe.de\/#\/schema\/logo\/image\/\"}}]}<\/script>\n<!-- \/ Yoast SEO plugin. -->","yoast_head_json":{"title":"Fahrradurlaub Binz R\u00fcgen - nymphe strandhotels &amp; apartments","robots":{"index":"index","follow":"follow","max-snippet":"max-snippet:-1","max-image-preview":"max-image-preview:large","max-video-preview":"max-video-preview:-1"},"canonical":"https:\/\/hotel-nymphe.de\/en\/fahrradurlaub-binz-ruegen\/","og_locale":"en_GB","og_type":"article","og_title":"Fahrradurlaub Binz R\u00fcgen - nymphe strandhotels &amp; apartments","og_description":"Fahrradurlaub auf R\u00fcgen Entdecken Sie die Insel vom Hotel Nymphe in Binz aus Ein Fahrradurlaub auf R\u00fcgen ist die perfekte M\u00f6glichkeit, die gr\u00f6\u00dfte Insel Deutschlands aktiv und naturnah zu erleben. Malerische K\u00fcstenwege, dichte Buchenw\u00e4lder und traumhafte Str\u00e4nde laden dazu ein, die Insel auf zwei R\u00e4dern zu erkunden. Unser Hotel Nymphe in Binz, direkt an der [&hellip;]","og_url":"https:\/\/hotel-nymphe.de\/en\/fahrradurlaub-binz-ruegen\/","og_site_name":"nymphe strandhotels &amp; apartments","article_modified_time":"2025-08-29T10:41:02+00:00","og_image":[{"url":"https:\/\/hotel-nymphe.de\/wp-content\/uploads\/2025\/08\/Entdeckerzeit_quer.jpg","type":"","width":"","height":""}],"twitter_card":"summary_large_image","twitter_misc":{"Estimated reading time":"3 minutes"},"schema":{"@context":"https:\/\/schema.org","@graph":[{"@type":"WebPage","@id":"https:\/\/hotel-nymphe.de\/fahrradurlaub-binz-ruegen\/","url":"https:\/\/hotel-nymphe.de\/fahrradurlaub-binz-ruegen\/","name":"Fahrradurlaub Binz R\u00fcgen - nymphe strandhotels &amp; apartments","isPartOf":{"@id":"https:\/\/hotel-nymphe.de\/#website"},"primaryImageOfPage":{"@id":"https:\/\/hotel-nymphe.de\/fahrradurlaub-binz-ruegen\/#primaryimage"},"image":{"@id":"https:\/\/hotel-nymphe.de\/fahrradurlaub-binz-ruegen\/#primaryimage"},"thumbnailUrl":"https:\/\/hotel-nymphe.de\/wp-content\/uploads\/2025\/08\/Entdeckerzeit_quer.jpg","datePublished":"2025-08-29T09:46:02+00:00","dateModified":"2025-08-29T10:41:02+00:00","breadcrumb":{"@id":"https:\/\/hotel-nymphe.de\/fahrradurlaub-binz-ruegen\/#breadcrumb"},"inLanguage":"en-GB","potentialAction":[{"@type":"ReadAction","target":["https:\/\/hotel-nymphe.de\/fahrradurlaub-binz-ruegen\/"]}]},{"@type":"ImageObject","inLanguage":"en-GB","@id":"https:\/\/hotel-nymphe.de\/fahrradurlaub-binz-ruegen\/#primaryimage","url":"https:\/\/hotel-nymphe.de\/wp-content\/uploads\/2025\/08\/Entdeckerzeit_quer.jpg","contentUrl":"https:\/\/hotel-nymphe.de\/wp-content\/uploads\/2025\/08\/Entdeckerzeit_quer.jpg"},{"@type":"BreadcrumbList","@id":"https:\/\/hotel-nymphe.de\/fahrradurlaub-binz-ruegen\/#breadcrumb","itemListElement":[{"@type":"ListItem","position":1,"name":"Startseite","item":"https:\/\/hotel-nymphe.de\/"},{"@type":"ListItem","position":2,"name":"Fahrradurlaub Binz R\u00fcgen"}]},{"@type":"WebSite","@id":"https:\/\/hotel-nymphe.de\/#website","url":"https:\/\/hotel-nymphe.de\/","name":"nymphe strandhotels &amp; apartments","description":"","publisher":{"@id":"https:\/\/hotel-nymphe.de\/#organization"},"potentialAction":[{"@type":"SearchAction","target":{"@type":"EntryPoint","urlTemplate":"https:\/\/hotel-nymphe.de\/?s={search_term_string}"},"query-input":{"@type":"PropertyValueSpecification","valueRequired":true,"valueName":"search_term_string"}}],"inLanguage":"en-GB"},{"@type":"Organization","@id":"https:\/\/hotel-nymphe.de\/#organization","name":"nymphe strandhotels &amp; apartments","url":"https:\/\/hotel-nymphe.de\/","logo":{"@type":"ImageObject","inLanguage":"en-GB","@id":"https:\/\/hotel-nymphe.de\/#\/schema\/logo\/image\/","url":"https:\/\/hotel-nymphe.de\/wp-content\/uploads\/2022\/12\/cropped-logo_nymphe_frei.png","contentUrl":"https:\/\/hotel-nymphe.de\/wp-content\/uploads\/2022\/12\/cropped-logo_nymphe_frei.png","width":240,"height":85,"caption":"nymphe strandhotels &amp; apartments"},"image":{"@id":"https:\/\/hotel-nymphe.de\/#\/schema\/logo\/image\/"}}]}},"_links":{"self":[{"href":"https:\/\/hotel-nymphe.de\/en\/wp-json\/wp\/v2\/pages\/1675","targetHints":{"allow":["GET"]}}],"collection":[{"href":"https:\/\/hotel-nymphe.de\/en\/wp-json\/wp\/v2\/pages"}],"about":[{"href":"https:\/\/hotel-nymphe.de\/en\/wp-json\/wp\/v2\/types\/page"}],"author":[{"embeddable":true,"href":"https:\/\/hotel-nymphe.de\/en\/wp-json\/wp\/v2\/users\/1"}],"replies":[{"embeddable":true,"href":"https:\/\/hotel-nymphe.de\/en\/wp-json\/wp\/v2\/comments?post=1675"}],"version-history":[{"count":27,"href":"https:\/\/hotel-nymphe.de\/en\/wp-json\/wp\/v2\/pages\/1675\/revisions"}],"predecessor-version":[{"id":1705,"href":"https:\/\/hotel-nymphe.de\/en\/wp-json\/wp\/v2\/pages\/1675\/revisions\/1705"}],"wp:attachment":[{"href":"https:\/\/hotel-nymphe.de\/en\/wp-json\/wp\/v2\/media?parent=1675"}],"curies":[{"name":"wp","href":"https:\/\/api.w.org\/{rel}","templated":true}]}}