{"id":165,"date":"2022-12-16T09:32:47","date_gmt":"2022-12-16T08:32:47","guid":{"rendered":"https:\/\/hotel-nymphe.de\/?page_id=165"},"modified":"2024-01-03T13:27:42","modified_gmt":"2024-01-03T12:27:42","slug":"reiseruecktritt","status":"publish","type":"page","link":"https:\/\/hotel-nymphe.de\/en\/reiseruecktritt\/","title":{"rendered":"Travel insurance"},"content":{"rendered":"<div>\n<p><strong><u>R\u00fccktritt des Kunden (Abbestellung, Stornierung<\/u><\/strong><\/p>\n<p><u>(In case of cancellation by the customer following conditions apply)<\/u><\/p>\n<p>&#8211; 14 bis 7 Tage vor Reisebeginn: \u00a0 \u00a0 40% der Rechnungssumme<\/p>\n<p>&#8211; Ab dem 6. Tag vor Reisebeginn: \u00a0 60% der Rechnungssumme<\/p>\n<p>&#8211; Bei Stornierungen ab 48 Stunden vor dem Anreisetag oder Nichtanreise werden 80 % der\u00a0Rechnungssumme f\u00e4llig.<\/p>\n<p>&#8211; Bei vorzeitiger Abreise bis 14.00 Uhr werden zuz\u00fcglich zur Rechnungssumme bis zum Abreistag 80 % der Rechnungssumme, der ausstehenden N\u00e4chte f\u00e4llig.<\/p>\n<p>&#8211; Bei vorzeitiger Abreise nach 14.00 Uhr werden zuz\u00fcglich zur Rechnungssumme bis zum Abreistag 90 % der Rechnungssumme, der ausstehenden N\u00e4chte f\u00e4llig.<\/p>\n<p><strong><u>Stornierung von Gruppenreservierungen (ab 4 Zimmer)<\/u><\/strong><\/p>\n<p>&#8211; 31 bis 15 Tage vor Reisebeginn:\u00a0\u00a0\u00a0\u00a0\u00a0\u00a0\u00a0\u00a0 50 % der Rechnungssumme<\/p>\n<p>- 14 to 7 days before departure: 70% of the invoice<\/p>\n<p>&#8211; Bei Stornierung ab 7 Tage bis 48 Stunden vor dem Anreisetag oder Nichtanreise werden 90 % der Rechnungssumme f\u00e4llig<\/p>\n<p>&#8211; Bei vorzeitiger Abreise bis 14.00 Uhr werden zuz\u00fcglich zur Rechnungssumme bis zum Abreistag 80 % der Rechnungssumme, der ausstehenden N\u00e4chte f\u00e4llig.<\/p>\n<p>&#8211; Bei vorzeitiger Abreise nach 14.00 Uhr werden zuz\u00fcglich zur Rechnungssumme bis zum Abreistag 90 % der Rechnungssumme, der ausstehenden N\u00e4chte f\u00e4llig.<\/p>\n<\/div>\n<h2>Holiday for sure<\/h2>\n<div class=\"subhead\">Your travel insurance<\/div>\n<p>Dear guests,<\/p>\n<p>We recommend you always take out a travel insurance before your holiday begins. You can book your travel cancellation insurance immediately online.<\/p>\n<div class=\"ergo\"><div class=\"su-row\"><div class=\"su-column su-column-size-1-4 ergo_left\"><div class=\"su-column-inner su-u-clearfix su-u-trim\">\n<img loading=\"lazy\" decoding=\"async\" class=\"ergo alignleft wp-image-270\" src=\"https:\/\/hotel-nymphe.de\/wp-content\/uploads\/2022\/12\/erv-logo-de-rgb.png\" alt=\"\" width=\"250\" height=\"157\" srcset=\"https:\/\/hotel-nymphe.de\/wp-content\/uploads\/2022\/12\/erv-logo-de-rgb.png 1000w, https:\/\/hotel-nymphe.de\/wp-content\/uploads\/2022\/12\/erv-logo-de-rgb-300x189.png 300w, https:\/\/hotel-nymphe.de\/wp-content\/uploads\/2022\/12\/erv-logo-de-rgb-768x483.png 768w, https:\/\/hotel-nymphe.de\/wp-content\/uploads\/2022\/12\/erv-logo-de-rgb-18x12.png 18w, https:\/\/hotel-nymphe.de\/wp-content\/uploads\/2022\/12\/erv-logo-de-rgb-500x315.png 500w, https:\/\/hotel-nymphe.de\/wp-content\/uploads\/2022\/12\/erv-logo-de-rgb-800x503.png 800w\" sizes=\"auto, (max-width: 250px) 100vw, 250px\" \/><br \/>\n<\/div><\/div>\n<div class=\"su-column su-column-size-2-4 ergo_right\"><div class=\"su-column-inner su-u-clearfix su-u-trim\">Our recommendation for your protection is Ergo insurance.<a href=\"https:\/\/www.reiseversicherung.de\/de\/reiseschutz-deutschland\/index.html?agency=017160000000\">Follow the link...<\/a><br \/>\n<\/div><\/div><\/div><\/div>","protected":false},"excerpt":{"rendered":"<p>R\u00fccktritt des Kunden (Abbestellung, Stornierung (Bei R\u00fccktritt des Kunden gelten folgende Bedingungen) &#8211; 14 bis 7 Tage vor Reisebeginn: \u00a0 \u00a0 40% der Rechnungssumme &#8211; Ab dem 6. Tag vor Reisebeginn: \u00a0 60% der Rechnungssumme &#8211; Bei Stornierungen ab 48 Stunden vor dem Anreisetag oder Nichtanreise werden 80 % der\u00a0Rechnungssumme f\u00e4llig. &#8211; Bei vorzeitiger Abreise [&hellip;]<\/p>","protected":false},"author":1,"featured_media":0,"parent":0,"menu_order":0,"comment_status":"closed","ping_status":"closed","template":"","meta":{"footnotes":""},"class_list":["post-165","page","type-page","status-publish","hentry"],"yoast_head":"<!-- This site is optimized with the Yoast SEO plugin v25.3.1 - https:\/\/yoast.com\/wordpress\/plugins\/seo\/ -->\n<title>Reiser\u00fccktritt - nymphe strandhotels &amp; apartments<\/title>\n<meta name=\"robots\" content=\"index, follow, max-snippet:-1, max-image-preview:large, max-video-preview:-1\" \/>\n<link rel=\"canonical\" href=\"https:\/\/hotel-nymphe.de\/en\/reiseruecktritt\/\" \/>\n<meta property=\"og:locale\" content=\"en_GB\" \/>\n<meta property=\"og:type\" content=\"article\" \/>\n<meta property=\"og:title\" content=\"Reiser\u00fccktritt - nymphe strandhotels &amp; apartments\" \/>\n<meta property=\"og:description\" content=\"R\u00fccktritt des Kunden (Abbestellung, Stornierung (Bei R\u00fccktritt des Kunden gelten folgende Bedingungen) &#8211; 14 bis 7 Tage vor Reisebeginn: \u00a0 \u00a0 40% der Rechnungssumme &#8211; Ab dem 6. Tag vor Reisebeginn: \u00a0 60% der Rechnungssumme &#8211; Bei Stornierungen ab 48 Stunden vor dem Anreisetag oder Nichtanreise werden 80 % der\u00a0Rechnungssumme f\u00e4llig. &#8211; Bei vorzeitiger Abreise [&hellip;]\" \/>\n<meta property=\"og:url\" content=\"https:\/\/hotel-nymphe.de\/en\/reiseruecktritt\/\" \/>\n<meta property=\"og:site_name\" content=\"nymphe strandhotels &amp; apartments\" \/>\n<meta property=\"article:modified_time\" content=\"2024-01-03T12:27:42+00:00\" \/>\n<meta property=\"og:image\" content=\"https:\/\/hotel-nymphe.de\/wp-content\/uploads\/2022\/12\/erv-logo-de-rgb.png\" \/>\n<meta name=\"twitter:card\" content=\"summary_large_image\" \/>\n<meta name=\"twitter:label1\" content=\"Estimated reading time\" \/>\n\t<meta name=\"twitter:data1\" content=\"2 minutes\" \/>\n<script type=\"application\/ld+json\" class=\"yoast-schema-graph\">{\"@context\":\"https:\/\/schema.org\",\"@graph\":[{\"@type\":\"WebPage\",\"@id\":\"https:\/\/hotel-nymphe.de\/reiseruecktritt\/\",\"url\":\"https:\/\/hotel-nymphe.de\/reiseruecktritt\/\",\"name\":\"Reiser\u00fccktritt - nymphe strandhotels &amp; apartments\",\"isPartOf\":{\"@id\":\"https:\/\/hotel-nymphe.de\/#website\"},\"primaryImageOfPage\":{\"@id\":\"https:\/\/hotel-nymphe.de\/reiseruecktritt\/#primaryimage\"},\"image\":{\"@id\":\"https:\/\/hotel-nymphe.de\/reiseruecktritt\/#primaryimage\"},\"thumbnailUrl\":\"https:\/\/hotel-nymphe.de\/wp-content\/uploads\/2022\/12\/erv-logo-de-rgb.png\",\"datePublished\":\"2022-12-16T08:32:47+00:00\",\"dateModified\":\"2024-01-03T12:27:42+00:00\",\"breadcrumb\":{\"@id\":\"https:\/\/hotel-nymphe.de\/reiseruecktritt\/#breadcrumb\"},\"inLanguage\":\"en-GB\",\"potentialAction\":[{\"@type\":\"ReadAction\",\"target\":[\"https:\/\/hotel-nymphe.de\/reiseruecktritt\/\"]}]},{\"@type\":\"ImageObject\",\"inLanguage\":\"en-GB\",\"@id\":\"https:\/\/hotel-nymphe.de\/reiseruecktritt\/#primaryimage\",\"url\":\"https:\/\/hotel-nymphe.de\/wp-content\/uploads\/2022\/12\/erv-logo-de-rgb.png\",\"contentUrl\":\"https:\/\/hotel-nymphe.de\/wp-content\/uploads\/2022\/12\/erv-logo-de-rgb.png\"},{\"@type\":\"BreadcrumbList\",\"@id\":\"https:\/\/hotel-nymphe.de\/reiseruecktritt\/#breadcrumb\",\"itemListElement\":[{\"@type\":\"ListItem\",\"position\":1,\"name\":\"Startseite\",\"item\":\"https:\/\/hotel-nymphe.de\/\"},{\"@type\":\"ListItem\",\"position\":2,\"name\":\"Reiser\u00fccktritt\"}]},{\"@type\":\"WebSite\",\"@id\":\"https:\/\/hotel-nymphe.de\/#website\",\"url\":\"https:\/\/hotel-nymphe.de\/\",\"name\":\"nymphe strandhotels &amp; apartments\",\"description\":\"\",\"publisher\":{\"@id\":\"https:\/\/hotel-nymphe.de\/#organization\"},\"potentialAction\":[{\"@type\":\"SearchAction\",\"target\":{\"@type\":\"EntryPoint\",\"urlTemplate\":\"https:\/\/hotel-nymphe.de\/?s={search_term_string}\"},\"query-input\":{\"@type\":\"PropertyValueSpecification\",\"valueRequired\":true,\"valueName\":\"search_term_string\"}}],\"inLanguage\":\"en-GB\"},{\"@type\":\"Organization\",\"@id\":\"https:\/\/hotel-nymphe.de\/#organization\",\"name\":\"nymphe strandhotels &amp; apartments\",\"url\":\"https:\/\/hotel-nymphe.de\/\",\"logo\":{\"@type\":\"ImageObject\",\"inLanguage\":\"en-GB\",\"@id\":\"https:\/\/hotel-nymphe.de\/#\/schema\/logo\/image\/\",\"url\":\"https:\/\/hotel-nymphe.de\/wp-content\/uploads\/2022\/12\/cropped-logo_nymphe_frei.png\",\"contentUrl\":\"https:\/\/hotel-nymphe.de\/wp-content\/uploads\/2022\/12\/cropped-logo_nymphe_frei.png\",\"width\":240,\"height\":85,\"caption\":\"nymphe strandhotels &amp; apartments\"},\"image\":{\"@id\":\"https:\/\/hotel-nymphe.de\/#\/schema\/logo\/image\/\"}}]}<\/script>\n<!-- \/ Yoast SEO plugin. -->","yoast_head_json":{"title":"Reiser\u00fccktritt - nymphe strandhotels &amp; apartments","robots":{"index":"index","follow":"follow","max-snippet":"max-snippet:-1","max-image-preview":"max-image-preview:large","max-video-preview":"max-video-preview:-1"},"canonical":"https:\/\/hotel-nymphe.de\/en\/reiseruecktritt\/","og_locale":"en_GB","og_type":"article","og_title":"Reiser\u00fccktritt - nymphe strandhotels &amp; apartments","og_description":"R\u00fccktritt des Kunden (Abbestellung, Stornierung (Bei R\u00fccktritt des Kunden gelten folgende Bedingungen) &#8211; 14 bis 7 Tage vor Reisebeginn: \u00a0 \u00a0 40% der Rechnungssumme &#8211; Ab dem 6. Tag vor Reisebeginn: \u00a0 60% der Rechnungssumme &#8211; Bei Stornierungen ab 48 Stunden vor dem Anreisetag oder Nichtanreise werden 80 % der\u00a0Rechnungssumme f\u00e4llig. &#8211; Bei vorzeitiger Abreise [&hellip;]","og_url":"https:\/\/hotel-nymphe.de\/en\/reiseruecktritt\/","og_site_name":"nymphe strandhotels &amp; apartments","article_modified_time":"2024-01-03T12:27:42+00:00","og_image":[{"url":"https:\/\/hotel-nymphe.de\/wp-content\/uploads\/2022\/12\/erv-logo-de-rgb.png","type":"","width":"","height":""}],"twitter_card":"summary_large_image","twitter_misc":{"Estimated reading time":"2 minutes"},"schema":{"@context":"https:\/\/schema.org","@graph":[{"@type":"WebPage","@id":"https:\/\/hotel-nymphe.de\/reiseruecktritt\/","url":"https:\/\/hotel-nymphe.de\/reiseruecktritt\/","name":"Reiser\u00fccktritt - nymphe strandhotels &amp; apartments","isPartOf":{"@id":"https:\/\/hotel-nymphe.de\/#website"},"primaryImageOfPage":{"@id":"https:\/\/hotel-nymphe.de\/reiseruecktritt\/#primaryimage"},"image":{"@id":"https:\/\/hotel-nymphe.de\/reiseruecktritt\/#primaryimage"},"thumbnailUrl":"https:\/\/hotel-nymphe.de\/wp-content\/uploads\/2022\/12\/erv-logo-de-rgb.png","datePublished":"2022-12-16T08:32:47+00:00","dateModified":"2024-01-03T12:27:42+00:00","breadcrumb":{"@id":"https:\/\/hotel-nymphe.de\/reiseruecktritt\/#breadcrumb"},"inLanguage":"en-GB","potentialAction":[{"@type":"ReadAction","target":["https:\/\/hotel-nymphe.de\/reiseruecktritt\/"]}]},{"@type":"ImageObject","inLanguage":"en-GB","@id":"https:\/\/hotel-nymphe.de\/reiseruecktritt\/#primaryimage","url":"https:\/\/hotel-nymphe.de\/wp-content\/uploads\/2022\/12\/erv-logo-de-rgb.png","contentUrl":"https:\/\/hotel-nymphe.de\/wp-content\/uploads\/2022\/12\/erv-logo-de-rgb.png"},{"@type":"BreadcrumbList","@id":"https:\/\/hotel-nymphe.de\/reiseruecktritt\/#breadcrumb","itemListElement":[{"@type":"ListItem","position":1,"name":"Startseite","item":"https:\/\/hotel-nymphe.de\/"},{"@type":"ListItem","position":2,"name":"Reiser\u00fccktritt"}]},{"@type":"WebSite","@id":"https:\/\/hotel-nymphe.de\/#website","url":"https:\/\/hotel-nymphe.de\/","name":"nymphe strandhotels &amp; apartments","description":"","publisher":{"@id":"https:\/\/hotel-nymphe.de\/#organization"},"potentialAction":[{"@type":"SearchAction","target":{"@type":"EntryPoint","urlTemplate":"https:\/\/hotel-nymphe.de\/?s={search_term_string}"},"query-input":{"@type":"PropertyValueSpecification","valueRequired":true,"valueName":"search_term_string"}}],"inLanguage":"en-GB"},{"@type":"Organization","@id":"https:\/\/hotel-nymphe.de\/#organization","name":"nymphe strandhotels &amp; apartments","url":"https:\/\/hotel-nymphe.de\/","logo":{"@type":"ImageObject","inLanguage":"en-GB","@id":"https:\/\/hotel-nymphe.de\/#\/schema\/logo\/image\/","url":"https:\/\/hotel-nymphe.de\/wp-content\/uploads\/2022\/12\/cropped-logo_nymphe_frei.png","contentUrl":"https:\/\/hotel-nymphe.de\/wp-content\/uploads\/2022\/12\/cropped-logo_nymphe_frei.png","width":240,"height":85,"caption":"nymphe strandhotels &amp; apartments"},"image":{"@id":"https:\/\/hotel-nymphe.de\/#\/schema\/logo\/image\/"}}]}},"_links":{"self":[{"href":"https:\/\/hotel-nymphe.de\/en\/wp-json\/wp\/v2\/pages\/165","targetHints":{"allow":["GET"]}}],"collection":[{"href":"https:\/\/hotel-nymphe.de\/en\/wp-json\/wp\/v2\/pages"}],"about":[{"href":"https:\/\/hotel-nymphe.de\/en\/wp-json\/wp\/v2\/types\/page"}],"author":[{"embeddable":true,"href":"https:\/\/hotel-nymphe.de\/en\/wp-json\/wp\/v2\/users\/1"}],"replies":[{"embeddable":true,"href":"https:\/\/hotel-nymphe.de\/en\/wp-json\/wp\/v2\/comments?post=165"}],"version-history":[{"count":22,"href":"https:\/\/hotel-nymphe.de\/en\/wp-json\/wp\/v2\/pages\/165\/revisions"}],"predecessor-version":[{"id":1289,"href":"https:\/\/hotel-nymphe.de\/en\/wp-json\/wp\/v2\/pages\/165\/revisions\/1289"}],"wp:attachment":[{"href":"https:\/\/hotel-nymphe.de\/en\/wp-json\/wp\/v2\/media?parent=165"}],"curies":[{"name":"wp","href":"https:\/\/api.w.org\/{rel}","templated":true}]}}