{"id":163,"date":"2022-12-16T09:32:14","date_gmt":"2022-12-16T08:32:14","guid":{"rendered":"https:\/\/hotel-nymphe.de\/?page_id=163"},"modified":"2023-12-29T12:02:21","modified_gmt":"2023-12-29T11:02:21","slug":"anfahrt-parken","status":"publish","type":"page","link":"https:\/\/hotel-nymphe.de\/en\/anfahrt-parken\/","title":{"rendered":"Directions &amp; Parking"},"content":{"rendered":"<h2>Your way to us<\/h2>\n<div class=\"subhead\">Many roads lead to Binz!<\/div>\n<p>Here you will find information on how to reach us most quickly and conveniently.<\/p>\n<p>Directions<\/p>\n<div class=\"su-accordion su-u-trim anfahrt\"><div class=\"su-spoiler su-spoiler-style-default su-spoiler-icon-plus su-spoiler-closed\" data-scroll-offset=\"0\" data-anchor-in-url=\"no\"><div class=\"su-spoiler-title\" tabindex=\"0\" role=\"button\"><span class=\"su-spoiler-icon\"><\/span>By train <\/div><div class=\"su-spoiler-content su-u-clearfix su-u-trim\">\n<strong>Arrival by train<\/strong><\/p>\n<p>Die Deutsche Bahn bietet von Berlin 1x und von Hamburg 3x t\u00e4glich direkte IC-Verbindungen nach Binz mit Anschl\u00fcssen aus ganz Deutschland an. Bei allen anderen Z\u00fcgen m\u00fcssen Sie Umsteigehalte in Stralsund und Lietzow in Kauf nehmen.<br \/>\nTravelling by night train from Switzerland, southern and western Germany to Binz is pleasant (summer only).<\/p>\n<p>The train station is only an 8-minute walk from the hotel.<\/p>\n<p><a href=\"https:\/\/reiseauskunft.bahn.de\/bin\/query.exe\/d?Z=Binz,+Nymphe+Hotel&amp;ZPOI=1&amp;SADR=1&amp;dbkanal_004=L01_S01_D001_KPK0024_mvp-so-ruegen-hotel_LZ03\">Your personal itinerary<\/a><\/p>\n<p><img loading=\"lazy\" decoding=\"async\" class=\"alignleft size-full wp-image-287\" src=\"https:\/\/hotel-nymphe.de\/wp-content\/uploads\/2022\/12\/binz.jpg\" alt=\"\" width=\"550\" height=\"306\" srcset=\"https:\/\/hotel-nymphe.de\/wp-content\/uploads\/2022\/12\/binz.jpg 550w, https:\/\/hotel-nymphe.de\/wp-content\/uploads\/2022\/12\/binz-300x167.jpg 300w, https:\/\/hotel-nymphe.de\/wp-content\/uploads\/2022\/12\/binz-18x10.jpg 18w, https:\/\/hotel-nymphe.de\/wp-content\/uploads\/2022\/12\/binz-500x278.jpg 500w\" sizes=\"auto, (max-width: 550px) 100vw, 550px\" \/><\/p>\n<\/div><\/div>\n<div class=\"su-spoiler su-spoiler-style-default su-spoiler-icon-plus su-spoiler-closed\" data-scroll-offset=\"0\" data-anchor-in-url=\"no\"><div class=\"su-spoiler-title\" tabindex=\"0\" role=\"button\"><span class=\"su-spoiler-icon\"><\/span>By car<\/div><div class=\"su-spoiler-content su-u-clearfix su-u-trim\">\n<strong>From the direction of Berlin (east):<\/strong><br \/>\nComing from the A 11, take the A 20 towards L\u00fcbeck at the Uckermark junction.<\/p>\n<p><strong>From Berlin (west):<\/strong><br \/>\nComing from the A 19, at the Rostock junction take the A 20 towards Stettin.<\/p>\n<p><strong>From the direction of Hamburg \/ Schleswig-Holstein:<\/strong><br \/>\nComing from the A1, take the A20 at L\u00fcbecker Kreuz.<br \/>\n<div class=\"su-row\"><div class=\"su-column su-column-size-1-2\"><div class=\"su-column-inner su-u-clearfix su-u-trim\">\n<img loading=\"lazy\" decoding=\"async\" class=\"alignleft size-full wp-image-295\" src=\"https:\/\/hotel-nymphe.de\/wp-content\/uploads\/2022\/12\/ruegen_strassenkarte.jpg\" alt=\"\" width=\"400\" height=\"400\" srcset=\"https:\/\/hotel-nymphe.de\/wp-content\/uploads\/2022\/12\/ruegen_strassenkarte.jpg 400w, https:\/\/hotel-nymphe.de\/wp-content\/uploads\/2022\/12\/ruegen_strassenkarte-300x300.jpg 300w, https:\/\/hotel-nymphe.de\/wp-content\/uploads\/2022\/12\/ruegen_strassenkarte-150x150.jpg 150w, https:\/\/hotel-nymphe.de\/wp-content\/uploads\/2022\/12\/ruegen_strassenkarte-12x12.jpg 12w\" sizes=\"auto, (max-width: 400px) 100vw, 400px\" \/><br \/>\n<\/div><\/div>\n<div class=\"su-column su-column-size-1-2\"><div class=\"su-column-inner su-u-clearfix su-u-trim\">\n<strong>For all then:<\/strong> Leave the A 20 motorway at the Stralsund\/R\u00fcgen exit and take the B 96 motorway. Pass Stralsund and cross the new R\u00fcgen Bridge in the direction of Sassnitz\/Bergen. Shortly before Bergen, change to the B 196 for 8 km and then follow the signs to \"Binz\" for the last 12 km. At the entrance to the town, look out for the blue hotel route.<\/p>\n<p><strong>The relaxed side street alternative:<\/strong><\/p>\n<p>Leave the B 96 motorway at the Reinberg exit (look for the valid ferry symbol!) and follow the country road to Stahlbrode harbour. Take the Glewitz ferry to R\u00fcgen (journey time: approx. 12 min.). Follow the signs to Putbus\/Binz through the beautiful avenues of the \"Alte B\u00e4derstra\u00dfe\".<br \/>\n<\/div><\/div><\/div>\n<div class=\"su-row\"><div class=\"su-column su-column-size-1-2\"><div class=\"su-column-inner su-u-clearfix su-u-trim\">\n<img loading=\"lazy\" decoding=\"async\" class=\"alignleft size-full wp-image-287\" src=\"https:\/\/hotel-nymphe.de\/wp-content\/uploads\/2022\/12\/binz.jpg\" alt=\"\" width=\"550\" height=\"306\" srcset=\"https:\/\/hotel-nymphe.de\/wp-content\/uploads\/2022\/12\/binz.jpg 550w, https:\/\/hotel-nymphe.de\/wp-content\/uploads\/2022\/12\/binz-300x167.jpg 300w, https:\/\/hotel-nymphe.de\/wp-content\/uploads\/2022\/12\/binz-18x10.jpg 18w, https:\/\/hotel-nymphe.de\/wp-content\/uploads\/2022\/12\/binz-500x278.jpg 500w\" sizes=\"auto, (max-width: 550px) 100vw, 550px\" \/><br \/>\n<\/div><\/div>\n<div class=\"su-column su-column-size-1-2\"><div class=\"su-column-inner su-u-clearfix su-u-trim\">\n<strong>Please note:<\/strong> The beach promenade is the hotel's postal address, but it is closed to cars. Therefore, please approach via Lottumstra\u00dfe (one-way street). The hotel entrance with reception is located there at Lottumstra\u00dfe 28, parallel to the beach promenade.<br \/>\n<\/div><\/div><\/div>\n<\/div><\/div>\n<div class=\"su-spoiler su-spoiler-style-default su-spoiler-icon-plus su-spoiler-closed\" data-scroll-offset=\"0\" data-anchor-in-url=\"no\"><div class=\"su-spoiler-title\" tabindex=\"0\" role=\"button\"><span class=\"su-spoiler-icon\"><\/span>By plane<\/div><div class=\"su-spoiler-content su-u-clearfix su-u-trim\">\n<div class=\"su-row\"><div class=\"su-column su-column-size-1-3\"><div class=\"su-column-inner su-u-clearfix su-u-trim\">\n<img loading=\"lazy\" decoding=\"async\" class=\"alignleft size-full wp-image-295\" src=\"https:\/\/hotel-nymphe.de\/wp-content\/uploads\/2022\/12\/ruegen_strassenkarte.jpg\" alt=\"\" width=\"400\" height=\"400\" srcset=\"https:\/\/hotel-nymphe.de\/wp-content\/uploads\/2022\/12\/ruegen_strassenkarte.jpg 400w, https:\/\/hotel-nymphe.de\/wp-content\/uploads\/2022\/12\/ruegen_strassenkarte-300x300.jpg 300w, https:\/\/hotel-nymphe.de\/wp-content\/uploads\/2022\/12\/ruegen_strassenkarte-150x150.jpg 150w, https:\/\/hotel-nymphe.de\/wp-content\/uploads\/2022\/12\/ruegen_strassenkarte-12x12.jpg 12w\" sizes=\"auto, (max-width: 400px) 100vw, 400px\" \/><br \/>\n<\/div><\/div>\n<div class=\"su-column su-column-size-2-3\"><div class=\"su-column-inner su-u-clearfix su-u-trim\">\nG\u00fcttin airfield on R\u00fcgen is suitable for small charter planes and private aircraft. Travel time to Binz: approx. 25 min (see details below).<br \/>\n<\/div><\/div><\/div>\n<\/div><\/div><\/div>\n<div class=\"distance\"><\/div>\n<div class=\"clear\"><\/div>\n<div class=\"distance\"><\/div>\n<h3>Parking in the Baltic resort of Binz<\/h3>\n<div class=\"su-row\"><div class=\"su-column su-column-size-1-2\"><div class=\"su-column-inner su-u-clearfix su-u-trim\">\n<img loading=\"lazy\" decoding=\"async\" class=\"alignleft size-full wp-image-318\" src=\"https:\/\/hotel-nymphe.de\/wp-content\/uploads\/2022\/12\/Bild-TG.jpg\" alt=\"\" width=\"1200\" height=\"675\" srcset=\"https:\/\/hotel-nymphe.de\/wp-content\/uploads\/2022\/12\/Bild-TG.jpg 1200w, https:\/\/hotel-nymphe.de\/wp-content\/uploads\/2022\/12\/Bild-TG-300x169.jpg 300w, https:\/\/hotel-nymphe.de\/wp-content\/uploads\/2022\/12\/Bild-TG-1024x576.jpg 1024w, https:\/\/hotel-nymphe.de\/wp-content\/uploads\/2022\/12\/Bild-TG-768x432.jpg 768w, https:\/\/hotel-nymphe.de\/wp-content\/uploads\/2022\/12\/Bild-TG-18x10.jpg 18w, https:\/\/hotel-nymphe.de\/wp-content\/uploads\/2022\/12\/Bild-TG-500x281.jpg 500w, https:\/\/hotel-nymphe.de\/wp-content\/uploads\/2022\/12\/Bild-TG-800x450.jpg 800w\" sizes=\"auto, (max-width: 1200px) 100vw, 1200px\" \/><br \/>\n<\/div><\/div>\n<div class=\"su-column su-column-size-1-2\"><div class=\"su-column-inner su-u-clearfix su-u-trim\">\nDue to the difficult parking situation in the Baltic resort of Binz, as well as the limited capacity of our multi-storey car park, we generally recommend booking a parking space in advance.<br \/>\nOur house only has one outdoor parking space, which is intended for vehicles over 1,85 m.<\/p>\n<p>Our underground car park is a paternoster system<br \/>\n(lift system, max. pitch height 1.85m).<br \/>\nF\u00fcr die verbindliche Reservierung eines Stellplatzes, ben\u00f6tigen wir die Fahrzeugh\u00f6he und -l\u00e4nge anhand der Zulassungspapiere (Nummer 18 + 20), sowie den Fahrzeugtyp.<\/p>\n<p>Eine Vorreservierung kann bequem telefonisch oder per E-Mail vorgenommen werden.<\/p>\n<p>Eine Alternative zur Tiefgarage, befindet sich ca. 500 m entfernt am Hauptbahnhof. Die Parkgeb\u00fchr betr\u00e4gt \u20ac 5,00\/24 h &amp; muss t\u00e4glich gel\u00f6st werden. (Stand 07\/2023)<br \/>\nOur colleagues will be happy to assist you on arrival.<br \/>\n<\/div><\/div><\/div>\n<div class=\"distance\"><\/div>\n<p>Directions (Google)<\/p>\n<h3>Our address in Binz:<\/h3>\n<div class=\"iframewrapper\"><iframe loading=\"lazy\" style=\"border: 0;\" src=\"https:\/\/www.google.com\/maps\/embed?pb=!1m18!1m12!1m3!1d2322.204033253113!2d13.6066256!3d54.406372999999995!2m3!1f0!2f0!3f0!3m2!1i1024!2i768!4f13.1!3m3!1m2!1s0x47ab3f9b12e31453%3A0x564bfa0ee60d7810!2sStrandpromenade+48%2C+18609+Binz!5e0!3m2!1sde!2sde!4v1433255808728\" width=\"550\" height=\"400\" frameborder=\"0\"><\/iframe><\/div>","protected":false},"excerpt":{"rendered":"<p>Ihr Weg zu uns Viele Wege f\u00fchren nach Binz! Hier finden Sie Informationen, wie Sie uns am schnellsten und bequemsten erreichen. Anfahrtsbeschreibungen Parken im Ostseebad Binz Anfahrtsbeschreibung (Google) Unsere Adresse in Binz:<\/p>","protected":false},"author":1,"featured_media":0,"parent":0,"menu_order":0,"comment_status":"closed","ping_status":"closed","template":"","meta":{"footnotes":""},"class_list":["post-163","page","type-page","status-publish","hentry"],"yoast_head":"<!-- This site is optimized with the Yoast SEO plugin v25.3.1 - https:\/\/yoast.com\/wordpress\/plugins\/seo\/ -->\n<title>Anfahrt &amp; Parken - nymphe strandhotels &amp; apartments<\/title>\n<meta name=\"robots\" content=\"index, follow, max-snippet:-1, max-image-preview:large, max-video-preview:-1\" \/>\n<link rel=\"canonical\" href=\"https:\/\/hotel-nymphe.de\/en\/anfahrt-parken\/\" \/>\n<meta property=\"og:locale\" content=\"en_GB\" \/>\n<meta property=\"og:type\" content=\"article\" \/>\n<meta property=\"og:title\" content=\"Anfahrt &amp; Parken - nymphe strandhotels &amp; apartments\" \/>\n<meta property=\"og:description\" content=\"Ihr Weg zu uns Viele Wege f\u00fchren nach Binz! Hier finden Sie Informationen, wie Sie uns am schnellsten und bequemsten erreichen. Anfahrtsbeschreibungen Parken im Ostseebad Binz Anfahrtsbeschreibung (Google) Unsere Adresse in Binz:\" \/>\n<meta property=\"og:url\" content=\"https:\/\/hotel-nymphe.de\/en\/anfahrt-parken\/\" \/>\n<meta property=\"og:site_name\" content=\"nymphe strandhotels &amp; apartments\" \/>\n<meta property=\"article:modified_time\" content=\"2023-12-29T11:02:21+00:00\" \/>\n<meta property=\"og:image\" content=\"https:\/\/hotel-nymphe.de\/wp-content\/uploads\/2022\/12\/binz.jpg\" \/>\n<meta name=\"twitter:card\" content=\"summary_large_image\" \/>\n<meta name=\"twitter:label1\" content=\"Estimated reading time\" \/>\n\t<meta name=\"twitter:data1\" content=\"4 minutes\" \/>\n<script type=\"application\/ld+json\" class=\"yoast-schema-graph\">{\"@context\":\"https:\/\/schema.org\",\"@graph\":[{\"@type\":\"WebPage\",\"@id\":\"https:\/\/hotel-nymphe.de\/anfahrt-parken\/\",\"url\":\"https:\/\/hotel-nymphe.de\/anfahrt-parken\/\",\"name\":\"Anfahrt & Parken - nymphe strandhotels &amp; apartments\",\"isPartOf\":{\"@id\":\"https:\/\/hotel-nymphe.de\/#website\"},\"primaryImageOfPage\":{\"@id\":\"https:\/\/hotel-nymphe.de\/anfahrt-parken\/#primaryimage\"},\"image\":{\"@id\":\"https:\/\/hotel-nymphe.de\/anfahrt-parken\/#primaryimage\"},\"thumbnailUrl\":\"https:\/\/hotel-nymphe.de\/wp-content\/uploads\/2022\/12\/binz.jpg\",\"datePublished\":\"2022-12-16T08:32:14+00:00\",\"dateModified\":\"2023-12-29T11:02:21+00:00\",\"breadcrumb\":{\"@id\":\"https:\/\/hotel-nymphe.de\/anfahrt-parken\/#breadcrumb\"},\"inLanguage\":\"en-GB\",\"potentialAction\":[{\"@type\":\"ReadAction\",\"target\":[\"https:\/\/hotel-nymphe.de\/anfahrt-parken\/\"]}]},{\"@type\":\"ImageObject\",\"inLanguage\":\"en-GB\",\"@id\":\"https:\/\/hotel-nymphe.de\/anfahrt-parken\/#primaryimage\",\"url\":\"https:\/\/hotel-nymphe.de\/wp-content\/uploads\/2022\/12\/binz.jpg\",\"contentUrl\":\"https:\/\/hotel-nymphe.de\/wp-content\/uploads\/2022\/12\/binz.jpg\"},{\"@type\":\"BreadcrumbList\",\"@id\":\"https:\/\/hotel-nymphe.de\/anfahrt-parken\/#breadcrumb\",\"itemListElement\":[{\"@type\":\"ListItem\",\"position\":1,\"name\":\"Startseite\",\"item\":\"https:\/\/hotel-nymphe.de\/\"},{\"@type\":\"ListItem\",\"position\":2,\"name\":\"Anfahrt &#038; Parken\"}]},{\"@type\":\"WebSite\",\"@id\":\"https:\/\/hotel-nymphe.de\/#website\",\"url\":\"https:\/\/hotel-nymphe.de\/\",\"name\":\"nymphe strandhotels &amp; apartments\",\"description\":\"\",\"publisher\":{\"@id\":\"https:\/\/hotel-nymphe.de\/#organization\"},\"potentialAction\":[{\"@type\":\"SearchAction\",\"target\":{\"@type\":\"EntryPoint\",\"urlTemplate\":\"https:\/\/hotel-nymphe.de\/?s={search_term_string}\"},\"query-input\":{\"@type\":\"PropertyValueSpecification\",\"valueRequired\":true,\"valueName\":\"search_term_string\"}}],\"inLanguage\":\"en-GB\"},{\"@type\":\"Organization\",\"@id\":\"https:\/\/hotel-nymphe.de\/#organization\",\"name\":\"nymphe strandhotels &amp; apartments\",\"url\":\"https:\/\/hotel-nymphe.de\/\",\"logo\":{\"@type\":\"ImageObject\",\"inLanguage\":\"en-GB\",\"@id\":\"https:\/\/hotel-nymphe.de\/#\/schema\/logo\/image\/\",\"url\":\"https:\/\/hotel-nymphe.de\/wp-content\/uploads\/2022\/12\/cropped-logo_nymphe_frei.png\",\"contentUrl\":\"https:\/\/hotel-nymphe.de\/wp-content\/uploads\/2022\/12\/cropped-logo_nymphe_frei.png\",\"width\":240,\"height\":85,\"caption\":\"nymphe strandhotels &amp; apartments\"},\"image\":{\"@id\":\"https:\/\/hotel-nymphe.de\/#\/schema\/logo\/image\/\"}}]}<\/script>\n<!-- \/ Yoast SEO plugin. -->","yoast_head_json":{"title":"Anfahrt & Parken - nymphe strandhotels &amp; apartments","robots":{"index":"index","follow":"follow","max-snippet":"max-snippet:-1","max-image-preview":"max-image-preview:large","max-video-preview":"max-video-preview:-1"},"canonical":"https:\/\/hotel-nymphe.de\/en\/anfahrt-parken\/","og_locale":"en_GB","og_type":"article","og_title":"Anfahrt & Parken - nymphe strandhotels &amp; apartments","og_description":"Ihr Weg zu uns Viele Wege f\u00fchren nach Binz! Hier finden Sie Informationen, wie Sie uns am schnellsten und bequemsten erreichen. Anfahrtsbeschreibungen Parken im Ostseebad Binz Anfahrtsbeschreibung (Google) Unsere Adresse in Binz:","og_url":"https:\/\/hotel-nymphe.de\/en\/anfahrt-parken\/","og_site_name":"nymphe strandhotels &amp; apartments","article_modified_time":"2023-12-29T11:02:21+00:00","og_image":[{"url":"https:\/\/hotel-nymphe.de\/wp-content\/uploads\/2022\/12\/binz.jpg","type":"","width":"","height":""}],"twitter_card":"summary_large_image","twitter_misc":{"Estimated reading time":"4 minutes"},"schema":{"@context":"https:\/\/schema.org","@graph":[{"@type":"WebPage","@id":"https:\/\/hotel-nymphe.de\/anfahrt-parken\/","url":"https:\/\/hotel-nymphe.de\/anfahrt-parken\/","name":"Anfahrt & Parken - nymphe strandhotels &amp; apartments","isPartOf":{"@id":"https:\/\/hotel-nymphe.de\/#website"},"primaryImageOfPage":{"@id":"https:\/\/hotel-nymphe.de\/anfahrt-parken\/#primaryimage"},"image":{"@id":"https:\/\/hotel-nymphe.de\/anfahrt-parken\/#primaryimage"},"thumbnailUrl":"https:\/\/hotel-nymphe.de\/wp-content\/uploads\/2022\/12\/binz.jpg","datePublished":"2022-12-16T08:32:14+00:00","dateModified":"2023-12-29T11:02:21+00:00","breadcrumb":{"@id":"https:\/\/hotel-nymphe.de\/anfahrt-parken\/#breadcrumb"},"inLanguage":"en-GB","potentialAction":[{"@type":"ReadAction","target":["https:\/\/hotel-nymphe.de\/anfahrt-parken\/"]}]},{"@type":"ImageObject","inLanguage":"en-GB","@id":"https:\/\/hotel-nymphe.de\/anfahrt-parken\/#primaryimage","url":"https:\/\/hotel-nymphe.de\/wp-content\/uploads\/2022\/12\/binz.jpg","contentUrl":"https:\/\/hotel-nymphe.de\/wp-content\/uploads\/2022\/12\/binz.jpg"},{"@type":"BreadcrumbList","@id":"https:\/\/hotel-nymphe.de\/anfahrt-parken\/#breadcrumb","itemListElement":[{"@type":"ListItem","position":1,"name":"Startseite","item":"https:\/\/hotel-nymphe.de\/"},{"@type":"ListItem","position":2,"name":"Anfahrt &#038; Parken"}]},{"@type":"WebSite","@id":"https:\/\/hotel-nymphe.de\/#website","url":"https:\/\/hotel-nymphe.de\/","name":"nymphe strandhotels &amp; apartments","description":"","publisher":{"@id":"https:\/\/hotel-nymphe.de\/#organization"},"potentialAction":[{"@type":"SearchAction","target":{"@type":"EntryPoint","urlTemplate":"https:\/\/hotel-nymphe.de\/?s={search_term_string}"},"query-input":{"@type":"PropertyValueSpecification","valueRequired":true,"valueName":"search_term_string"}}],"inLanguage":"en-GB"},{"@type":"Organization","@id":"https:\/\/hotel-nymphe.de\/#organization","name":"nymphe strandhotels &amp; apartments","url":"https:\/\/hotel-nymphe.de\/","logo":{"@type":"ImageObject","inLanguage":"en-GB","@id":"https:\/\/hotel-nymphe.de\/#\/schema\/logo\/image\/","url":"https:\/\/hotel-nymphe.de\/wp-content\/uploads\/2022\/12\/cropped-logo_nymphe_frei.png","contentUrl":"https:\/\/hotel-nymphe.de\/wp-content\/uploads\/2022\/12\/cropped-logo_nymphe_frei.png","width":240,"height":85,"caption":"nymphe strandhotels &amp; apartments"},"image":{"@id":"https:\/\/hotel-nymphe.de\/#\/schema\/logo\/image\/"}}]}},"_links":{"self":[{"href":"https:\/\/hotel-nymphe.de\/en\/wp-json\/wp\/v2\/pages\/163","targetHints":{"allow":["GET"]}}],"collection":[{"href":"https:\/\/hotel-nymphe.de\/en\/wp-json\/wp\/v2\/pages"}],"about":[{"href":"https:\/\/hotel-nymphe.de\/en\/wp-json\/wp\/v2\/types\/page"}],"author":[{"embeddable":true,"href":"https:\/\/hotel-nymphe.de\/en\/wp-json\/wp\/v2\/users\/1"}],"replies":[{"embeddable":true,"href":"https:\/\/hotel-nymphe.de\/en\/wp-json\/wp\/v2\/comments?post=163"}],"version-history":[{"count":44,"href":"https:\/\/hotel-nymphe.de\/en\/wp-json\/wp\/v2\/pages\/163\/revisions"}],"predecessor-version":[{"id":1281,"href":"https:\/\/hotel-nymphe.de\/en\/wp-json\/wp\/v2\/pages\/163\/revisions\/1281"}],"wp:attachment":[{"href":"https:\/\/hotel-nymphe.de\/en\/wp-json\/wp\/v2\/media?parent=163"}],"curies":[{"name":"wp","href":"https:\/\/api.w.org\/{rel}","templated":true}]}}