{"id":1603,"date":"2025-06-20T10:57:03","date_gmt":"2025-06-20T08:57:03","guid":{"rendered":"https:\/\/hotel-nymphe.de\/accessibility-statement\/"},"modified":"2025-06-20T11:37:54","modified_gmt":"2025-06-20T09:37:54","slug":"accessibility-statement","status":"publish","type":"page","link":"https:\/\/hotel-nymphe.de\/en\/accessibility-statement\/","title":{"rendered":"Accessibility statement"},"content":{"rendered":"<div id=\"bf1\">\n<h1>ACCESSIBILITY STATEMENT<\/h1>\n<p>nymphe strandhotel &amp; apartments GmbH &amp; Co.KG is committed to ensuring digital accessibility for people with disabilities. We are continually improving the user experience for everyone and applying the relevant accessibility standards.<\/p>\n<h2>CONFORMANCE STATUS<\/h2>\n<p>The Web Content Accessibility Guidelines (WCAG) defines requirements for designers and developers to improve accessibility for people with disabilities. It defines three levels of conformance: Level A, Level AA, and Level AAA.<\/p>\n<p>nymphe strandhotel &amp; apartments GmbH &amp; Co.KG is making constant efforts to improve the accessibility of its site and services in the belief that it is our collective moral obligation to allow seamless, accessible, and unhindered use for those of us with disabilities.<\/p>\n<p>We aim to make all pages and content on https:\/\/hotel-nymphe.de\/ accessible, but some content may not yet fully meet the highest accessibility standards. This could be due to challenges in identifying the most suitable technological solution.<\/p>\n<p>We may revise this Statement periodically to reflect improvements or changes to our accessibility practices.<\/p>\n<h2>Non-accessible content<\/h2>\n<ul>\n<li>Reading order not always chronological<\/li>\n<li>Some alternative texts for images and graphics are still missing.<\/li>\n<li>In certain cases, color contrasts do not meet the minimum requirements.<\/li>\n<\/ul>\n<h2>FEEDBACK<\/h2>\n<p>We welcome your feedback on the accessibility of nymphe strandhotel &amp; apartments GmbH &amp; Co.KG website. Please let us know if you encounter accessibility barriers on our website:<\/p>\n<p>E-Mail: info@hotel-nymphe.de<\/p>\n<p>We try to respond to feedback within 3\u20135 business days.<\/p>\n<p>This statement was created on 20.6.2025.<\/p>\n<h2>Conciliation procedure<\/h2>\n<p>If you are of the opinion that you are disadvantaged by an insufficiently accessible design of our website,<br \/>\nyou can contact the arbitration board in accordance with \u00a7 16 BGG: <strong>Schlichtungsstelle nach \u00a7 16 BGG<\/strong> wenden:<\/p>\n<address>Schlichtungsstelle BGG beim Bundesbeauftragten f\u00fcr die Belange von Menschen mit Behinderungen<br \/>\nMauerstra\u00dfe 53<br \/>\n10117 Berlin<br \/>\nTelefon: <a href=\"tel:+4930185272805\">030 \/ 18 527-2805<\/a><br \/>\nE-Mail: <a href=\"mailto:info@schlichtungsstelle-bgg.de\">info@schlichtungsstelle-bgg.de<\/a><br \/>\nWeb: <a href=\"https:\/\/www.schlichtungsstelle-bgg.de\" target=\"_blank\" rel=\"noopener\">www.schlichtungsstelle-bgg.de<\/a><\/address>\n<\/div>","protected":false},"excerpt":{"rendered":"<p>Barrierefreiheitserkl\u00e4rung Die nymphe strandhotel &amp; apartments GmbH &amp; Co.KG verpflichtet sich, die digitale Zug\u00e4nglichkeit f\u00fcr Menschen mit Behinderungen zu gew\u00e4hrleisten. Wir arbeiten kontinuierlich an der Verbesserung der Benutzerfreundlichkeit f\u00fcr alle und an der Anwendung der relevanten Standards f\u00fcr Barrierefreiheit. Status der Konformit\u00e4t Die Web Content Accessibility Guidelines (WCAG) definieren Anforderungen an Designer und Entwickler, um [&hellip;]<\/p>","protected":false},"author":1,"featured_media":0,"parent":0,"menu_order":0,"comment_status":"closed","ping_status":"closed","template":"","meta":{"footnotes":""},"class_list":["post-1603","page","type-page","status-publish","hentry"],"yoast_head":"<!-- This site is optimized with the Yoast SEO plugin v25.3.1 - https:\/\/yoast.com\/wordpress\/plugins\/seo\/ -->\n<title>Accessibility statement - nymphe strandhotels &amp; apartments<\/title>\n<meta name=\"robots\" content=\"noindex, nofollow\" \/>\n<meta property=\"og:locale\" content=\"en_GB\" \/>\n<meta property=\"og:type\" content=\"article\" \/>\n<meta property=\"og:title\" content=\"Accessibility statement - nymphe strandhotels &amp; apartments\" \/>\n<meta property=\"og:description\" content=\"Barrierefreiheitserkl\u00e4rung Die nymphe strandhotel &amp; apartments GmbH &amp; Co.KG verpflichtet sich, die digitale Zug\u00e4nglichkeit f\u00fcr Menschen mit Behinderungen zu gew\u00e4hrleisten. Wir arbeiten kontinuierlich an der Verbesserung der Benutzerfreundlichkeit f\u00fcr alle und an der Anwendung der relevanten Standards f\u00fcr Barrierefreiheit. Status der Konformit\u00e4t Die Web Content Accessibility Guidelines (WCAG) definieren Anforderungen an Designer und Entwickler, um [&hellip;]\" \/>\n<meta property=\"og:url\" content=\"https:\/\/hotel-nymphe.de\/en\/accessibility-statement\/\" \/>\n<meta property=\"og:site_name\" content=\"nymphe strandhotels &amp; apartments\" \/>\n<meta property=\"article:modified_time\" content=\"2025-06-20T09:37:54+00:00\" \/>\n<meta name=\"twitter:card\" content=\"summary_large_image\" \/>\n<meta name=\"twitter:label1\" content=\"Estimated reading time\" \/>\n\t<meta name=\"twitter:data1\" content=\"2 minutes\" \/>\n<script type=\"application\/ld+json\" class=\"yoast-schema-graph\">{\"@context\":\"https:\/\/schema.org\",\"@graph\":[{\"@type\":\"WebPage\",\"@id\":\"https:\/\/hotel-nymphe.de\/accessibility-statement\/\",\"url\":\"https:\/\/hotel-nymphe.de\/accessibility-statement\/\",\"name\":\"Accessibility statement - nymphe strandhotels &amp; apartments\",\"isPartOf\":{\"@id\":\"https:\/\/hotel-nymphe.de\/#website\"},\"datePublished\":\"2025-06-20T08:57:03+00:00\",\"dateModified\":\"2025-06-20T09:37:54+00:00\",\"breadcrumb\":{\"@id\":\"https:\/\/hotel-nymphe.de\/accessibility-statement\/#breadcrumb\"},\"inLanguage\":\"en-GB\",\"potentialAction\":[{\"@type\":\"ReadAction\",\"target\":[\"https:\/\/hotel-nymphe.de\/accessibility-statement\/\"]}]},{\"@type\":\"BreadcrumbList\",\"@id\":\"https:\/\/hotel-nymphe.de\/accessibility-statement\/#breadcrumb\",\"itemListElement\":[{\"@type\":\"ListItem\",\"position\":1,\"name\":\"Startseite\",\"item\":\"https:\/\/hotel-nymphe.de\/\"},{\"@type\":\"ListItem\",\"position\":2,\"name\":\"Accessibility statement\"}]},{\"@type\":\"WebSite\",\"@id\":\"https:\/\/hotel-nymphe.de\/#website\",\"url\":\"https:\/\/hotel-nymphe.de\/\",\"name\":\"nymphe strandhotels &amp; apartments\",\"description\":\"\",\"publisher\":{\"@id\":\"https:\/\/hotel-nymphe.de\/#organization\"},\"potentialAction\":[{\"@type\":\"SearchAction\",\"target\":{\"@type\":\"EntryPoint\",\"urlTemplate\":\"https:\/\/hotel-nymphe.de\/?s={search_term_string}\"},\"query-input\":{\"@type\":\"PropertyValueSpecification\",\"valueRequired\":true,\"valueName\":\"search_term_string\"}}],\"inLanguage\":\"en-GB\"},{\"@type\":\"Organization\",\"@id\":\"https:\/\/hotel-nymphe.de\/#organization\",\"name\":\"nymphe strandhotels &amp; apartments\",\"url\":\"https:\/\/hotel-nymphe.de\/\",\"logo\":{\"@type\":\"ImageObject\",\"inLanguage\":\"en-GB\",\"@id\":\"https:\/\/hotel-nymphe.de\/#\/schema\/logo\/image\/\",\"url\":\"https:\/\/hotel-nymphe.de\/wp-content\/uploads\/2022\/12\/cropped-logo_nymphe_frei.png\",\"contentUrl\":\"https:\/\/hotel-nymphe.de\/wp-content\/uploads\/2022\/12\/cropped-logo_nymphe_frei.png\",\"width\":240,\"height\":85,\"caption\":\"nymphe strandhotels &amp; apartments\"},\"image\":{\"@id\":\"https:\/\/hotel-nymphe.de\/#\/schema\/logo\/image\/\"}}]}<\/script>\n<!-- \/ Yoast SEO plugin. -->","yoast_head_json":{"title":"Accessibility statement - nymphe strandhotels &amp; apartments","robots":{"index":"noindex","follow":"nofollow"},"og_locale":"en_GB","og_type":"article","og_title":"Accessibility statement - nymphe strandhotels &amp; apartments","og_description":"Barrierefreiheitserkl\u00e4rung Die nymphe strandhotel &amp; apartments GmbH &amp; Co.KG verpflichtet sich, die digitale Zug\u00e4nglichkeit f\u00fcr Menschen mit Behinderungen zu gew\u00e4hrleisten. Wir arbeiten kontinuierlich an der Verbesserung der Benutzerfreundlichkeit f\u00fcr alle und an der Anwendung der relevanten Standards f\u00fcr Barrierefreiheit. Status der Konformit\u00e4t Die Web Content Accessibility Guidelines (WCAG) definieren Anforderungen an Designer und Entwickler, um [&hellip;]","og_url":"https:\/\/hotel-nymphe.de\/en\/accessibility-statement\/","og_site_name":"nymphe strandhotels &amp; apartments","article_modified_time":"2025-06-20T09:37:54+00:00","twitter_card":"summary_large_image","twitter_misc":{"Estimated reading time":"2 minutes"},"schema":{"@context":"https:\/\/schema.org","@graph":[{"@type":"WebPage","@id":"https:\/\/hotel-nymphe.de\/accessibility-statement\/","url":"https:\/\/hotel-nymphe.de\/accessibility-statement\/","name":"Accessibility statement - nymphe strandhotels &amp; apartments","isPartOf":{"@id":"https:\/\/hotel-nymphe.de\/#website"},"datePublished":"2025-06-20T08:57:03+00:00","dateModified":"2025-06-20T09:37:54+00:00","breadcrumb":{"@id":"https:\/\/hotel-nymphe.de\/accessibility-statement\/#breadcrumb"},"inLanguage":"en-GB","potentialAction":[{"@type":"ReadAction","target":["https:\/\/hotel-nymphe.de\/accessibility-statement\/"]}]},{"@type":"BreadcrumbList","@id":"https:\/\/hotel-nymphe.de\/accessibility-statement\/#breadcrumb","itemListElement":[{"@type":"ListItem","position":1,"name":"Startseite","item":"https:\/\/hotel-nymphe.de\/"},{"@type":"ListItem","position":2,"name":"Accessibility statement"}]},{"@type":"WebSite","@id":"https:\/\/hotel-nymphe.de\/#website","url":"https:\/\/hotel-nymphe.de\/","name":"nymphe strandhotels &amp; apartments","description":"","publisher":{"@id":"https:\/\/hotel-nymphe.de\/#organization"},"potentialAction":[{"@type":"SearchAction","target":{"@type":"EntryPoint","urlTemplate":"https:\/\/hotel-nymphe.de\/?s={search_term_string}"},"query-input":{"@type":"PropertyValueSpecification","valueRequired":true,"valueName":"search_term_string"}}],"inLanguage":"en-GB"},{"@type":"Organization","@id":"https:\/\/hotel-nymphe.de\/#organization","name":"nymphe strandhotels &amp; apartments","url":"https:\/\/hotel-nymphe.de\/","logo":{"@type":"ImageObject","inLanguage":"en-GB","@id":"https:\/\/hotel-nymphe.de\/#\/schema\/logo\/image\/","url":"https:\/\/hotel-nymphe.de\/wp-content\/uploads\/2022\/12\/cropped-logo_nymphe_frei.png","contentUrl":"https:\/\/hotel-nymphe.de\/wp-content\/uploads\/2022\/12\/cropped-logo_nymphe_frei.png","width":240,"height":85,"caption":"nymphe strandhotels &amp; apartments"},"image":{"@id":"https:\/\/hotel-nymphe.de\/#\/schema\/logo\/image\/"}}]}},"_links":{"self":[{"href":"https:\/\/hotel-nymphe.de\/en\/wp-json\/wp\/v2\/pages\/1603","targetHints":{"allow":["GET"]}}],"collection":[{"href":"https:\/\/hotel-nymphe.de\/en\/wp-json\/wp\/v2\/pages"}],"about":[{"href":"https:\/\/hotel-nymphe.de\/en\/wp-json\/wp\/v2\/types\/page"}],"author":[{"embeddable":true,"href":"https:\/\/hotel-nymphe.de\/en\/wp-json\/wp\/v2\/users\/1"}],"replies":[{"embeddable":true,"href":"https:\/\/hotel-nymphe.de\/en\/wp-json\/wp\/v2\/comments?post=1603"}],"version-history":[{"count":11,"href":"https:\/\/hotel-nymphe.de\/en\/wp-json\/wp\/v2\/pages\/1603\/revisions"}],"predecessor-version":[{"id":1615,"href":"https:\/\/hotel-nymphe.de\/en\/wp-json\/wp\/v2\/pages\/1603\/revisions\/1615"}],"wp:attachment":[{"href":"https:\/\/hotel-nymphe.de\/en\/wp-json\/wp\/v2\/media?parent=1603"}],"curies":[{"name":"wp","href":"https:\/\/api.w.org\/{rel}","templated":true}]}}