{"id":1295,"date":"2024-01-12T09:08:24","date_gmt":"2024-01-12T08:08:24","guid":{"rendered":"https:\/\/hotel-nymphe.de\/?page_id=1295"},"modified":"2024-01-16T12:18:45","modified_gmt":"2024-01-16T11:18:45","slug":"gutscheine","status":"publish","type":"page","link":"https:\/\/hotel-nymphe.de\/en\/gutscheine\/","title":{"rendered":"Gutscheine"},"content":{"rendered":"<div class=\"subhead\">Gutscheinanfrage<\/div>\n<div><\/div>\n<div>Gern k\u00f6nnen Sie hier Ihre Gutscheinanfrage stellen. Die Gutscheine werden von uns ausschlie\u00dflich nach erfolgreicher Kreditkartenabbuchung per Post an Sie verschickt. Ebenso stellen wir ausschlie\u00dflich Wertgutscheine f\u00fcr unser Hotel oder unser Restaurant &amp; Bar &#8220;Strandl\u00fccke&#8221; aus, keine expliziten Leistungen. (wie z.B. zwei \u00dcbernachtungen)<\/div>\n<div><\/div>\n<div class=\"bg-form\"><div class=\"su-row\"><div class=\"su-column su-column-size-2-3\"><div class=\"su-column-inner su-u-clearfix su-u-trim\">\n<div class=\"wpcf7 no-js\" id=\"wpcf7-f972-o1\" lang=\"de-DE\" dir=\"ltr\" data-wpcf7-id=\"972\">\n<div class=\"screen-reader-response\"><p role=\"status\" aria-live=\"polite\" aria-atomic=\"true\"><\/p> <ul><\/ul><\/div>\n<form action=\"\/en\/wp-json\/wp\/v2\/pages\/1295#wpcf7-f972-o1\" method=\"post\" class=\"wpcf7-form init\" aria-label=\"Contact form\" novalidate=\"novalidate\" data-status=\"init\" data-trp-original-action=\"\/en\/wp-json\/wp\/v2\/pages\/1295#wpcf7-f972-o1\">\n<div style=\"display: none;\">\n<input type=\"hidden\" name=\"_wpcf7\" value=\"972\" \/>\n<input type=\"hidden\" name=\"_wpcf7_version\" value=\"6.0.6\" \/>\n<input type=\"hidden\" name=\"_wpcf7_locale\" value=\"de_DE\" \/>\n<input type=\"hidden\" name=\"_wpcf7_unit_tag\" value=\"wpcf7-f972-o1\" \/>\n<input type=\"hidden\" name=\"_wpcf7_container_post\" value=\"0\" \/>\n<input type=\"hidden\" name=\"_wpcf7_posted_data_hash\" value=\"\" \/>\n<input type=\"hidden\" name=\"_wpcf7cf_hidden_group_fields\" value=\"[]\" \/>\n<input type=\"hidden\" name=\"_wpcf7cf_hidden_groups\" value=\"[]\" \/>\n<input type=\"hidden\" name=\"_wpcf7cf_visible_groups\" value=\"[]\" \/>\n<input type=\"hidden\" name=\"_wpcf7cf_repeaters\" value=\"[]\" \/>\n<input type=\"hidden\" name=\"_wpcf7cf_steps\" value=\"{}\" \/>\n<input type=\"hidden\" name=\"_wpcf7cf_options\" value=\"{&quot;form_id&quot;:972,&quot;conditions&quot;:[{&quot;then_field&quot;:&quot;Kreditkarte&quot;,&quot;and_rules&quot;:[{&quot;if_field&quot;:&quot;Zahlungsart&quot;,&quot;operator&quot;:&quot;equals&quot;,&quot;if_value&quot;:&quot;Kreditkarte&quot;}]},{&quot;then_field&quot;:&quot;Vorkasse&quot;,&quot;and_rules&quot;:[{&quot;if_field&quot;:&quot;Zahlungsart&quot;,&quot;operator&quot;:&quot;equals&quot;,&quot;if_value&quot;:&quot;Vorkasse&quot;}]},{&quot;then_field&quot;:&quot;Gutschein-Restaurant&quot;,&quot;and_rules&quot;:[{&quot;if_field&quot;:&quot;Gutschein-auswahl&quot;,&quot;operator&quot;:&quot;equals&quot;,&quot;if_value&quot;:&quot;Restaurant&quot;}]},{&quot;then_field&quot;:&quot;Gutschein-Wert&quot;,&quot;and_rules&quot;:[{&quot;if_field&quot;:&quot;Gutschein-auswahl&quot;,&quot;operator&quot;:&quot;equals&quot;,&quot;if_value&quot;:&quot;Wertgutschein (Hotel)&quot;}]}],&quot;settings&quot;:{&quot;animation&quot;:&quot;yes&quot;,&quot;animation_intime&quot;:200,&quot;animation_outtime&quot;:200,&quot;conditions_ui&quot;:&quot;normal&quot;,&quot;notice_dismissed&quot;:false}}\" \/>\n<\/div>\n<p><b>Adresse des Bestellers<\/b><br \/>\n<label><br \/>\n<span class=\"wpcf7-form-control-wrap\" data-name=\"your-name\"><input size=\"40\" maxlength=\"400\" class=\"wpcf7-form-control wpcf7-text wpcf7-validates-as-required\" autocomplete=\"name\" aria-required=\"true\" aria-invalid=\"false\" placeholder=\"Name\" value=\"\" type=\"text\" name=\"your-name\" \/><\/span> <\/label><br \/>\n<label><span class=\"wpcf7-form-control-wrap\" data-name=\"Strasse\"><input size=\"40\" maxlength=\"400\" class=\"wpcf7-form-control wpcf7-text\" aria-invalid=\"false\" placeholder=\"Strasse\" value=\"\" type=\"text\" name=\"Strasse\" \/><\/span><\/label><br \/>\n<label><\/label>\n<\/p>\n<div class=\"contact-plz\">\n\t<p><span class=\"wpcf7-form-control-wrap\" data-name=\"plz\"><input size=\"40\" maxlength=\"400\" class=\"wpcf7-form-control wpcf7-text\" aria-invalid=\"false\" placeholder=\"PLZ\" value=\"\" type=\"text\" name=\"plz\" \/><\/span>\n\t<\/p>\n<\/div>\n<div class=\"contact-ort\">\n\t<p><span class=\"wpcf7-form-control-wrap\" data-name=\"ort\"><input size=\"40\" maxlength=\"400\" class=\"wpcf7-form-control wpcf7-text\" aria-invalid=\"false\" placeholder=\"Ort\" value=\"\" type=\"text\" name=\"ort\" \/><\/span>\n\t<\/p>\n<\/div>\n<p><label><br \/>\n<span class=\"wpcf7-form-control-wrap\" data-name=\"your-email\"><input size=\"40\" maxlength=\"400\" class=\"wpcf7-form-control wpcf7-email wpcf7-validates-as-required wpcf7-text wpcf7-validates-as-email\" autocomplete=\"email\" aria-required=\"true\" aria-invalid=\"false\" placeholder=\"E-Mail Adresse\" value=\"\" type=\"email\" name=\"your-email\" \/><\/span> <\/label>\n<\/p>\n<p><label> <span class=\"wpcf7-form-control-wrap\" data-name=\"tel-477\"><input size=\"40\" maxlength=\"400\" class=\"wpcf7-form-control wpcf7-tel wpcf7-validates-as-required wpcf7-text wpcf7-validates-as-tel\" aria-required=\"true\" aria-invalid=\"false\" placeholder=\"Telefonnummer\" value=\"\" type=\"tel\" name=\"tel-477\" \/><\/span> <\/label><br \/>\n<label> <span class=\"wpcf7-form-control-wrap\" data-name=\"Handynr\"><input size=\"40\" maxlength=\"400\" class=\"wpcf7-form-control wpcf7-tel wpcf7-text wpcf7-validates-as-tel\" aria-invalid=\"false\" placeholder=\"Handynummer\" value=\"\" type=\"tel\" name=\"Handynr\" \/><\/span><\/label>\n<\/p>\n<p><label> Name des Beschenkten<br \/>\n<span class=\"wpcf7-form-control-wrap\" data-name=\"name-gutscheinempfaenger\"><input size=\"40\" maxlength=\"400\" class=\"wpcf7-form-control wpcf7-text\" aria-invalid=\"false\" value=\"\" type=\"text\" name=\"name-gutscheinempfaenger\" \/><\/span><\/label><br \/>\n<label>Wert in H\u00f6he von <span class=\"wpcf7-form-control-wrap\" data-name=\"betrag\"><input size=\"40\" maxlength=\"400\" class=\"wpcf7-form-control wpcf7-text\" aria-invalid=\"false\" value=\"\" type=\"text\" name=\"betrag\" \/><\/span><\/label><br \/>\n<label> Zahlungsart<br \/>\n<span class=\"wpcf7-form-control-wrap\" data-name=\"Zahlungsart\"><select class=\"wpcf7-form-control wpcf7-select\" aria-invalid=\"false\" name=\"Zahlungsart\"><option value=\"---\">---<\/option><option value=\"Kreditkarte\">Kreditkarte<\/option><\/select><\/span> <\/label><br \/>\n<span data-id=\"Kreditkarte\" data-orig_data_id=\"Kreditkarte\" data-clear_on_hide class=\"\" data-class=\"wpcf7cf_group\"><br \/>\n<label> Karteninhaber (falls abweichend) <span class=\"wpcf7-form-control-wrap\" data-name=\"karteninhaber\"><input size=\"40\" maxlength=\"400\" class=\"wpcf7-form-control wpcf7-text\" aria-invalid=\"false\" value=\"\" type=\"text\" name=\"karteninhaber\" \/><\/span><\/label><br \/>\n<label>Kartennummer <span class=\"wpcf7-form-control-wrap\" data-name=\"kartennummer\"><input size=\"40\" maxlength=\"400\" class=\"wpcf7-form-control wpcf7-text\" aria-invalid=\"false\" value=\"\" type=\"text\" name=\"kartennummer\" \/><\/span><\/label><br \/>\n<label> Ablaufdatum<span class=\"wpcf7-form-control-wrap\" data-name=\"ablaufdatum\"><input size=\"40\" maxlength=\"400\" class=\"wpcf7-form-control wpcf7-text\" aria-invalid=\"false\" value=\"MM\/JJ\" type=\"text\" name=\"ablaufdatum\" \/><\/span><\/label><br \/>\n<label>Pr\u00fcfnummer <span class=\"wpcf7-form-control-wrap\" data-name=\"pruefnummer\"><input size=\"40\" maxlength=\"400\" class=\"wpcf7-form-control wpcf7-text\" aria-invalid=\"false\" value=\"\" type=\"text\" name=\"pruefnummer\" \/><\/span><\/label><br \/>\nCVC\/CVV Code wird nur zur Validierung verwendet und nicht gespeichert.<\/span>\n<\/p>\n<div data-id=\"Vorkasse\" data-orig_data_id=\"Vorkasse\"  class=\"\" data-class=\"wpcf7cf_group\">\n\t<p><label> Nach Eingang der Bestellung schicken wir Ihnen die Kontodaten per E-Mail zu. <\/label>\n\t<\/p>\n<\/div>\n<p><label> W\u00e4hlen Sie einen Gutschein<br \/>\n<span class=\"wpcf7-form-control-wrap\" data-name=\"Gutschein-auswahl\"><select class=\"wpcf7-form-control wpcf7-select\" aria-invalid=\"false\" name=\"Gutschein-auswahl\"><option value=\"---\">---<\/option><option value=\"Wertgutschein (Hotel)\">Wertgutschein (Hotel)<\/option><option value=\"Restaurant\">Restaurant<\/option><\/select><\/span><\/label>\n<\/p>\n<div data-id=\"Gutschein-Restaurant\" data-orig_data_id=\"Gutschein-Restaurant\" data-clear_on_hide class=\"\" data-class=\"wpcf7cf_group\">\n\t<p><img decoding=\"async\" src=\"https:\/\/hotel-nymphe.de\/wp-content\/uploads\/2024\/01\/Restaurant1_web.jpg\" \/><br \/>\n<img decoding=\"async\" src=\"https:\/\/hotel-nymphe.de\/wp-content\/uploads\/2024\/01\/Restaurant2_web.jpg\" \/>\n\t<\/p>\n<\/div>\n<div data-id=\"Gutschein-Wert\" data-orig_data_id=\"Gutschein-Wert\" data-clear_on_hide class=\"\" data-class=\"wpcf7cf_group\">\n\t<p><img decoding=\"async\" src=\"https:\/\/hotel-nymphe.de\/wp-content\/uploads\/2024\/01\/WGS_web.jpg\" \/><br \/>\n<img decoding=\"async\" src=\"https:\/\/hotel-nymphe.de\/wp-content\/uploads\/2024\/01\/WGS2_web.jpg\" \/>\n\t<\/p>\n<\/div>\n<p><span id=\"wpcf7-69f45e1a333e6-wrapper\" class=\"wpcf7-form-control-wrap Festnetz-wrap\" style=\"display:none !important; visibility:hidden !important;\"><input type=\"hidden\" name=\"Festnetz-time-start\" value=\"1777622554\"><input type=\"hidden\" name=\"Festnetz-time-check\" value=\"4\"><label for=\"wpcf7-69f45e1a333e6-field\" class=\"hp-message\">Bitte lasse dieses Feld leer.<\/label><input id=\"wpcf7-69f45e1a333e6-field\"  class=\"wpcf7-form-control wpcf7-text\" type=\"text\" name=\"Festnetz\" value=\"\" size=\"40\" tabindex=\"-1\" autocomplete=\"new-password\" \/><\/span><br \/>\n<span id=\"wpcf7-69f45e1a3343b-wrapper\" class=\"wpcf7-form-control-wrap Hausnummer-wrap\" style=\"display:none !important; visibility:hidden !important;\"><input type=\"hidden\" name=\"Hausnummer-time-start\" value=\"1777622554\"><input type=\"hidden\" name=\"Hausnummer-time-check\" value=\"4\"><label for=\"wpcf7-69f45e1a3343b-field\" class=\"hp-message\">Bitte lasse dieses Feld leer.<\/label><input id=\"wpcf7-69f45e1a3343b-field\"  class=\"wpcf7-form-control wpcf7-text\" type=\"text\" name=\"Hausnummer\" value=\"\" size=\"40\" tabindex=\"-1\" autocomplete=\"new-password\" \/><\/span><br \/>\n<span id=\"wpcf7-69f45e1a33473-wrapper\" class=\"wpcf7-form-control-wrap Alter-wrap\" style=\"display:none !important; visibility:hidden !important;\"><input type=\"hidden\" name=\"Alter-time-start\" value=\"1777622554\"><input type=\"hidden\" name=\"Alter-time-check\" value=\"4\"><label for=\"wpcf7-69f45e1a33473-field\" class=\"hp-message\">Bitte lasse dieses Feld leer.<\/label><input id=\"wpcf7-69f45e1a33473-field\"  class=\"wpcf7-form-control wpcf7-text\" type=\"text\" name=\"Alter\" value=\"\" size=\"40\" tabindex=\"-1\" autocomplete=\"new-password\" \/><\/span>\n<\/p>\n<p><label> Anmerkungen (optional)<br \/>\n<span class=\"wpcf7-form-control-wrap\" data-name=\"your-message\"><textarea cols=\"40\" rows=\"10\" maxlength=\"2000\" class=\"wpcf7-form-control wpcf7-textarea\" aria-invalid=\"false\" name=\"your-message\"><\/textarea><\/span> <\/label>\n<\/p>\n<p><div id=\"cf7sr-69f45e1a335c9\" class=\"cf7sr-g-recaptcha\" data-theme=\"light\" data-type=\"image\" data-size=\"normal\" data-sitekey=\"6LecCXkqAAAAALX7Z2hGEXha0e0v63Ni04mMHoeL\"><\/div><span class=\"wpcf7-form-control-wrap cf7sr-recaptcha\" data-name=\"cf7sr-recaptcha\"><input type=\"hidden\" name=\"cf7sr-recaptcha\" value=\"\" class=\"wpcf7-form-control\"><\/span>\n<\/p>\n<p><input class=\"wpcf7-form-control wpcf7-submit has-spinner\" type=\"submit\" value=\"Send\" \/>\n<\/p><div class=\"wpcf7-response-output\" aria-hidden=\"true\"><\/div>\n<input type=\"hidden\" name=\"trp-form-language\" value=\"en\"\/><\/form>\n<\/div>\n<\/div><\/div>\n<div class=\"su-column su-column-size-1-3\"><div class=\"su-column-inner su-u-clearfix su-u-trim\"><\/div><\/div><\/div><\/div>","protected":false},"excerpt":{"rendered":"<p>Gutscheinanfrage Gern k\u00f6nnen Sie hier Ihre Gutscheinanfrage stellen. Die Gutscheine werden von uns ausschlie\u00dflich nach erfolgreicher Kreditkartenabbuchung per Post an Sie verschickt. Ebenso stellen wir ausschlie\u00dflich Wertgutscheine f\u00fcr unser Hotel oder unser Restaurant &amp; Bar &#8220;Strandl\u00fccke&#8221; aus, keine expliziten Leistungen. (wie z.B. zwei \u00dcbernachtungen)<\/p>","protected":false},"author":2,"featured_media":0,"parent":0,"menu_order":0,"comment_status":"closed","ping_status":"closed","template":"","meta":{"footnotes":""},"class_list":["post-1295","page","type-page","status-publish","hentry"],"yoast_head":"<!-- This site is optimized with the Yoast SEO plugin v25.3.1 - https:\/\/yoast.com\/wordpress\/plugins\/seo\/ -->\n<title>Gutscheine - nymphe strandhotels &amp; apartments<\/title>\n<meta name=\"robots\" content=\"index, follow, max-snippet:-1, max-image-preview:large, max-video-preview:-1\" \/>\n<link rel=\"canonical\" href=\"https:\/\/hotel-nymphe.de\/en\/gutscheine\/\" \/>\n<meta property=\"og:locale\" content=\"en_GB\" \/>\n<meta property=\"og:type\" content=\"article\" \/>\n<meta property=\"og:title\" content=\"Gutscheine - nymphe strandhotels &amp; apartments\" \/>\n<meta property=\"og:description\" content=\"Gutscheinanfrage Gern k\u00f6nnen Sie hier Ihre Gutscheinanfrage stellen. Die Gutscheine werden von uns ausschlie\u00dflich nach erfolgreicher Kreditkartenabbuchung per Post an Sie verschickt. Ebenso stellen wir ausschlie\u00dflich Wertgutscheine f\u00fcr unser Hotel oder unser Restaurant &amp; Bar &#8220;Strandl\u00fccke&#8221; aus, keine expliziten Leistungen. (wie z.B. zwei \u00dcbernachtungen)\" \/>\n<meta property=\"og:url\" content=\"https:\/\/hotel-nymphe.de\/en\/gutscheine\/\" \/>\n<meta property=\"og:site_name\" content=\"nymphe strandhotels &amp; apartments\" \/>\n<meta property=\"article:modified_time\" content=\"2024-01-16T11:18:45+00:00\" \/>\n<meta name=\"twitter:card\" content=\"summary_large_image\" \/>\n<meta name=\"twitter:label1\" content=\"Estimated reading time\" \/>\n\t<meta name=\"twitter:data1\" content=\"1 minute\" \/>\n<script type=\"application\/ld+json\" class=\"yoast-schema-graph\">{\"@context\":\"https:\/\/schema.org\",\"@graph\":[{\"@type\":\"WebPage\",\"@id\":\"https:\/\/hotel-nymphe.de\/gutscheine\/\",\"url\":\"https:\/\/hotel-nymphe.de\/gutscheine\/\",\"name\":\"Gutscheine - nymphe strandhotels &amp; apartments\",\"isPartOf\":{\"@id\":\"https:\/\/hotel-nymphe.de\/#website\"},\"datePublished\":\"2024-01-12T08:08:24+00:00\",\"dateModified\":\"2024-01-16T11:18:45+00:00\",\"breadcrumb\":{\"@id\":\"https:\/\/hotel-nymphe.de\/gutscheine\/#breadcrumb\"},\"inLanguage\":\"en-GB\",\"potentialAction\":[{\"@type\":\"ReadAction\",\"target\":[\"https:\/\/hotel-nymphe.de\/gutscheine\/\"]}]},{\"@type\":\"BreadcrumbList\",\"@id\":\"https:\/\/hotel-nymphe.de\/gutscheine\/#breadcrumb\",\"itemListElement\":[{\"@type\":\"ListItem\",\"position\":1,\"name\":\"Startseite\",\"item\":\"https:\/\/hotel-nymphe.de\/\"},{\"@type\":\"ListItem\",\"position\":2,\"name\":\"Gutscheine\"}]},{\"@type\":\"WebSite\",\"@id\":\"https:\/\/hotel-nymphe.de\/#website\",\"url\":\"https:\/\/hotel-nymphe.de\/\",\"name\":\"nymphe strandhotels &amp; apartments\",\"description\":\"\",\"publisher\":{\"@id\":\"https:\/\/hotel-nymphe.de\/#organization\"},\"potentialAction\":[{\"@type\":\"SearchAction\",\"target\":{\"@type\":\"EntryPoint\",\"urlTemplate\":\"https:\/\/hotel-nymphe.de\/?s={search_term_string}\"},\"query-input\":{\"@type\":\"PropertyValueSpecification\",\"valueRequired\":true,\"valueName\":\"search_term_string\"}}],\"inLanguage\":\"en-GB\"},{\"@type\":\"Organization\",\"@id\":\"https:\/\/hotel-nymphe.de\/#organization\",\"name\":\"nymphe strandhotels &amp; apartments\",\"url\":\"https:\/\/hotel-nymphe.de\/\",\"logo\":{\"@type\":\"ImageObject\",\"inLanguage\":\"en-GB\",\"@id\":\"https:\/\/hotel-nymphe.de\/#\/schema\/logo\/image\/\",\"url\":\"https:\/\/hotel-nymphe.de\/wp-content\/uploads\/2022\/12\/cropped-logo_nymphe_frei.png\",\"contentUrl\":\"https:\/\/hotel-nymphe.de\/wp-content\/uploads\/2022\/12\/cropped-logo_nymphe_frei.png\",\"width\":240,\"height\":85,\"caption\":\"nymphe strandhotels &amp; apartments\"},\"image\":{\"@id\":\"https:\/\/hotel-nymphe.de\/#\/schema\/logo\/image\/\"}}]}<\/script>\n<!-- \/ Yoast SEO plugin. -->","yoast_head_json":{"title":"Gutscheine - nymphe strandhotels &amp; apartments","robots":{"index":"index","follow":"follow","max-snippet":"max-snippet:-1","max-image-preview":"max-image-preview:large","max-video-preview":"max-video-preview:-1"},"canonical":"https:\/\/hotel-nymphe.de\/en\/gutscheine\/","og_locale":"en_GB","og_type":"article","og_title":"Gutscheine - nymphe strandhotels &amp; apartments","og_description":"Gutscheinanfrage Gern k\u00f6nnen Sie hier Ihre Gutscheinanfrage stellen. Die Gutscheine werden von uns ausschlie\u00dflich nach erfolgreicher Kreditkartenabbuchung per Post an Sie verschickt. Ebenso stellen wir ausschlie\u00dflich Wertgutscheine f\u00fcr unser Hotel oder unser Restaurant &amp; Bar &#8220;Strandl\u00fccke&#8221; aus, keine expliziten Leistungen. (wie z.B. zwei \u00dcbernachtungen)","og_url":"https:\/\/hotel-nymphe.de\/en\/gutscheine\/","og_site_name":"nymphe strandhotels &amp; apartments","article_modified_time":"2024-01-16T11:18:45+00:00","twitter_card":"summary_large_image","twitter_misc":{"Estimated reading time":"1 minute"},"schema":{"@context":"https:\/\/schema.org","@graph":[{"@type":"WebPage","@id":"https:\/\/hotel-nymphe.de\/gutscheine\/","url":"https:\/\/hotel-nymphe.de\/gutscheine\/","name":"Gutscheine - nymphe strandhotels &amp; apartments","isPartOf":{"@id":"https:\/\/hotel-nymphe.de\/#website"},"datePublished":"2024-01-12T08:08:24+00:00","dateModified":"2024-01-16T11:18:45+00:00","breadcrumb":{"@id":"https:\/\/hotel-nymphe.de\/gutscheine\/#breadcrumb"},"inLanguage":"en-GB","potentialAction":[{"@type":"ReadAction","target":["https:\/\/hotel-nymphe.de\/gutscheine\/"]}]},{"@type":"BreadcrumbList","@id":"https:\/\/hotel-nymphe.de\/gutscheine\/#breadcrumb","itemListElement":[{"@type":"ListItem","position":1,"name":"Startseite","item":"https:\/\/hotel-nymphe.de\/"},{"@type":"ListItem","position":2,"name":"Gutscheine"}]},{"@type":"WebSite","@id":"https:\/\/hotel-nymphe.de\/#website","url":"https:\/\/hotel-nymphe.de\/","name":"nymphe strandhotels &amp; apartments","description":"","publisher":{"@id":"https:\/\/hotel-nymphe.de\/#organization"},"potentialAction":[{"@type":"SearchAction","target":{"@type":"EntryPoint","urlTemplate":"https:\/\/hotel-nymphe.de\/?s={search_term_string}"},"query-input":{"@type":"PropertyValueSpecification","valueRequired":true,"valueName":"search_term_string"}}],"inLanguage":"en-GB"},{"@type":"Organization","@id":"https:\/\/hotel-nymphe.de\/#organization","name":"nymphe strandhotels &amp; apartments","url":"https:\/\/hotel-nymphe.de\/","logo":{"@type":"ImageObject","inLanguage":"en-GB","@id":"https:\/\/hotel-nymphe.de\/#\/schema\/logo\/image\/","url":"https:\/\/hotel-nymphe.de\/wp-content\/uploads\/2022\/12\/cropped-logo_nymphe_frei.png","contentUrl":"https:\/\/hotel-nymphe.de\/wp-content\/uploads\/2022\/12\/cropped-logo_nymphe_frei.png","width":240,"height":85,"caption":"nymphe strandhotels &amp; apartments"},"image":{"@id":"https:\/\/hotel-nymphe.de\/#\/schema\/logo\/image\/"}}]}},"_links":{"self":[{"href":"https:\/\/hotel-nymphe.de\/en\/wp-json\/wp\/v2\/pages\/1295","targetHints":{"allow":["GET"]}}],"collection":[{"href":"https:\/\/hotel-nymphe.de\/en\/wp-json\/wp\/v2\/pages"}],"about":[{"href":"https:\/\/hotel-nymphe.de\/en\/wp-json\/wp\/v2\/types\/page"}],"author":[{"embeddable":true,"href":"https:\/\/hotel-nymphe.de\/en\/wp-json\/wp\/v2\/users\/2"}],"replies":[{"embeddable":true,"href":"https:\/\/hotel-nymphe.de\/en\/wp-json\/wp\/v2\/comments?post=1295"}],"version-history":[{"count":14,"href":"https:\/\/hotel-nymphe.de\/en\/wp-json\/wp\/v2\/pages\/1295\/revisions"}],"predecessor-version":[{"id":1328,"href":"https:\/\/hotel-nymphe.de\/en\/wp-json\/wp\/v2\/pages\/1295\/revisions\/1328"}],"wp:attachment":[{"href":"https:\/\/hotel-nymphe.de\/en\/wp-json\/wp\/v2\/media?parent=1295"}],"curies":[{"name":"wp","href":"https:\/\/api.w.org\/{rel}","templated":true}]}}