{"id":1105,"date":"2023-07-26T15:03:43","date_gmt":"2023-07-26T13:03:43","guid":{"rendered":"https:\/\/hotel-nymphe.de\/?page_id=1105"},"modified":"2023-07-26T15:21:12","modified_gmt":"2023-07-26T13:21:12","slug":"binz-mit-dem-hund","status":"publish","type":"page","link":"https:\/\/hotel-nymphe.de\/en\/binz-mit-dem-hund\/","title":{"rendered":"Binz mit dem Hund"},"content":{"rendered":"<h2>Binz mit dem Hund<\/h2>\n<div class=\"subhead\">Hier gibt es immer etwas zu entdecken.<\/div>\n<p>Freuen Sie sich auf eine wundersch\u00f6ne Zeit mit Ihrem Hund in Binz dem hundefreundlichen Ort auf R\u00fcgen mit seinen fantastischen Str\u00e4nden. Hier haben Sie viele M\u00f6glichkeiten, so dass es Ihnen und Ihrem Hund nie langweilig wird.<\/p>\n<h3>Ideen f\u00fcr Sie und Ihren Hund<\/h3>\n<ul>\n<li><strong>Strandspazierg\u00e4nge mit Hund<br \/>\n<\/strong>Allem Voran sind nat\u00fcrlich die Strandspazierg\u00e4nge zu nennen, denn neben den allgemeinen Strandabschnitten gibt es speziell ausgewiesene <a href=\"https:\/\/hotel-nymphe.de\/en\/hundestrand-binz\/\">Hundestr\u00e4nde<\/a>, an denen Ihr Vierbeiner frei herumtollen und im Meer planschen kann. Unsere MitarbeiterInnen an der Hotelrezeption geben Ihnen gerne weitere Tipps und Hinweise zu den Hundestr\u00e4nden die z. Teil auch saisonale Einschr\u00e4nkungen haben.<\/li>\n<li><strong>Wandern mit Hund<\/strong><br \/>\nR\u00fcgen ist nicht nur Strandurlaub sondern bietet auch vielf\u00e4ltige andere M\u00f6glichkeiten und Aktivit\u00e4ten z. B. das Wandern. Je nach eigener Fitness und der des Hundes bieten sich verschiedene Wanderstrecken an. Starten Sie Ihre Tour z.B. direkt bei uns am Hotel in Binz und wandern entlang der K\u00fcste und des K\u00fcstenwaldes in Richtung Lietzow. Die 16km Tour ist sicherlich schon eine Etappe f\u00fcr ge\u00fcbte Wanderer aber die fantastische Natur mit Ihren grandiosen Aussichten entsch\u00e4digt schnell f\u00fcr die eine oder andere Strapaze. Dar\u00fcber hinaus gibt es viele weitere interessante Wanderrouten auf der Insel R\u00fcgen rund um Binz.Weitere Wanderrouten:<br \/>\n<a href=\"https:\/\/www.ruegen.de\/aktiv-und-natur\/wandern\">https:\/\/www.ruegen.de\/aktiv-und-natur\/wandern<\/a><\/li>\n<li><strong>Bootstouren mit dem Hund<\/strong><br \/>\nWarum Ihren Hund nicht mit auf eine sch\u00f6ne Bootstour zu den bekanntesten und beeindruckendsten Sehensw\u00fcrdigkeiten R\u00fcgens z.B. dem Kreidefelsen nehmen. Wenn Ihr Hund gut vertr\u00e4glich und gerne auf dem Wasser ist, k\u00f6nnte dies eine unterhaltsame Aktivit\u00e4t f\u00fcr Sie und Ihren Hund sein. Starten Sie die Bootstour direkt von der Seebr\u00fccke Binz aus. Die verschiedenen Touren und Ihre Abfahrts- und Ankunftszeiten finden Sie unter:<br \/>\n<a href=\"https:\/\/www.ostsee.de\/insel-ruegen\/fahrgastschifffahrt-binz.html\">https:\/\/www.ostsee.de\/insel-ruegen\/fahrgastschifffahrt-binz.html<\/a><\/li>\n<li><strong>Stadtbummel mit Hund<\/strong><br \/>\nBinz ist eine charmante K\u00fcstenstadt mit vielen gem\u00fctlichen Stra\u00dfen und Pl\u00e4tzen. Unternehmen Sie einen entspannten Stadtbummel mit Ihrem Hund und erkunden Sie die lokalen Gesch\u00e4fte und Caf\u00e9s.<\/li>\n<\/ul>\n<p>&nbsp;<\/p>\n<p>Denken Sie daran, die \u00f6rtlichen Regeln und Vorschriften f\u00fcr Hunde zu beachten und immer die Hinterlassenschaften Ihres Hundes ordnungsgem\u00e4\u00df zu beseitigen. Viele \u00f6ffentliche Orte in Binz sind hundefreundlich, aber es ist wichtig, R\u00fccksicht auf andere Besucher und die Umwelt zu nehmen.<\/p>\n<p>Egal was Sie mit Ihrem Hund unternehmen, genie\u00dfen Sie Ihren Aufenthalt in Binz mit Ihrem Hund und schaffen Sie gemeinsame Erinnerungen w\u00e4hrend Ihres Urlaubs auf der wundersch\u00f6nen Insel R\u00fcgen in unserem <a href=\"https:\/\/hotel-nymphe.de\/en\/zimmer-preise\/\">Strandhotel Nymphe<\/a>!<\/p>\n<p>&nbsp;<\/p>\n<p>&nbsp;<\/p>","protected":false},"excerpt":{"rendered":"<p>Binz mit dem Hund Hier gibt es immer etwas zu entdecken. Freuen Sie sich auf eine wundersch\u00f6ne Zeit mit Ihrem Hund in Binz dem hundefreundlichen Ort auf R\u00fcgen mit seinen fantastischen Str\u00e4nden. Hier haben Sie viele M\u00f6glichkeiten, so dass es Ihnen und Ihrem Hund nie langweilig wird. Ideen f\u00fcr Sie und Ihren Hund Strandspazierg\u00e4nge mit [&hellip;]<\/p>","protected":false},"author":1,"featured_media":0,"parent":0,"menu_order":0,"comment_status":"closed","ping_status":"closed","template":"","meta":{"footnotes":""},"class_list":["post-1105","page","type-page","status-publish","hentry"],"yoast_head":"<!-- This site is optimized with the Yoast SEO plugin v25.3.1 - https:\/\/yoast.com\/wordpress\/plugins\/seo\/ -->\n<title>Binz mit dem Hund - nymphe strandhotels &amp; apartments<\/title>\n<meta name=\"description\" content=\"Binz mit dem Hund ist eine gute Idee. Es gibt zahlreiche M\u00f6glichkeiten f\u00fcr einen ausge\u00fcllten Tag und ein tolles Hotel f\u00fcr Sie und Ihren Hund.\" \/>\n<meta name=\"robots\" content=\"index, follow, max-snippet:-1, max-image-preview:large, max-video-preview:-1\" \/>\n<link rel=\"canonical\" href=\"https:\/\/hotel-nymphe.de\/en\/binz-mit-dem-hund\/\" \/>\n<meta property=\"og:locale\" content=\"en_GB\" \/>\n<meta property=\"og:type\" content=\"article\" \/>\n<meta property=\"og:title\" content=\"Binz mit dem Hund - nymphe strandhotels &amp; apartments\" \/>\n<meta property=\"og:description\" content=\"Binz mit dem Hund ist eine gute Idee. Es gibt zahlreiche M\u00f6glichkeiten f\u00fcr einen ausge\u00fcllten Tag und ein tolles Hotel f\u00fcr Sie und Ihren Hund.\" \/>\n<meta property=\"og:url\" content=\"https:\/\/hotel-nymphe.de\/en\/binz-mit-dem-hund\/\" \/>\n<meta property=\"og:site_name\" content=\"nymphe strandhotels &amp; apartments\" \/>\n<meta property=\"article:modified_time\" content=\"2023-07-26T13:21:12+00:00\" \/>\n<meta name=\"twitter:card\" content=\"summary_large_image\" \/>\n<meta name=\"twitter:label1\" content=\"Estimated reading time\" \/>\n\t<meta name=\"twitter:data1\" content=\"3 minutes\" \/>\n<script type=\"application\/ld+json\" class=\"yoast-schema-graph\">{\"@context\":\"https:\/\/schema.org\",\"@graph\":[{\"@type\":\"WebPage\",\"@id\":\"https:\/\/hotel-nymphe.de\/binz-mit-dem-hund\/\",\"url\":\"https:\/\/hotel-nymphe.de\/binz-mit-dem-hund\/\",\"name\":\"Binz mit dem Hund - nymphe strandhotels &amp; apartments\",\"isPartOf\":{\"@id\":\"https:\/\/hotel-nymphe.de\/#website\"},\"datePublished\":\"2023-07-26T13:03:43+00:00\",\"dateModified\":\"2023-07-26T13:21:12+00:00\",\"description\":\"Binz mit dem Hund ist eine gute Idee. Es gibt zahlreiche M\u00f6glichkeiten f\u00fcr einen ausge\u00fcllten Tag und ein tolles Hotel f\u00fcr Sie und Ihren Hund.\",\"breadcrumb\":{\"@id\":\"https:\/\/hotel-nymphe.de\/binz-mit-dem-hund\/#breadcrumb\"},\"inLanguage\":\"en-GB\",\"potentialAction\":[{\"@type\":\"ReadAction\",\"target\":[\"https:\/\/hotel-nymphe.de\/binz-mit-dem-hund\/\"]}]},{\"@type\":\"BreadcrumbList\",\"@id\":\"https:\/\/hotel-nymphe.de\/binz-mit-dem-hund\/#breadcrumb\",\"itemListElement\":[{\"@type\":\"ListItem\",\"position\":1,\"name\":\"Startseite\",\"item\":\"https:\/\/hotel-nymphe.de\/\"},{\"@type\":\"ListItem\",\"position\":2,\"name\":\"Binz mit dem Hund\"}]},{\"@type\":\"WebSite\",\"@id\":\"https:\/\/hotel-nymphe.de\/#website\",\"url\":\"https:\/\/hotel-nymphe.de\/\",\"name\":\"nymphe strandhotels &amp; apartments\",\"description\":\"\",\"publisher\":{\"@id\":\"https:\/\/hotel-nymphe.de\/#organization\"},\"potentialAction\":[{\"@type\":\"SearchAction\",\"target\":{\"@type\":\"EntryPoint\",\"urlTemplate\":\"https:\/\/hotel-nymphe.de\/?s={search_term_string}\"},\"query-input\":{\"@type\":\"PropertyValueSpecification\",\"valueRequired\":true,\"valueName\":\"search_term_string\"}}],\"inLanguage\":\"en-GB\"},{\"@type\":\"Organization\",\"@id\":\"https:\/\/hotel-nymphe.de\/#organization\",\"name\":\"nymphe strandhotels &amp; apartments\",\"url\":\"https:\/\/hotel-nymphe.de\/\",\"logo\":{\"@type\":\"ImageObject\",\"inLanguage\":\"en-GB\",\"@id\":\"https:\/\/hotel-nymphe.de\/#\/schema\/logo\/image\/\",\"url\":\"https:\/\/hotel-nymphe.de\/wp-content\/uploads\/2022\/12\/cropped-logo_nymphe_frei.png\",\"contentUrl\":\"https:\/\/hotel-nymphe.de\/wp-content\/uploads\/2022\/12\/cropped-logo_nymphe_frei.png\",\"width\":240,\"height\":85,\"caption\":\"nymphe strandhotels &amp; apartments\"},\"image\":{\"@id\":\"https:\/\/hotel-nymphe.de\/#\/schema\/logo\/image\/\"}}]}<\/script>\n<!-- \/ Yoast SEO plugin. -->","yoast_head_json":{"title":"Binz mit dem Hund - nymphe strandhotels &amp; apartments","description":"Binz mit dem Hund ist eine gute Idee. Es gibt zahlreiche M\u00f6glichkeiten f\u00fcr einen ausge\u00fcllten Tag und ein tolles Hotel f\u00fcr Sie und Ihren Hund.","robots":{"index":"index","follow":"follow","max-snippet":"max-snippet:-1","max-image-preview":"max-image-preview:large","max-video-preview":"max-video-preview:-1"},"canonical":"https:\/\/hotel-nymphe.de\/en\/binz-mit-dem-hund\/","og_locale":"en_GB","og_type":"article","og_title":"Binz mit dem Hund - nymphe strandhotels &amp; apartments","og_description":"Binz mit dem Hund ist eine gute Idee. Es gibt zahlreiche M\u00f6glichkeiten f\u00fcr einen ausge\u00fcllten Tag und ein tolles Hotel f\u00fcr Sie und Ihren Hund.","og_url":"https:\/\/hotel-nymphe.de\/en\/binz-mit-dem-hund\/","og_site_name":"nymphe strandhotels &amp; apartments","article_modified_time":"2023-07-26T13:21:12+00:00","twitter_card":"summary_large_image","twitter_misc":{"Estimated reading time":"3 minutes"},"schema":{"@context":"https:\/\/schema.org","@graph":[{"@type":"WebPage","@id":"https:\/\/hotel-nymphe.de\/binz-mit-dem-hund\/","url":"https:\/\/hotel-nymphe.de\/binz-mit-dem-hund\/","name":"Binz mit dem Hund - nymphe strandhotels &amp; apartments","isPartOf":{"@id":"https:\/\/hotel-nymphe.de\/#website"},"datePublished":"2023-07-26T13:03:43+00:00","dateModified":"2023-07-26T13:21:12+00:00","description":"Binz mit dem Hund ist eine gute Idee. Es gibt zahlreiche M\u00f6glichkeiten f\u00fcr einen ausge\u00fcllten Tag und ein tolles Hotel f\u00fcr Sie und Ihren Hund.","breadcrumb":{"@id":"https:\/\/hotel-nymphe.de\/binz-mit-dem-hund\/#breadcrumb"},"inLanguage":"en-GB","potentialAction":[{"@type":"ReadAction","target":["https:\/\/hotel-nymphe.de\/binz-mit-dem-hund\/"]}]},{"@type":"BreadcrumbList","@id":"https:\/\/hotel-nymphe.de\/binz-mit-dem-hund\/#breadcrumb","itemListElement":[{"@type":"ListItem","position":1,"name":"Startseite","item":"https:\/\/hotel-nymphe.de\/"},{"@type":"ListItem","position":2,"name":"Binz mit dem Hund"}]},{"@type":"WebSite","@id":"https:\/\/hotel-nymphe.de\/#website","url":"https:\/\/hotel-nymphe.de\/","name":"nymphe strandhotels &amp; apartments","description":"","publisher":{"@id":"https:\/\/hotel-nymphe.de\/#organization"},"potentialAction":[{"@type":"SearchAction","target":{"@type":"EntryPoint","urlTemplate":"https:\/\/hotel-nymphe.de\/?s={search_term_string}"},"query-input":{"@type":"PropertyValueSpecification","valueRequired":true,"valueName":"search_term_string"}}],"inLanguage":"en-GB"},{"@type":"Organization","@id":"https:\/\/hotel-nymphe.de\/#organization","name":"nymphe strandhotels &amp; apartments","url":"https:\/\/hotel-nymphe.de\/","logo":{"@type":"ImageObject","inLanguage":"en-GB","@id":"https:\/\/hotel-nymphe.de\/#\/schema\/logo\/image\/","url":"https:\/\/hotel-nymphe.de\/wp-content\/uploads\/2022\/12\/cropped-logo_nymphe_frei.png","contentUrl":"https:\/\/hotel-nymphe.de\/wp-content\/uploads\/2022\/12\/cropped-logo_nymphe_frei.png","width":240,"height":85,"caption":"nymphe strandhotels &amp; apartments"},"image":{"@id":"https:\/\/hotel-nymphe.de\/#\/schema\/logo\/image\/"}}]}},"_links":{"self":[{"href":"https:\/\/hotel-nymphe.de\/en\/wp-json\/wp\/v2\/pages\/1105","targetHints":{"allow":["GET"]}}],"collection":[{"href":"https:\/\/hotel-nymphe.de\/en\/wp-json\/wp\/v2\/pages"}],"about":[{"href":"https:\/\/hotel-nymphe.de\/en\/wp-json\/wp\/v2\/types\/page"}],"author":[{"embeddable":true,"href":"https:\/\/hotel-nymphe.de\/en\/wp-json\/wp\/v2\/users\/1"}],"replies":[{"embeddable":true,"href":"https:\/\/hotel-nymphe.de\/en\/wp-json\/wp\/v2\/comments?post=1105"}],"version-history":[{"count":13,"href":"https:\/\/hotel-nymphe.de\/en\/wp-json\/wp\/v2\/pages\/1105\/revisions"}],"predecessor-version":[{"id":1118,"href":"https:\/\/hotel-nymphe.de\/en\/wp-json\/wp\/v2\/pages\/1105\/revisions\/1118"}],"wp:attachment":[{"href":"https:\/\/hotel-nymphe.de\/en\/wp-json\/wp\/v2\/media?parent=1105"}],"curies":[{"name":"wp","href":"https:\/\/api.w.org\/{rel}","templated":true}]}}