{"id":1095,"date":"2023-07-26T14:52:14","date_gmt":"2023-07-26T12:52:14","guid":{"rendered":"https:\/\/hotel-nymphe.de\/?page_id=1095"},"modified":"2025-03-06T12:40:32","modified_gmt":"2025-03-06T11:40:32","slug":"hundestrand-binz","status":"publish","type":"page","link":"https:\/\/hotel-nymphe.de\/en\/hundestrand-binz\/","title":{"rendered":"Hundestrand Binz"},"content":{"rendered":"<h2>Hundestr\u00e4nde in Binz<\/h2>\n<div class=\"subhead\">Platz zum herumtollen und schwimmen<\/div>\n<p>Binz auf R\u00fcgen bietet mehrere Hundestr\u00e4nde, an denen Ihr Hund frei herumlaufen und im Wasser spielen kann. Wir haben f\u00fcr Sie einige der bekanntesten Hundestr\u00e4nde in Binz zusammengestellt.<\/p>\n<p>&nbsp;<\/p>\n<ul>\n<li><strong>Hundestrand Binz <\/strong><\/li>\n<\/ul>\n<p><strong>(ca. 20 Min. Fussweg \u00fcber die Strandpromenade)<\/strong><br \/>\nDer Hundestrand Binz Nord befindet sich n\u00f6rdlich vom Hotel Nymphe in Richtung Prora und ist leicht zu erreichen. Hier k\u00f6nnen Hunde ebenfalls das ganze Jahr \u00fcber frei herumlaufen und planschen. (Strandabg\u00e4nge 50 &amp; 51)<\/p>\n<ul>\n<li><strong>Hundestrand Prora<\/strong><br \/>\nDer Hundestrand Prora befindet sich in n\u00f6rdlicher Richtung etwas au\u00dferhalb von Binz. Es handelt sich um einen sch\u00f6nen flach abfallenden Sandstrand. Hier kann Ihr Hund richtig frei herumtoben. (Strandabg\u00e4nge 55, 56 &amp; 59)<\/li>\n<\/ul>\n<p>&nbsp;<\/p>\n<p>Eine \u00dcbersicht finden Sie unter folgendem Link:<\/p>\n<p><a href=\"https:\/\/binzer-bucht.de\/strand-thalasso\/hundestrand\/#\/article\">https:\/\/binzer-bucht.de\/strand-thalasso\/hundestrand\/#\/article<\/a><\/p>\n<p>&nbsp;<\/p>\n<p>Dar\u00fcber hinaus k\u00f6nnen Sie vom 01. Oktober bis zum 30. April mit Ihrem angeleinten Hund an den allgemeinen Strand von Binz. Ausserhalb dieser Zeit beachten Sie bitte unbedingt die aktuelle Beschilderung, denn dann gilt an vielen Strandabschnitte ein Hundeverbot. Gerne helfen Ihnen unsere MitarbeiterInnen an der Rezeption weiter.<\/p>\n<p>&nbsp;<\/p>\n<p>&nbsp;<\/p>","protected":false},"excerpt":{"rendered":"<p>Hundestr\u00e4nde in Binz Platz zum herumtollen und schwimmen Binz auf R\u00fcgen bietet mehrere Hundestr\u00e4nde, an denen Ihr Hund frei herumlaufen und im Wasser spielen kann. Wir haben f\u00fcr Sie einige der bekanntesten Hundestr\u00e4nde in Binz zusammengestellt. &nbsp; Hundestrand Binz (ca. 20 Min. Fussweg \u00fcber die Strandpromenade) Der Hundestrand Binz Nord befindet sich n\u00f6rdlich vom Hotel [&hellip;]<\/p>","protected":false},"author":1,"featured_media":0,"parent":0,"menu_order":0,"comment_status":"closed","ping_status":"closed","template":"","meta":{"footnotes":""},"class_list":["post-1095","page","type-page","status-publish","hentry"],"yoast_head":"<!-- This site is optimized with the Yoast SEO plugin v25.3.1 - https:\/\/yoast.com\/wordpress\/plugins\/seo\/ -->\n<title>Hundestrand Binz - nymphe strandhotels &amp; apartments<\/title>\n<meta name=\"robots\" content=\"index, follow, max-snippet:-1, max-image-preview:large, max-video-preview:-1\" \/>\n<link rel=\"canonical\" href=\"https:\/\/hotel-nymphe.de\/en\/hundestrand-binz\/\" \/>\n<meta property=\"og:locale\" content=\"en_GB\" \/>\n<meta property=\"og:type\" content=\"article\" \/>\n<meta property=\"og:title\" content=\"Hundestrand Binz - nymphe strandhotels &amp; apartments\" \/>\n<meta property=\"og:description\" content=\"Hundestr\u00e4nde in Binz Platz zum herumtollen und schwimmen Binz auf R\u00fcgen bietet mehrere Hundestr\u00e4nde, an denen Ihr Hund frei herumlaufen und im Wasser spielen kann. Wir haben f\u00fcr Sie einige der bekanntesten Hundestr\u00e4nde in Binz zusammengestellt. &nbsp; Hundestrand Binz (ca. 20 Min. Fussweg \u00fcber die Strandpromenade) Der Hundestrand Binz Nord befindet sich n\u00f6rdlich vom Hotel [&hellip;]\" \/>\n<meta property=\"og:url\" content=\"https:\/\/hotel-nymphe.de\/en\/hundestrand-binz\/\" \/>\n<meta property=\"og:site_name\" content=\"nymphe strandhotels &amp; apartments\" \/>\n<meta property=\"article:modified_time\" content=\"2025-03-06T11:40:32+00:00\" \/>\n<meta name=\"twitter:card\" content=\"summary_large_image\" \/>\n<meta name=\"twitter:label1\" content=\"Estimated reading time\" \/>\n\t<meta name=\"twitter:data1\" content=\"1 minute\" \/>\n<script type=\"application\/ld+json\" class=\"yoast-schema-graph\">{\"@context\":\"https:\/\/schema.org\",\"@graph\":[{\"@type\":\"WebPage\",\"@id\":\"https:\/\/hotel-nymphe.de\/hundestrand-binz\/\",\"url\":\"https:\/\/hotel-nymphe.de\/hundestrand-binz\/\",\"name\":\"Hundestrand Binz - nymphe strandhotels &amp; apartments\",\"isPartOf\":{\"@id\":\"https:\/\/hotel-nymphe.de\/#website\"},\"datePublished\":\"2023-07-26T12:52:14+00:00\",\"dateModified\":\"2025-03-06T11:40:32+00:00\",\"breadcrumb\":{\"@id\":\"https:\/\/hotel-nymphe.de\/hundestrand-binz\/#breadcrumb\"},\"inLanguage\":\"en-GB\",\"potentialAction\":[{\"@type\":\"ReadAction\",\"target\":[\"https:\/\/hotel-nymphe.de\/hundestrand-binz\/\"]}]},{\"@type\":\"BreadcrumbList\",\"@id\":\"https:\/\/hotel-nymphe.de\/hundestrand-binz\/#breadcrumb\",\"itemListElement\":[{\"@type\":\"ListItem\",\"position\":1,\"name\":\"Startseite\",\"item\":\"https:\/\/hotel-nymphe.de\/\"},{\"@type\":\"ListItem\",\"position\":2,\"name\":\"Hundestrand Binz\"}]},{\"@type\":\"WebSite\",\"@id\":\"https:\/\/hotel-nymphe.de\/#website\",\"url\":\"https:\/\/hotel-nymphe.de\/\",\"name\":\"nymphe strandhotels &amp; apartments\",\"description\":\"\",\"publisher\":{\"@id\":\"https:\/\/hotel-nymphe.de\/#organization\"},\"potentialAction\":[{\"@type\":\"SearchAction\",\"target\":{\"@type\":\"EntryPoint\",\"urlTemplate\":\"https:\/\/hotel-nymphe.de\/?s={search_term_string}\"},\"query-input\":{\"@type\":\"PropertyValueSpecification\",\"valueRequired\":true,\"valueName\":\"search_term_string\"}}],\"inLanguage\":\"en-GB\"},{\"@type\":\"Organization\",\"@id\":\"https:\/\/hotel-nymphe.de\/#organization\",\"name\":\"nymphe strandhotels &amp; apartments\",\"url\":\"https:\/\/hotel-nymphe.de\/\",\"logo\":{\"@type\":\"ImageObject\",\"inLanguage\":\"en-GB\",\"@id\":\"https:\/\/hotel-nymphe.de\/#\/schema\/logo\/image\/\",\"url\":\"https:\/\/hotel-nymphe.de\/wp-content\/uploads\/2022\/12\/cropped-logo_nymphe_frei.png\",\"contentUrl\":\"https:\/\/hotel-nymphe.de\/wp-content\/uploads\/2022\/12\/cropped-logo_nymphe_frei.png\",\"width\":240,\"height\":85,\"caption\":\"nymphe strandhotels &amp; apartments\"},\"image\":{\"@id\":\"https:\/\/hotel-nymphe.de\/#\/schema\/logo\/image\/\"}}]}<\/script>\n<!-- \/ Yoast SEO plugin. -->","yoast_head_json":{"title":"Hundestrand Binz - nymphe strandhotels &amp; apartments","robots":{"index":"index","follow":"follow","max-snippet":"max-snippet:-1","max-image-preview":"max-image-preview:large","max-video-preview":"max-video-preview:-1"},"canonical":"https:\/\/hotel-nymphe.de\/en\/hundestrand-binz\/","og_locale":"en_GB","og_type":"article","og_title":"Hundestrand Binz - nymphe strandhotels &amp; apartments","og_description":"Hundestr\u00e4nde in Binz Platz zum herumtollen und schwimmen Binz auf R\u00fcgen bietet mehrere Hundestr\u00e4nde, an denen Ihr Hund frei herumlaufen und im Wasser spielen kann. Wir haben f\u00fcr Sie einige der bekanntesten Hundestr\u00e4nde in Binz zusammengestellt. &nbsp; Hundestrand Binz (ca. 20 Min. Fussweg \u00fcber die Strandpromenade) Der Hundestrand Binz Nord befindet sich n\u00f6rdlich vom Hotel [&hellip;]","og_url":"https:\/\/hotel-nymphe.de\/en\/hundestrand-binz\/","og_site_name":"nymphe strandhotels &amp; apartments","article_modified_time":"2025-03-06T11:40:32+00:00","twitter_card":"summary_large_image","twitter_misc":{"Estimated reading time":"1 minute"},"schema":{"@context":"https:\/\/schema.org","@graph":[{"@type":"WebPage","@id":"https:\/\/hotel-nymphe.de\/hundestrand-binz\/","url":"https:\/\/hotel-nymphe.de\/hundestrand-binz\/","name":"Hundestrand Binz - nymphe strandhotels &amp; apartments","isPartOf":{"@id":"https:\/\/hotel-nymphe.de\/#website"},"datePublished":"2023-07-26T12:52:14+00:00","dateModified":"2025-03-06T11:40:32+00:00","breadcrumb":{"@id":"https:\/\/hotel-nymphe.de\/hundestrand-binz\/#breadcrumb"},"inLanguage":"en-GB","potentialAction":[{"@type":"ReadAction","target":["https:\/\/hotel-nymphe.de\/hundestrand-binz\/"]}]},{"@type":"BreadcrumbList","@id":"https:\/\/hotel-nymphe.de\/hundestrand-binz\/#breadcrumb","itemListElement":[{"@type":"ListItem","position":1,"name":"Startseite","item":"https:\/\/hotel-nymphe.de\/"},{"@type":"ListItem","position":2,"name":"Hundestrand Binz"}]},{"@type":"WebSite","@id":"https:\/\/hotel-nymphe.de\/#website","url":"https:\/\/hotel-nymphe.de\/","name":"nymphe strandhotels &amp; apartments","description":"","publisher":{"@id":"https:\/\/hotel-nymphe.de\/#organization"},"potentialAction":[{"@type":"SearchAction","target":{"@type":"EntryPoint","urlTemplate":"https:\/\/hotel-nymphe.de\/?s={search_term_string}"},"query-input":{"@type":"PropertyValueSpecification","valueRequired":true,"valueName":"search_term_string"}}],"inLanguage":"en-GB"},{"@type":"Organization","@id":"https:\/\/hotel-nymphe.de\/#organization","name":"nymphe strandhotels &amp; apartments","url":"https:\/\/hotel-nymphe.de\/","logo":{"@type":"ImageObject","inLanguage":"en-GB","@id":"https:\/\/hotel-nymphe.de\/#\/schema\/logo\/image\/","url":"https:\/\/hotel-nymphe.de\/wp-content\/uploads\/2022\/12\/cropped-logo_nymphe_frei.png","contentUrl":"https:\/\/hotel-nymphe.de\/wp-content\/uploads\/2022\/12\/cropped-logo_nymphe_frei.png","width":240,"height":85,"caption":"nymphe strandhotels &amp; apartments"},"image":{"@id":"https:\/\/hotel-nymphe.de\/#\/schema\/logo\/image\/"}}]}},"_links":{"self":[{"href":"https:\/\/hotel-nymphe.de\/en\/wp-json\/wp\/v2\/pages\/1095","targetHints":{"allow":["GET"]}}],"collection":[{"href":"https:\/\/hotel-nymphe.de\/en\/wp-json\/wp\/v2\/pages"}],"about":[{"href":"https:\/\/hotel-nymphe.de\/en\/wp-json\/wp\/v2\/types\/page"}],"author":[{"embeddable":true,"href":"https:\/\/hotel-nymphe.de\/en\/wp-json\/wp\/v2\/users\/1"}],"replies":[{"embeddable":true,"href":"https:\/\/hotel-nymphe.de\/en\/wp-json\/wp\/v2\/comments?post=1095"}],"version-history":[{"count":16,"href":"https:\/\/hotel-nymphe.de\/en\/wp-json\/wp\/v2\/pages\/1095\/revisions"}],"predecessor-version":[{"id":1541,"href":"https:\/\/hotel-nymphe.de\/en\/wp-json\/wp\/v2\/pages\/1095\/revisions\/1541"}],"wp:attachment":[{"href":"https:\/\/hotel-nymphe.de\/en\/wp-json\/wp\/v2\/media?parent=1095"}],"curies":[{"name":"wp","href":"https:\/\/api.w.org\/{rel}","templated":true}]}}